{"id":7574,"date":"2022-06-27T08:05:09","date_gmt":"2022-06-27T00:05:09","guid":{"rendered":"https:\/\/sellersunionagent.com\/?post_type=product&#038;p=7574"},"modified":"2022-08-31T14:19:52","modified_gmt":"2022-08-31T06:19:52","slug":"bolsa-de-viagem-dobravel-com-grande-capacidade-de-armazenamento-em-tecido","status":"publish","type":"product","link":"https:\/\/www.sellersunionagent.com\/pt\/foldable-large-capacity-cloth-storage-travel-duffel-bag\/","title":{"rendered":"Bolsa de viagem dobr\u00e1vel de pano de grande capacidade para armazenamento"},"content":{"rendered":"<h2>Bolsa de viagem dobr\u00e1vel de pano de grande capacidade para armazenamento<\/h2>\n<p><strong>Tipo<\/strong>: Bolsa de viagem<\/p>\n<p><strong>Tamanho do item<\/strong>: S:50*35*20cm\/M:60*40*24cm\/L:60*50*28cm<\/p>\n<p>&nbsp;<\/p>\n<p>&nbsp;<\/p>\n<p>\u3010Perfect Travel Duffle\u3011: Temos o prazer de compartilhar com voc\u00ea a bolsa de viagem Sucipi. Essa bolsa de fim de semana foi cuidadosamente projetada com um compartimento principal de grande capacidade, 2 bolsos internos com z\u00edper e 3 bolsos deslizantes para guardar todos os seus itens essenciais para uma viagem de fim de semana, al\u00e9m de manter suas roupas, sapatos, copos e dispositivos eletr\u00f4nicos organizados. Conhe\u00e7a a Sucipi, a bolsa de lona perfeita para uma escapada de fim de semana.<br \/>\n\u3010Bom acabamento e 3 formas de transporte\u3011: Feita de um tecido leve com lona macia e resistente \u00e0 \u00e1gua, essa bolsa estilo weekender tem grande tenacidade e sensa\u00e7\u00e3o de conforto ao manuse\u00e1-la. \u00c9 f\u00e1cil de carregar pelas al\u00e7as superiores, pendurar no ombro com a al\u00e7a acolchoada remov\u00edvel ou cruzar o corpo.<br \/>\n\u3010Multifuncionalidade e servi\u00e7o superior\u3011: A bolsa tote bo\u00eamia da moda pode ser uma \u00f3tima ideia de presente para esposa, homens e mulheres. Tamb\u00e9m pode ser usada para f\u00e9rias com a fam\u00edlia, viagens de fim de semana, pernoite, ocasi\u00f5es especiais, neg\u00f3cios, viagens, esportes, avi\u00e3o, bolsa de hospital para a mam\u00e3e.<\/p>\n<p><img fetchpriority=\"high\" decoding=\"async\" class=\"aligncenter wp-image-7634 size-full\" src=\"https:\/\/www.sellersunionagent.com\/wp-content\/uploads\/2022\/06\/foldable-large-capacity-cloth-storage-travel-duffel-bag-4.jpg\" alt=\"bolsa de lona\" width=\"800\" height=\"800\" \/><img decoding=\"async\" class=\"aligncenter wp-image-7629 size-full\" src=\"https:\/\/www.sellersunionagent.com\/wp-content\/uploads\/2022\/06\/foldable-large-capacity-cloth-storage-travel-duffel-bag-9.jpg\" alt=\"bolsa de lona\" width=\"800\" height=\"800\" \/><img decoding=\"async\" class=\"aligncenter wp-image-7630 size-full\" src=\"https:\/\/www.sellersunionagent.com\/wp-content\/uploads\/2022\/06\/foldable-large-capacity-cloth-storage-travel-duffel-bag-8.jpg\" alt=\"bolsa de lona\" width=\"800\" height=\"800\" \/><img loading=\"lazy\" decoding=\"async\" class=\"aligncenter wp-image-7631 size-full\" src=\"https:\/\/www.sellersunionagent.com\/wp-content\/uploads\/2022\/06\/foldable-large-capacity-cloth-storage-travel-duffel-bag-7.jpg\" alt=\"bolsa de lona\" width=\"800\" height=\"800\" \/><img loading=\"lazy\" decoding=\"async\" class=\"aligncenter wp-image-7632 size-full\" src=\"https:\/\/www.sellersunionagent.com\/wp-content\/uploads\/2022\/06\/foldable-large-capacity-cloth-storage-travel-duffel-bag-6.jpg\" alt=\"bolsa de lona\" width=\"800\" height=\"800\" \/><img loading=\"lazy\" decoding=\"async\" class=\"aligncenter wp-image-7633 size-full\" src=\"https:\/\/www.sellersunionagent.com\/wp-content\/uploads\/2022\/06\/foldable-large-capacity-cloth-storage-travel-duffel-bag-5.jpg\" alt=\"bolsa de lona\" width=\"800\" height=\"800\" \/><img loading=\"lazy\" decoding=\"async\" class=\"aligncenter wp-image-7638\" src=\"https:\/\/www.sellersunionagent.com\/wp-content\/uploads\/2022\/06\/foldable-large-capacity-cloth-storage-travel-duffel-bag.jpg\" alt=\"bolsa de lona\" width=\"790\" height=\"990\" \/><\/p>","protected":false},"excerpt":{"rendered":"<p><strong>MOQ: <\/strong>50 (flex\u00edvel)<br \/>\n<strong>Amostra gr\u00e1tis:<\/strong> Com suporte<br \/>\n<strong>Personaliza\u00e7\u00e3o:<\/strong> logotipo \/ cor \/ materiais \/ embalagem etc.<br \/>\n<strong>Desconto:<\/strong> Primeiros pedidos com desconto de at\u00e9 10%.<br \/>\n<strong>Taxa de entrega no prazo:<\/strong> 100%<br \/>\n<strong>Total de remessas:<\/strong> 100000PCS<br \/>\n<strong>Envio:<\/strong> Suporte expresso - frete mar\u00edtimo - frete terrestre<\/p>\n<p>&nbsp;<\/p>\n<p>&nbsp;<\/p>\n<p>Como um fornecedor de sacolas de lona de venda quente na China, temos mais de 20 anos de experi\u00eancia e estamos comprometidos em fornecer produtos de armazenamento de alta qualidade a pre\u00e7os competitivos. Exportamos produtos da moda, de alta qualidade e bom pre\u00e7o, oferecemos suporte \u00e0 personaliza\u00e7\u00e3o OEM e ODM e fornecemos a voc\u00ea um servi\u00e7o profissional completo.<\/p>","protected":false},"featured_media":7637,"comment_status":"open","ping_status":"closed","template":"","meta":{"_acf_changed":false},"product_brand":[],"product_cat":[31,186],"product_tag":[106,174,48],"class_list":{"0":"post-7574","1":"product","2":"type-product","3":"status-publish","4":"has-post-thumbnail","6":"product_cat-home-storage","7":"product_cat-living-room","8":"product_tag-duffel-bag","9":"product_tag-home-storage-hot","10":"product_tag-large-capacity","12":"first","13":"instock","14":"shipping-taxable","15":"product-type-simple","16":"swiper-slide"},"acf":[],"_links":{"self":[{"href":"https:\/\/www.sellersunionagent.com\/pt\/wp-json\/wp\/v2\/product\/7574","targetHints":{"allow":["GET"]}}],"collection":[{"href":"https:\/\/www.sellersunionagent.com\/pt\/wp-json\/wp\/v2\/product"}],"about":[{"href":"https:\/\/www.sellersunionagent.com\/pt\/wp-json\/wp\/v2\/types\/product"}],"replies":[{"embeddable":true,"href":"https:\/\/www.sellersunionagent.com\/pt\/wp-json\/wp\/v2\/comments?post=7574"}],"wp:featuredmedia":[{"embeddable":true,"href":"https:\/\/www.sellersunionagent.com\/pt\/wp-json\/wp\/v2\/media\/7637"}],"wp:attachment":[{"href":"https:\/\/www.sellersunionagent.com\/pt\/wp-json\/wp\/v2\/media?parent=7574"}],"wp:term":[{"taxonomy":"product_brand","embeddable":true,"href":"https:\/\/www.sellersunionagent.com\/pt\/wp-json\/wp\/v2\/product_brand?post=7574"},{"taxonomy":"product_cat","embeddable":true,"href":"https:\/\/www.sellersunionagent.com\/pt\/wp-json\/wp\/v2\/product_cat?post=7574"},{"taxonomy":"product_tag","embeddable":true,"href":"https:\/\/www.sellersunionagent.com\/pt\/wp-json\/wp\/v2\/product_tag?post=7574"}],"curies":[{"name":"wp","href":"https:\/\/api.w.org\/{rel}","templated":true}]}}