{"id":7557,"date":"2022-06-27T02:18:02","date_gmt":"2022-06-26T18:18:02","guid":{"rendered":"https:\/\/sellersunionagent.com\/?post_type=product&#038;p=7557"},"modified":"2022-08-31T14:20:51","modified_gmt":"2022-08-31T06:20:51","slug":"exportador-de-sacos-de-armazenamento-para-prateleiras-de-armarios-suspensos-multiuso","status":"publish","type":"product","link":"https:\/\/www.sellersunionagent.com\/pt\/multipurpose-hanging-closet-shelf-storage-bag-exporter\/","title":{"rendered":"Exportador de sacos de armazenamento para prateleiras de arm\u00e1rios suspensos multiuso"},"content":{"rendered":"<h2><strong>Exportador de sacos de armazenamento para prateleiras de arm\u00e1rios suspensos multiuso<\/strong><\/h2>\n<p>Grande economia de espa\u00e7o: As prateleiras de armazenamento podem ser penduradas na cozinha, no escrit\u00f3rio e tamb\u00e9m podem ser penduradas no guarda-roupa ou no varal. Al\u00e9m de deixar o c\u00f4modo com uma apar\u00eancia arrumada e limpa, tamb\u00e9m cria um espa\u00e7o de armazenamento adicional para coletar diversos artigos dom\u00e9sticos, sendo f\u00e1cil de usar e economizando espa\u00e7o.<\/p>\n<p>&nbsp;<\/p>\n<p>Apar\u00eancia requintada: Nosso organizador suspenso tem um visual elegante, com apar\u00eancia simples e cores brilhantes, n\u00e3o apenas um organizador dom\u00e9stico, mas tamb\u00e9m uma decora\u00e7\u00e3o para sua casa.<\/p>\n<p>&nbsp;<\/p>\n<p>Organize com estilo: Projetado com 3 bolsos para armazenar diferentes itens leves, como telefone celular, controles remotos, \u00f3culos, joias, chapinha, meias, carregadores, correspond\u00eancia, contas, chaves e outros itens pequenos que sempre se perdem por a\u00ed.<\/p>\n<p>&nbsp;<\/p>\n<p>&nbsp;<\/p>\n<p>Conte\u00fado do pacote: 3 ou 7 pacotes de organizador suspenso para arm\u00e1rios de parede, 3 ganchos individuais. Classifique e organize pequenos objetos, crie um c\u00f4modo limpo e arrumado e adicione cor \u00e0 sua vida cotidiana.<\/p>\n<p><img fetchpriority=\"high\" decoding=\"async\" class=\"alignnone size-medium wp-image-7560\" src=\"https:\/\/www.sellersunionagent.com\/wp-content\/uploads\/2022\/06\/multipurpose-hanging-closet-shelf-storage-bag-exporter13-300x300.jpg\" alt=\"exportador de sacos de armazenamento\" width=\"300\" height=\"300\" \/> <img decoding=\"async\" class=\"alignnone size-medium wp-image-7561\" src=\"https:\/\/www.sellersunionagent.com\/wp-content\/uploads\/2022\/06\/multipurpose-hanging-closet-shelf-storage-bag-exporter-12-300x300.jpg\" alt=\"exportador de sacos de armazenamento\" width=\"300\" height=\"300\" \/> <img decoding=\"async\" class=\"size-medium wp-image-7562 alignnone\" src=\"https:\/\/www.sellersunionagent.com\/wp-content\/uploads\/2022\/06\/multipurpose-hanging-closet-shelf-storage-bag-exporter-11-300x300.jpg\" alt=\"exportador de sacos de armazenamento\" width=\"300\" height=\"300\" \/> <img loading=\"lazy\" decoding=\"async\" class=\"alignnone size-medium wp-image-7563\" src=\"https:\/\/www.sellersunionagent.com\/wp-content\/uploads\/2022\/06\/multipurpose-hanging-closet-shelf-storage-bag-exporter-10-300x300.jpg\" alt=\"exportador de sacos de armazenamento\" width=\"300\" height=\"300\" \/> <img loading=\"lazy\" decoding=\"async\" class=\"alignnone size-medium wp-image-7564\" src=\"https:\/\/www.sellersunionagent.com\/wp-content\/uploads\/2022\/06\/multipurpose-hanging-closet-shelf-storage-bag-exporter-9-300x300.jpg\" alt=\"exportador de sacos de armazenamento\" width=\"300\" height=\"300\" \/> <img loading=\"lazy\" decoding=\"async\" class=\"alignnone size-medium wp-image-7565\" src=\"https:\/\/www.sellersunionagent.com\/wp-content\/uploads\/2022\/06\/multipurpose-hanging-closet-shelf-storage-bag-exporter-8-300x300.jpg\" alt=\"exportador de sacos de armazenamento\" width=\"300\" height=\"300\" \/> <img loading=\"lazy\" decoding=\"async\" class=\"alignnone size-medium wp-image-7566\" src=\"https:\/\/www.sellersunionagent.com\/wp-content\/uploads\/2022\/06\/multipurpose-hanging-closet-shelf-storage-bag-exporter-7-300x300.jpg\" alt=\"exportador de sacos de armazenamento\" width=\"300\" height=\"300\" \/> <img loading=\"lazy\" decoding=\"async\" class=\"alignnone size-medium wp-image-7567\" src=\"https:\/\/www.sellersunionagent.com\/wp-content\/uploads\/2022\/06\/591656266803_.pic_-300x300.jpg\" alt=\"exportador de sacos de armazenamento\" width=\"300\" height=\"300\" \/> <img loading=\"lazy\" decoding=\"async\" class=\"aligncenter wp-image-7570 size-full\" src=\"https:\/\/www.sellersunionagent.com\/wp-content\/uploads\/2022\/06\/multipurpose-hanging-closet-shelf-storage-bag-exporter-3.jpg\" alt=\"exportador de sacos de armazenamento\" width=\"750\" height=\"841\" \/> <img loading=\"lazy\" decoding=\"async\" class=\"aligncenter wp-image-7569 size-full\" src=\"https:\/\/www.sellersunionagent.com\/wp-content\/uploads\/2022\/06\/multipurpose-hanging-closet-shelf-storage-bag-exporter-4.jpg\" alt=\"exportador de sacos de armazenamento\" width=\"750\" height=\"727\" \/> <img loading=\"lazy\" decoding=\"async\" class=\"aligncenter wp-image-7568 size-full\" src=\"https:\/\/www.sellersunionagent.com\/wp-content\/uploads\/2022\/06\/multipurpose-hanging-closet-shelf-storage-bag-exporter-5.jpg\" alt=\"exportador de sacos de armazenamento\" width=\"800\" height=\"800\" \/> <img loading=\"lazy\" decoding=\"async\" class=\"aligncenter wp-image-7571 size-full\" src=\"https:\/\/www.sellersunionagent.com\/wp-content\/uploads\/2022\/06\/multipurpose-hanging-closet-shelf-storage-bag-exporter-2.jpg\" alt=\"exportador de sacos de armazenamento\" width=\"750\" height=\"762\" \/><\/p>","protected":false},"excerpt":{"rendered":"<p><strong>Tipo<\/strong>: Bolsa de armazenamento<\/p>\n<p><strong>Tamanho do item<\/strong>: 34*54cm<\/p>\n<p><strong>Peso do item<\/strong>: 120g<br \/>\n<strong>Capacidade de fornecimento<\/strong>: 50000 pe\u00e7as\/pe\u00e7as por m\u00eas<br \/>\n<strong>MOQ<\/strong>: 50pcs<\/p>\n<p>Como exportadores de sacos de armazenamento de venda quente na China, temos mais de 20 anos de experi\u00eancia e estamos comprometidos em fornecer produtos de armazenamento de alta qualidade a pre\u00e7os competitivos. Exportamos produtos da moda, de alta qualidade e bom pre\u00e7o, oferecemos suporte \u00e0 personaliza\u00e7\u00e3o OEM e ODM e fornecemos a voc\u00ea um servi\u00e7o profissional completo.<\/p>","protected":false},"featured_media":7558,"comment_status":"open","ping_status":"closed","template":"","meta":{"_acf_changed":false},"product_brand":[],"product_cat":[31,186],"product_tag":[],"class_list":{"0":"post-7557","1":"product","2":"type-product","3":"status-publish","4":"has-post-thumbnail","6":"product_cat-home-storage","7":"product_cat-living-room","9":"first","10":"instock","11":"shipping-taxable","12":"product-type-simple","13":"swiper-slide"},"acf":[],"_links":{"self":[{"href":"https:\/\/www.sellersunionagent.com\/pt\/wp-json\/wp\/v2\/product\/7557","targetHints":{"allow":["GET"]}}],"collection":[{"href":"https:\/\/www.sellersunionagent.com\/pt\/wp-json\/wp\/v2\/product"}],"about":[{"href":"https:\/\/www.sellersunionagent.com\/pt\/wp-json\/wp\/v2\/types\/product"}],"replies":[{"embeddable":true,"href":"https:\/\/www.sellersunionagent.com\/pt\/wp-json\/wp\/v2\/comments?post=7557"}],"wp:featuredmedia":[{"embeddable":true,"href":"https:\/\/www.sellersunionagent.com\/pt\/wp-json\/wp\/v2\/media\/7558"}],"wp:attachment":[{"href":"https:\/\/www.sellersunionagent.com\/pt\/wp-json\/wp\/v2\/media?parent=7557"}],"wp:term":[{"taxonomy":"product_brand","embeddable":true,"href":"https:\/\/www.sellersunionagent.com\/pt\/wp-json\/wp\/v2\/product_brand?post=7557"},{"taxonomy":"product_cat","embeddable":true,"href":"https:\/\/www.sellersunionagent.com\/pt\/wp-json\/wp\/v2\/product_cat?post=7557"},{"taxonomy":"product_tag","embeddable":true,"href":"https:\/\/www.sellersunionagent.com\/pt\/wp-json\/wp\/v2\/product_tag?post=7557"}],"curies":[{"name":"wp","href":"https:\/\/api.w.org\/{rel}","templated":true}]}}