{"id":7549,"date":"2022-06-27T01:55:08","date_gmt":"2022-06-26T17:55:08","guid":{"rendered":"https:\/\/sellersunionagent.com\/?post_type=product&#038;p=7549"},"modified":"2022-08-31T14:21:02","modified_gmt":"2022-08-31T06:21:02","slug":"saco-leve-para-pendurar-roupas-para-guardar-roupas-no-armario","status":"publish","type":"product","link":"https:\/\/www.sellersunionagent.com\/pt\/lightweight-hanging-garment-bag-for-closet-clothes-storage\/","title":{"rendered":"Saco leve para pendurar roupas para guardar roupas no arm\u00e1rio"},"content":{"rendered":"<h2>Saco leve para pendurar roupas para guardar roupas no arm\u00e1rio<\/h2>\n<ul>\n<li>V\u00e1rios tamanhos: Problema grande\/m\u00e9dio\/pequeno<\/li>\n<li>Material seguro: Material de peva selecionado, ecologicamente correto.<\/li>\n<li>Coleta de rede: Design com v\u00e1rios sacos, boa permeabilidade ao ar, armazenamento de classifica\u00e7\u00e3o<\/li>\n<li>Abertura superior: Design de abertura pequena para reduzir a entrada de poeira. Os cabides saem facilmente, adequados para todos os tipos de cabides.<\/li>\n<li><img fetchpriority=\"high\" decoding=\"async\" class=\"aligncenter wp-image-7553 size-full\" src=\"https:\/\/www.sellersunionagent.com\/wp-content\/uploads\/2022\/06\/lightweight-hanging-garment-bag-3.jpg\" alt=\"Armazenamento de roupas\" width=\"800\" height=\"800\" \/><img decoding=\"async\" class=\"aligncenter wp-image-7552 size-full\" src=\"https:\/\/www.sellersunionagent.com\/wp-content\/uploads\/2022\/06\/lightweight-hanging-garment-bag-4.jpg\" alt=\"Armazenamento de roupas\" width=\"800\" height=\"800\" \/><img decoding=\"async\" class=\"aligncenter wp-image-7554 size-full\" src=\"https:\/\/www.sellersunionagent.com\/wp-content\/uploads\/2022\/06\/lightweight-hanging-garment-bag-2.jpg\" alt=\"Armazenamento de roupas\" width=\"750\" height=\"1083\" \/><img loading=\"lazy\" decoding=\"async\" class=\"aligncenter wp-image-7551 size-full\" src=\"https:\/\/www.sellersunionagent.com\/wp-content\/uploads\/2022\/06\/lightweight-hanging-garment-bag-5.jpg\" alt=\"Armazenamento de roupas\" width=\"800\" height=\"800\" \/><\/li>\n<\/ul>","protected":false},"excerpt":{"rendered":"<p>Tipo: Saco de armazenamento suspenso<br \/>\nTamanho do item: 60*120cm\/60*100cm\/60*80cm<\/p>\n<p>Peso: 156 g \/ 138 g \/ 120 g<br \/>\nCores: Cinza, branco, folha branca, menina branca, leque branco<br \/>\nMaterial: N\u00e3o tecido + EVA bolsa colorida para capa de terno<\/p>\n<p>&nbsp;<\/p>\n<p>&nbsp;<\/p>","protected":false},"featured_media":7553,"comment_status":"open","ping_status":"closed","template":"","meta":{"_acf_changed":false},"product_brand":[],"product_cat":[187,31],"product_tag":[104,54],"class_list":{"0":"post-7549","1":"product","2":"type-product","3":"status-publish","4":"has-post-thumbnail","6":"product_cat-bedroom","7":"product_cat-home-storage","8":"product_tag-closet-clothes-storage","9":"product_tag-lightweight","11":"first","12":"instock","13":"shipping-taxable","14":"product-type-simple","15":"swiper-slide"},"acf":[],"_links":{"self":[{"href":"https:\/\/www.sellersunionagent.com\/pt\/wp-json\/wp\/v2\/product\/7549","targetHints":{"allow":["GET"]}}],"collection":[{"href":"https:\/\/www.sellersunionagent.com\/pt\/wp-json\/wp\/v2\/product"}],"about":[{"href":"https:\/\/www.sellersunionagent.com\/pt\/wp-json\/wp\/v2\/types\/product"}],"replies":[{"embeddable":true,"href":"https:\/\/www.sellersunionagent.com\/pt\/wp-json\/wp\/v2\/comments?post=7549"}],"wp:featuredmedia":[{"embeddable":true,"href":"https:\/\/www.sellersunionagent.com\/pt\/wp-json\/wp\/v2\/media\/7553"}],"wp:attachment":[{"href":"https:\/\/www.sellersunionagent.com\/pt\/wp-json\/wp\/v2\/media?parent=7549"}],"wp:term":[{"taxonomy":"product_brand","embeddable":true,"href":"https:\/\/www.sellersunionagent.com\/pt\/wp-json\/wp\/v2\/product_brand?post=7549"},{"taxonomy":"product_cat","embeddable":true,"href":"https:\/\/www.sellersunionagent.com\/pt\/wp-json\/wp\/v2\/product_cat?post=7549"},{"taxonomy":"product_tag","embeddable":true,"href":"https:\/\/www.sellersunionagent.com\/pt\/wp-json\/wp\/v2\/product_tag?post=7549"}],"curies":[{"name":"wp","href":"https:\/\/api.w.org\/{rel}","templated":true}]}}