{"id":7527,"date":"2022-06-27T01:25:00","date_gmt":"2022-06-26T17:25:00","guid":{"rendered":"https:\/\/sellersunionagent.com\/?post_type=product&#038;p=7527"},"modified":"2022-08-31T14:21:15","modified_gmt":"2022-08-31T06:21:15","slug":"conjunto-de-bolsa-organizadora-de-viagem-4-em-1-a-prova-dagua","status":"publish","type":"product","link":"https:\/\/www.sellersunionagent.com\/pt\/4-in-1-waterproof-travel-organizer-bag-set\/","title":{"rendered":"Conjunto de bolsa organizadora de viagem 4 em 1 \u00e0 prova d'\u00e1gua"},"content":{"rendered":"<h2>Conjunto de bolsa organizadora de viagem 4 em 1 \u00e0 prova d'\u00e1gua<\/h2>\n<p><strong>Tipo<\/strong>: Conjunto de bolsas organizadoras de viagem<\/p>\n<p><strong>Tamanho do item<\/strong>: 38*38*2c m<\/p>\n<dl class=\"do-entry-item\">\n<dd class=\"do-entry-item-val\" data-spm-anchor-id=\"a2700.wholesale.0.i27.17953674s07IjM\"><\/dd>\n<\/dl>\n<p><strong>Cores<\/strong>: Cinza, rosa, azul-marinho, verde, preto<\/p>\n<p><strong>Material: <\/strong>Poli\u00e9ster<\/p>\n<p>&nbsp;<\/p>\n<p><strong>MOQ: <\/strong>500 (flex\u00edvel)<br \/>\n<strong>Amostra gr\u00e1tis:<\/strong> Com suporte<br \/>\n<strong>Personaliza\u00e7\u00e3o:<\/strong> logotipo \/ cor \/ materiais \/ embalagem etc.<br \/>\n<strong>Desconto:<\/strong> Primeiros pedidos com desconto de at\u00e9 10%.<br \/>\n<strong>Taxa de entrega no prazo:<\/strong> 100%<br \/>\n<strong>Total de remessas:<\/strong> 100000PCS<br \/>\n<strong>Envio:<\/strong> Suporte expresso - frete mar\u00edtimo - frete terrestre<\/p>\n<ul>\n<li>\u00c0 prova d'\u00e1gua<\/li>\n<li>Grande capacidade<\/li>\n<li>PVC transparente<\/li>\n<li>F\u00e1cil de transportar<\/li>\n<li>Cores da moda<\/li>\n<li><img fetchpriority=\"high\" decoding=\"async\" class=\"aligncenter wp-image-7539 size-full\" src=\"https:\/\/www.sellersunionagent.com\/wp-content\/uploads\/2022\/06\/waterproof-travel-organizer-bag-set-8.jpg\" alt=\"Conjunto de bolsas 4 em 1\" width=\"779\" height=\"890\" \/><img decoding=\"async\" class=\"aligncenter wp-image-7540 size-full\" src=\"https:\/\/www.sellersunionagent.com\/wp-content\/uploads\/2022\/06\/waterproof-travel-organizer-bag-set-7.jpg\" alt=\"Conjunto de bolsas 4 em 1\" width=\"790\" height=\"960\" \/><img decoding=\"async\" class=\"aligncenter wp-image-7541 size-full\" src=\"https:\/\/www.sellersunionagent.com\/wp-content\/uploads\/2022\/06\/waterproof-travel-organizer-bag-set-6.jpg\" alt=\"Conjunto de bolsas 4 em 1\" width=\"789\" height=\"872\" \/><img loading=\"lazy\" decoding=\"async\" class=\"aligncenter wp-image-7542 size-full\" src=\"https:\/\/www.sellersunionagent.com\/wp-content\/uploads\/2022\/06\/waterproof-travel-organizer-bag-set-5.jpg\" alt=\"Conjunto de bolsas 4 em 1\" width=\"786\" height=\"866\" \/><img loading=\"lazy\" decoding=\"async\" class=\"aligncenter wp-image-7543 size-full\" src=\"https:\/\/www.sellersunionagent.com\/wp-content\/uploads\/2022\/06\/waterproof-travel-organizer-bag-set-4.jpg\" alt=\"Conjunto de bolsas 4 em 1\" width=\"786\" height=\"866\" \/><img loading=\"lazy\" decoding=\"async\" class=\"aligncenter wp-image-7544 size-full\" src=\"https:\/\/www.sellersunionagent.com\/wp-content\/uploads\/2022\/06\/waterproof-travel-organizer-bag-set-3.jpg\" alt=\"Conjunto de bolsas 4 em 1\" width=\"789\" height=\"1257\" \/><img loading=\"lazy\" decoding=\"async\" class=\"aligncenter wp-image-7545 size-full\" src=\"https:\/\/www.sellersunionagent.com\/wp-content\/uploads\/2022\/06\/waterproof-travel-organizer-bag-set-2.jpg\" alt=\"Conjunto de bolsas 4 em 1\" width=\"791\" height=\"945\" \/><img loading=\"lazy\" decoding=\"async\" class=\"aligncenter wp-image-7546 size-full\" src=\"https:\/\/www.sellersunionagent.com\/wp-content\/uploads\/2022\/06\/waterproof-travel-organizer-bag-set-1.jpg\" alt=\"Conjunto de bolsas 4 em 1\" width=\"791\" height=\"867\" \/><img loading=\"lazy\" decoding=\"async\" class=\"aligncenter wp-image-7547 size-full\" src=\"https:\/\/www.sellersunionagent.com\/wp-content\/uploads\/2022\/06\/waterproof-travel-organizer-bag-set.jpg\" alt=\"Conjunto de bolsas 4 em 1\" width=\"789\" height=\"704\" \/><\/li>\n<\/ul>\n<p>&nbsp;<\/p>","protected":false},"excerpt":{"rendered":"<p><strong>MOQ: <\/strong>100 (flex\u00edvel)<br \/>\n<strong>Amostra gr\u00e1tis:<\/strong> Com suporte<br \/>\n<strong>Personaliza\u00e7\u00e3o:<\/strong> logotipo \/ cor \/ materiais \/ embalagem etc.<br \/>\n<strong>Desconto:<\/strong> Primeiros pedidos com desconto de at\u00e9 10%.<br \/>\n<strong>Taxa de entrega no prazo:<\/strong> 100%<br \/>\n<strong>Total de remessas:<\/strong> 100000PCS<br \/>\n<strong>Envio:<\/strong> Suporte expresso - frete mar\u00edtimo - frete terrestre<\/p>\n<p>&nbsp;<\/p>","protected":false},"featured_media":7528,"comment_status":"open","ping_status":"closed","template":"","meta":{"_acf_changed":false},"product_brand":[],"product_cat":[187,31],"product_tag":[102,100],"class_list":{"0":"post-7527","1":"product","2":"type-product","3":"status-publish","4":"has-post-thumbnail","6":"product_cat-bedroom","7":"product_cat-home-storage","8":"product_tag-organizer-bag-set","9":"product_tag-waterproof","11":"first","12":"instock","13":"shipping-taxable","14":"product-type-simple","15":"swiper-slide"},"acf":[],"_links":{"self":[{"href":"https:\/\/www.sellersunionagent.com\/pt\/wp-json\/wp\/v2\/product\/7527","targetHints":{"allow":["GET"]}}],"collection":[{"href":"https:\/\/www.sellersunionagent.com\/pt\/wp-json\/wp\/v2\/product"}],"about":[{"href":"https:\/\/www.sellersunionagent.com\/pt\/wp-json\/wp\/v2\/types\/product"}],"replies":[{"embeddable":true,"href":"https:\/\/www.sellersunionagent.com\/pt\/wp-json\/wp\/v2\/comments?post=7527"}],"wp:featuredmedia":[{"embeddable":true,"href":"https:\/\/www.sellersunionagent.com\/pt\/wp-json\/wp\/v2\/media\/7528"}],"wp:attachment":[{"href":"https:\/\/www.sellersunionagent.com\/pt\/wp-json\/wp\/v2\/media?parent=7527"}],"wp:term":[{"taxonomy":"product_brand","embeddable":true,"href":"https:\/\/www.sellersunionagent.com\/pt\/wp-json\/wp\/v2\/product_brand?post=7527"},{"taxonomy":"product_cat","embeddable":true,"href":"https:\/\/www.sellersunionagent.com\/pt\/wp-json\/wp\/v2\/product_cat?post=7527"},{"taxonomy":"product_tag","embeddable":true,"href":"https:\/\/www.sellersunionagent.com\/pt\/wp-json\/wp\/v2\/product_tag?post=7527"}],"curies":[{"name":"wp","href":"https:\/\/api.w.org\/{rel}","templated":true}]}}