{"id":7517,"date":"2022-06-27T00:26:51","date_gmt":"2022-06-26T16:26:51","guid":{"rendered":"https:\/\/sellersunionagent.com\/?post_type=product&#038;p=7517"},"modified":"2026-01-06T14:29:43","modified_gmt":"2026-01-06T06:29:43","slug":"organizador-de-estojo-para-cabos-de-viagem-no-atacado-para-todos-os-seus-aparelhos-eletronicos-de-tecnologia","status":"publish","type":"product","link":"https:\/\/www.sellersunionagent.com\/pt\/wholesale-travel-cord-case-organizer-for-all-your-electronic-tech-gadgets\/","title":{"rendered":"Organizador de estojo para cart\u00f5es de viagem no atacado para todos os seus dispositivos eletr\u00f4nicos de tecnologia"},"content":{"rendered":"<h2>Organizador de estojo para cabos de viagem no atacado para todos os seus aparelhos eletr\u00f4nicos de tecnologia<\/h2>\n<p><strong>Tipo<\/strong>: Bolsa para armazenamento de acess\u00f3rios eletr\u00f4nicos<\/p>\n<p><strong>N\u00famero do item<\/strong>: RH918<\/p>\n<p><strong>Tamanho do item<\/strong>: 25*19*2cm<\/p>\n<p><strong>Peso do item<\/strong>: 126g<br \/>\n<b data-spm-anchor-id=\"a2700.wholesale.0.i30.19ef5692iiqQHz\">Cores: <\/b>Marinho, cinza, roxo, preto, azul, vinho<\/p>\n<p><strong>MOQ<\/strong>:  500 pe\u00e7as<br \/>\n<strong>Amostra gr\u00e1tis<\/strong>:  Com suporte<br \/>\n<strong>Personaliza\u00e7\u00e3o<\/strong>: logotipo \/ cor \/ materiais \/ embalagem etc.<br \/>\n<strong>Desconto<\/strong>:  Primeiros pedidos a partir de 10% de desconto.<br \/>\n<strong>Taxa de entrega no prazo<\/strong>:\u00a0 100%<br \/>\n<strong>Total de remessas<\/strong>:  10000 pe\u00e7as<br \/>\n<strong>Remessa<\/strong>: Suporte expresso - frete mar\u00edtimo - frete terrestre<\/p>\n<p>&nbsp;<\/p>\n<p>IMPERME\u00c1VEL: A bolsa port\u00e1til organizadora de cabos para viagem \u00e9 feita de tecido de poli\u00e9ster dur\u00e1vel e repelente \u00e0 \u00e1gua, protegendo seu item de arranh\u00f5es, poeira e quedas acidentais. Todos os itens em seu interior ficam muito bem protegidos.<\/p>\n<p>&nbsp;<\/p>\n<p>Dimens\u00f5es: O vers\u00e1til organizador de acess\u00f3rios eletr\u00f4nicos cabe facilmente em qualquer mochila, bolsa, pasta ou mala de viagem. Leve, f\u00e1cil de transportar, \u00f3timo parceiro para o seu disco r\u00edgido em viagens ou no escrit\u00f3rio.<\/p>\n<p>&nbsp;<\/p>\n<p>BOLSA ORGANIZADORA DE ELETR\u00d4NICOS: cabos, baterias, cabo USB, canetas, fones de ouvido, cart\u00f5es SD, adaptadores el\u00e9tricos etc. Essa bolsa para cabos eletr\u00f4nicos o ajudar\u00e1 a manter todos os seus acess\u00f3rios eletr\u00f4nicos e v\u00e1rios cabos juntos.<\/p>\n<p>&nbsp;<\/p>\n<p>LEVE: essa bolsa organizadora de cabos tem v\u00e1rios bolsos de malha, que mant\u00eam seus acess\u00f3rios eletr\u00f4nicos limpos e organizados.<\/p>\n<p>&nbsp;<\/p>\n<p>MELHORES PRESENTES DE VIAGEM: Nosso organizador de eletr\u00f4nicos \u00e9 perfeito para viagens, \u00f3timo organizador para uso no escrit\u00f3rio e em viagens, e mant\u00e9m seus dispositivos importantes ao alcance.<\/p>\n<p><img fetchpriority=\"high\" decoding=\"async\" class=\"aligncenter wp-image-7520\" src=\"https:\/\/www.sellersunionagent.com\/wp-content\/uploads\/2022\/06\/wholesale-travel-card-case-organizer-4.jpg\" alt=\"Atacado\" width=\"600\" height=\"600\" \/><img decoding=\"async\" class=\"aligncenter wp-image-7521\" src=\"https:\/\/www.sellersunionagent.com\/wp-content\/uploads\/2022\/06\/wholesale-travel-card-case-organizer-3.jpg\" alt=\"Atacado\" width=\"600\" height=\"702\" \/><img decoding=\"async\" class=\"aligncenter wp-image-7523\" src=\"https:\/\/www.sellersunionagent.com\/wp-content\/uploads\/2022\/06\/wholesale-travel-card-case-organizer-1.jpg\" alt=\"Atacado\" width=\"600\" height=\"595\" \/><img loading=\"lazy\" decoding=\"async\" class=\"aligncenter wp-image-7522\" src=\"https:\/\/www.sellersunionagent.com\/wp-content\/uploads\/2022\/06\/wholesale-travel-card-case-organizer-2.jpg\" alt=\"Atacado\" width=\"600\" height=\"546\" \/><img loading=\"lazy\" decoding=\"async\" class=\"aligncenter wp-image-7524\" src=\"https:\/\/www.sellersunionagent.com\/wp-content\/uploads\/2022\/06\/wholesale-travel-card-case-organizer.jpg\" alt=\"Atacado\" width=\"600\" height=\"759\" \/><\/p>","protected":false},"excerpt":{"rendered":"<p><strong>MOQ<\/strong>:  500 pe\u00e7as<br \/>\n<strong>Amostra gr\u00e1tis<\/strong>:  Com suporte<br \/>\n<strong>Personaliza\u00e7\u00e3o<\/strong>: logotipo \/ cor \/ materiais \/ embalagem etc.<br \/>\n<strong>Desconto<\/strong>:  Primeiros pedidos a partir de 10% de desconto.<br \/>\n<strong>Taxa de entrega no prazo<\/strong>:\u00a0 100%<br \/>\n<strong>Total de remessas<\/strong>:  10000 pe\u00e7as<br \/>\n<strong>Remessa<\/strong>: Suporte expresso - frete mar\u00edtimo - frete terrestre<\/p>\n<p>&nbsp;<\/p>\n<p>&nbsp;<\/p>\n<p>Desde 1997, iniciamos nossos neg\u00f3cios. Mantemos uma sensibilidade de mercado extremamente alta para as diversas commodities. Somos especializados em itens de armazenamento no atacado, fazemos OEM, ODM e fornecemos um servi\u00e7o completo de compras em um s\u00f3 lugar. Temos o prazer de lhe oferecer os produtos mais populares para ajud\u00e1-lo a expandir seus neg\u00f3cios.<\/p>","protected":false},"featured_media":7518,"comment_status":"open","ping_status":"closed","template":"","meta":{"_acf_changed":false},"product_brand":[],"product_cat":[32],"product_tag":[101,50],"class_list":{"0":"post-7517","1":"product","2":"type-product","3":"status-publish","4":"has-post-thumbnail","6":"product_cat-digital-bag","7":"product_tag-travel-cord-case-organizer","8":"product_tag-wholesale","10":"first","11":"instock","12":"shipping-taxable","13":"purchasable","14":"product-type-simple","15":"swiper-slide"},"acf":[],"_links":{"self":[{"href":"https:\/\/www.sellersunionagent.com\/pt\/wp-json\/wp\/v2\/product\/7517","targetHints":{"allow":["GET"]}}],"collection":[{"href":"https:\/\/www.sellersunionagent.com\/pt\/wp-json\/wp\/v2\/product"}],"about":[{"href":"https:\/\/www.sellersunionagent.com\/pt\/wp-json\/wp\/v2\/types\/product"}],"replies":[{"embeddable":true,"href":"https:\/\/www.sellersunionagent.com\/pt\/wp-json\/wp\/v2\/comments?post=7517"}],"wp:featuredmedia":[{"embeddable":true,"href":"https:\/\/www.sellersunionagent.com\/pt\/wp-json\/wp\/v2\/media\/7518"}],"wp:attachment":[{"href":"https:\/\/www.sellersunionagent.com\/pt\/wp-json\/wp\/v2\/media?parent=7517"}],"wp:term":[{"taxonomy":"product_brand","embeddable":true,"href":"https:\/\/www.sellersunionagent.com\/pt\/wp-json\/wp\/v2\/product_brand?post=7517"},{"taxonomy":"product_cat","embeddable":true,"href":"https:\/\/www.sellersunionagent.com\/pt\/wp-json\/wp\/v2\/product_cat?post=7517"},{"taxonomy":"product_tag","embeddable":true,"href":"https:\/\/www.sellersunionagent.com\/pt\/wp-json\/wp\/v2\/product_tag?post=7517"}],"curies":[{"name":"wp","href":"https:\/\/api.w.org\/{rel}","templated":true}]}}