{"id":7506,"date":"2022-06-27T00:10:56","date_gmt":"2022-06-26T16:10:56","guid":{"rendered":"https:\/\/sellersunionagent.com\/?post_type=product&#038;p=7506"},"modified":"2022-08-01T15:07:02","modified_gmt":"2022-08-01T07:07:02","slug":"fabricante-de-estojo-de-transporte-de-organizador-de-eletronicos-a-prova-dagua-por-atacado-da-china","status":"publish","type":"product","link":"https:\/\/www.sellersunionagent.com\/pt\/wholesale-waterproof-electronics-organizer-carrying-case-maker-from-china\/","title":{"rendered":"Fabricante de estojos de transporte para eletr\u00f4nicos \u00e0 prova d'\u00e1gua no atacado da China"},"content":{"rendered":"<h2>Fabricante de estojos de transporte para eletr\u00f4nicos \u00e0 prova d'\u00e1gua no atacado da China<\/h2>\n<p>Mantenha tudo organizado: A bolsa de armazenamento de eletr\u00f4nicos tem 2 camadas de compartimento interno de nylon com espa\u00e7o suficiente para armazenar seus cabos, unidade USB, celular, carregador, disco r\u00edgido, mini tablet e outros acess\u00f3rios.<\/p>\n<p>&nbsp;<\/p>\n<p>Oferecem excelente prote\u00e7\u00e3o: As capas semi-flex\u00edveis bem acolchoadas oferecem excelente prote\u00e7\u00e3o para seus acess\u00f3rios eletr\u00f4nicos.<br \/>\nOs sacos para produtos eletr\u00f4nicos com superf\u00edcie oxford \u00e0 prova d'\u00e1gua evitam que a \u00e1gua force o rasgo, garantindo a seguran\u00e7a dos seus itens eletr\u00f4nicos.<\/p>\n<p>&nbsp;<\/p>\n<p>Multiuso: a bolsa organizadora n\u00e3o s\u00f3 protege os seus acess\u00f3rios eletr\u00f4nicos, como tamb\u00e9m \u00e9 adequada para guardar canetas, comprimidos e maquiagem. Ideal para uso dom\u00e9stico e tur\u00edstico, com al\u00e7a de m\u00e3o f\u00e1cil de carregar, perfeita para viagens.<\/p>\n<p>&nbsp;<\/p>\n<p>Grande capacidade: Dimens\u00f5es da bolsa de armazenamento de eletr\u00f4nicos: 24,5*18,5*10 cm(9,64\u2033 x7,08\u2033 x 3,93\u2033), o organizador de eletr\u00f4nicos tem espa\u00e7o suficiente para guardar v\u00e1rios itens, como cabos, disco flash, energia, fone de ouvido, mouse, kindle e outros acess\u00f3rios pequenos.<\/p>\n<p>&nbsp;<\/p>\n<p>Material de alta qualidade: A bolsa organizadora de viagem para cabos \u00e9 feita de tecido Cationic 300D resistente, dur\u00e1vel e \u00e0 prova d'\u00e1gua. O interior semiflex\u00edvel e bem acolchoado, com malha \u00e0 prova de poeira e velcro remov\u00edvel, oferece excelente prote\u00e7\u00e3o para seus aparelhos.<\/p>\n<p><img fetchpriority=\"high\" decoding=\"async\" class=\"aligncenter wp-image-7507\" src=\"https:\/\/www.sellersunionagent.com\/wp-content\/uploads\/2022\/06\/wholesale-travel-card-case-organizer-16.jpg\" alt=\"Fabricante por atacado da China\" width=\"600\" height=\"600\" \/><br \/>\n<img decoding=\"async\" class=\"aligncenter wp-image-7512\" src=\"https:\/\/www.sellersunionagent.com\/wp-content\/uploads\/2022\/06\/wholesale-travel-card-case-organizer-11.jpg\" alt=\"Fabricante por atacado da China\" width=\"600\" height=\"600\" \/><img decoding=\"async\" class=\"aligncenter wp-image-7513\" src=\"https:\/\/www.sellersunionagent.com\/wp-content\/uploads\/2022\/06\/wholesale-travel-card-case-organizer-10.jpg\" alt=\"Fabricante por atacado da China\" width=\"600\" height=\"600\" \/><img loading=\"lazy\" decoding=\"async\" class=\"aligncenter wp-image-7514\" src=\"https:\/\/www.sellersunionagent.com\/wp-content\/uploads\/2022\/06\/wholesale-travel-card-case-organizer-9.jpg\" alt=\"Fabricante por atacado da China\" width=\"600\" height=\"600\" \/> <img loading=\"lazy\" decoding=\"async\" class=\"aligncenter wp-image-7515\" src=\"https:\/\/www.sellersunionagent.com\/wp-content\/uploads\/2022\/06\/wholesale-travel-card-case-organizer-8.jpg\" alt=\"Fabricante por atacado da China\" width=\"600\" height=\"600\" \/><img loading=\"lazy\" decoding=\"async\" class=\"aligncenter wp-image-7516\" src=\"https:\/\/www.sellersunionagent.com\/wp-content\/uploads\/2022\/06\/wholesale-travel-card-case-organizer-7.jpg\" alt=\"Fabricante por atacado da China\" width=\"600\" height=\"600\" \/><img loading=\"lazy\" decoding=\"async\" class=\"aligncenter wp-image-7508\" src=\"https:\/\/www.sellersunionagent.com\/wp-content\/uploads\/2022\/06\/wholesale-travel-card-case-organizer-15.jpg\" alt=\"Fabricante por atacado da China\" width=\"600\" height=\"599\" \/><img loading=\"lazy\" decoding=\"async\" class=\"aligncenter wp-image-7509\" src=\"https:\/\/www.sellersunionagent.com\/wp-content\/uploads\/2022\/06\/wholesale-travel-card-case-organizer-14.jpg\" alt=\"Fabricante por atacado da China\" width=\"600\" height=\"600\" \/><\/p>","protected":false},"excerpt":{"rendered":"<p><strong>Tipo<\/strong>: Bolsa para armazenamento de acess\u00f3rios eletr\u00f4nicos<\/p>\n<p><strong>Tamanho do item<\/strong>: 24*18*3cm<\/p>\n<p><strong>Peso do item<\/strong>: 190g<br \/>\n<b data-spm-anchor-id=\"a2700.wholesale.0.i30.19ef5692iiqQHz\">Cores: <\/b>Marinho, cinza, roxo, preto, azul, vinho<\/p>\n<p>&nbsp;<\/p>\n<p>Somos um fabricante de produtos de armazenamento por atacado da China. Desde 1997, iniciamos nossos neg\u00f3cios. Mantemos uma sensibilidade de mercado extremamente alta para as diversas commodities. Fazemos OEM, ODM e fornecemos a voc\u00ea um servi\u00e7o completo de compras em um s\u00f3 lugar. Temos o prazer de lhe oferecer os produtos mais populares para ajud\u00e1-lo a expandir seus neg\u00f3cios.<\/p>","protected":false},"featured_media":7507,"comment_status":"open","ping_status":"closed","template":"","meta":{"_acf_changed":false},"product_brand":[],"product_cat":[32],"product_tag":[49,48,99],"class_list":{"0":"post-7506","1":"product","2":"type-product","3":"status-publish","4":"has-post-thumbnail","6":"product_cat-digital-bag","7":"product_tag-good-quality","8":"product_tag-large-capacity","9":"product_tag-wholesale-maker-from-china","11":"first","12":"instock","13":"shipping-taxable","14":"product-type-simple","15":"swiper-slide"},"acf":[],"_links":{"self":[{"href":"https:\/\/www.sellersunionagent.com\/pt\/wp-json\/wp\/v2\/product\/7506","targetHints":{"allow":["GET"]}}],"collection":[{"href":"https:\/\/www.sellersunionagent.com\/pt\/wp-json\/wp\/v2\/product"}],"about":[{"href":"https:\/\/www.sellersunionagent.com\/pt\/wp-json\/wp\/v2\/types\/product"}],"replies":[{"embeddable":true,"href":"https:\/\/www.sellersunionagent.com\/pt\/wp-json\/wp\/v2\/comments?post=7506"}],"wp:featuredmedia":[{"embeddable":true,"href":"https:\/\/www.sellersunionagent.com\/pt\/wp-json\/wp\/v2\/media\/7507"}],"wp:attachment":[{"href":"https:\/\/www.sellersunionagent.com\/pt\/wp-json\/wp\/v2\/media?parent=7506"}],"wp:term":[{"taxonomy":"product_brand","embeddable":true,"href":"https:\/\/www.sellersunionagent.com\/pt\/wp-json\/wp\/v2\/product_brand?post=7506"},{"taxonomy":"product_cat","embeddable":true,"href":"https:\/\/www.sellersunionagent.com\/pt\/wp-json\/wp\/v2\/product_cat?post=7506"},{"taxonomy":"product_tag","embeddable":true,"href":"https:\/\/www.sellersunionagent.com\/pt\/wp-json\/wp\/v2\/product_tag?post=7506"}],"curies":[{"name":"wp","href":"https:\/\/api.w.org\/{rel}","templated":true}]}}