{"id":7498,"date":"2022-06-26T23:50:33","date_gmt":"2022-06-26T15:50:33","guid":{"rendered":"https:\/\/sellersunionagent.com\/?post_type=product&#038;p=7498"},"modified":"2022-06-26T23:50:36","modified_gmt":"2022-06-26T15:50:36","slug":"fabricante-de-bolsas-organizadoras-eletronicas-por-atacado-da-china","status":"publish","type":"product","link":"https:\/\/www.sellersunionagent.com\/pt\/wholesale-electronic-organizer-bag-maker-from-china\/","title":{"rendered":"Fabricante de bolsas organizadoras eletr\u00f4nicas por atacado da China"},"content":{"rendered":"<h2>Fabricante de bolsas organizadoras eletr\u00f4nicas por atacado da China<\/h2>\n<p><b>MATERIAL DE ALTA QUALIDADE<\/b>: O organizador de eletr\u00f4nicos FINPAC, feito de tecido de n\u00e1ilon 600D resistente, dur\u00e1vel e repelente \u00e0 \u00e1gua, possui excelentes presilhas el\u00e1sticas embutidas com uma al\u00e7a antiderrapante para garantir que os cabos permane\u00e7am no lugar. Bolsa organizadora de viagem com fechamento de z\u00edper duplo de alta qualidade para acesso e gerenciamento r\u00e1pidos.<\/p>\n<p>&nbsp;<\/p>\n<p><b>ARMAZENAMENTO SEGURO<\/b>: Essa bolsa organizadora tem um estojo de armazenamento de tablet para iPad 9,7\", tablet de 11\", Kindle ou livro de bolso (at\u00e9 11 pol.). O bolso interno de malha protege o telefone celular ou outros itens pequenos contra perda. Os la\u00e7os el\u00e1sticos o tornam um excelente organizador de fios e cabos para viagens. 5 slots el\u00e1sticos para cart\u00e3o SD para evitar a perda de cart\u00f5es SD. A bolsa de viagem para eletr\u00f4nicos com camada dupla mant\u00e9m todos os seus cabos, carregadores de laptop, disco r\u00edgido, tablet e outros acess\u00f3rios em ordem.<\/p>\n<p>&nbsp;<\/p>\n<p><b>COMPACTO E PORT\u00c1TIL<\/b>: Organizador de cabos port\u00e1til e leve para viagens, f\u00e1cil de transportar e de caber na mochila ou na bolsa de m\u00e3o sem ocupar muito espa\u00e7o. Um \u00f3timo companheiro como organizador de eletr\u00f4nicos e organizador de fios para viagem.<\/p>\n<p>&nbsp;<\/p>\n<p><b>MULTI-USO<\/b>: Bolsa organizadora de viagem vers\u00e1til projetada especificamente para pessoas bem organizadas em viagens; v\u00e1rios bolsos de diversos tamanhos proporcionam grande flexibilidade de organiza\u00e7\u00e3o eletr\u00f4nica. Bolso frontal externo com z\u00edper para f\u00e1cil acesso.<\/p>\n<p>&nbsp;<\/p>\n<p><b>VIAGEM DE NEG\u00d3CIOS E USO DI\u00c1RIO<\/b>: Organizador vers\u00e1til de acess\u00f3rios eletr\u00f4nicos para uso no escrit\u00f3rio e em viagens. Mantenha tudo arrumado sem bagun\u00e7a. Uma \u00f3tima bolsa organizadora de viagem para viagens de neg\u00f3cios e uso di\u00e1rio (SOMENTE bolsa! N\u00e3o inclui cabos, acess\u00f3rios eletr\u00f4nicos)<\/p>\n<p><img fetchpriority=\"high\" decoding=\"async\" class=\"aligncenter wp-image-7502\" src=\"https:\/\/www.sellersunionagent.com\/wp-content\/uploads\/2022\/06\/wholesale-electronic-organizer-bag-3.jpg\" alt=\"Fabricante por atacado da China\" width=\"600\" height=\"600\" \/><img decoding=\"async\" class=\"aligncenter wp-image-7504\" src=\"https:\/\/www.sellersunionagent.com\/wp-content\/uploads\/2022\/06\/wholesale-electronic-organizer-bag-1.jpg\" alt=\"Fabricante por atacado da China\" width=\"600\" height=\"742\" \/><img decoding=\"async\" class=\"aligncenter wp-image-7505\" src=\"https:\/\/www.sellersunionagent.com\/wp-content\/uploads\/2022\/06\/wholesale-electronic-organizer-bag.jpg\" alt=\"Fabricante por atacado da China\" width=\"600\" height=\"718\" \/><\/p>","protected":false},"excerpt":{"rendered":"<p><strong>Tipo<\/strong>: Bolsa para armazenamento de acess\u00f3rios eletr\u00f4nicos<\/p>\n<p><strong>Tamanho do item<\/strong>: 28*22*4cm<\/p>\n<p><strong>Peso do item<\/strong>: 220g<br \/>\n<b data-spm-anchor-id=\"a2700.wholesale.0.i30.19ef5692iiqQHz\">Cores:<\/b>Preto, cinza, vinho, roxo, azul escuro, azul celeste<\/p>\n<p>Somos um fabricante de produtos de armazenamento por atacado da China. Desde 1997, iniciamos nossos neg\u00f3cios. Mantemos uma sensibilidade de mercado extremamente alta para as diversas commodities. Fazemos OEM, ODM e fornecemos a voc\u00ea um servi\u00e7o completo de compras em um s\u00f3 lugar. Temos o prazer de lhe oferecer os produtos mais populares para ajud\u00e1-lo a expandir seus neg\u00f3cios.<\/p>","protected":false},"featured_media":7499,"comment_status":"open","ping_status":"closed","template":"","meta":{"_acf_changed":false},"product_brand":[],"product_cat":[32],"product_tag":[48,100,99],"class_list":{"0":"post-7498","1":"product","2":"type-product","3":"status-publish","4":"has-post-thumbnail","6":"product_cat-digital-bag","7":"product_tag-large-capacity","8":"product_tag-waterproof","9":"product_tag-wholesale-maker-from-china","11":"first","12":"instock","13":"shipping-taxable","14":"product-type-simple","15":"swiper-slide"},"acf":[],"_links":{"self":[{"href":"https:\/\/www.sellersunionagent.com\/pt\/wp-json\/wp\/v2\/product\/7498","targetHints":{"allow":["GET"]}}],"collection":[{"href":"https:\/\/www.sellersunionagent.com\/pt\/wp-json\/wp\/v2\/product"}],"about":[{"href":"https:\/\/www.sellersunionagent.com\/pt\/wp-json\/wp\/v2\/types\/product"}],"replies":[{"embeddable":true,"href":"https:\/\/www.sellersunionagent.com\/pt\/wp-json\/wp\/v2\/comments?post=7498"}],"wp:featuredmedia":[{"embeddable":true,"href":"https:\/\/www.sellersunionagent.com\/pt\/wp-json\/wp\/v2\/media\/7499"}],"wp:attachment":[{"href":"https:\/\/www.sellersunionagent.com\/pt\/wp-json\/wp\/v2\/media?parent=7498"}],"wp:term":[{"taxonomy":"product_brand","embeddable":true,"href":"https:\/\/www.sellersunionagent.com\/pt\/wp-json\/wp\/v2\/product_brand?post=7498"},{"taxonomy":"product_cat","embeddable":true,"href":"https:\/\/www.sellersunionagent.com\/pt\/wp-json\/wp\/v2\/product_cat?post=7498"},{"taxonomy":"product_tag","embeddable":true,"href":"https:\/\/www.sellersunionagent.com\/pt\/wp-json\/wp\/v2\/product_tag?post=7498"}],"curies":[{"name":"wp","href":"https:\/\/api.w.org\/{rel}","templated":true}]}}