{"id":7487,"date":"2022-06-26T23:33:33","date_gmt":"2022-06-26T15:33:33","guid":{"rendered":"https:\/\/sellersunionagent.com\/?post_type=product&#038;p=7487"},"modified":"2022-06-26T23:33:52","modified_gmt":"2022-06-26T15:33:52","slug":"bolsa-de-transporte-para-laptop-no-atacado-com-bolso-para-acessorios","status":"publish","type":"product","link":"https:\/\/www.sellersunionagent.com\/pt\/wholesale-laptop-carrying-case-with-accessory-pocket\/","title":{"rendered":"Estojo de transporte para laptop no atacado com bolso para acess\u00f3rios"},"content":{"rendered":"<h2>Estojo de transporte para laptop no atacado com bolso para acess\u00f3rios<\/h2>\n<p><span class=\"skip\"><a data-keyword=\"appropriate\">Dimens\u00e3o adequada: O design port\u00e1til e o tamanho ideal s\u00e3o f\u00e1ceis de transportar e cabem em sua bolsa de m\u00e3o e bagagem. Ele ser\u00e1 um companheiro adicional de armazenamento de acess\u00f3rios eletr\u00f4nicos para as suas viagens.<\/a><\/span><\/p>\n<p>&nbsp;<\/p>\n<p>Design elegante: Essa bolsa organizadora foi projetada para funcion\u00e1rios de escrit\u00f3rio, estudantes e viajantes que precisam armazenar e manter organizados seus acess\u00f3rios eletr\u00f4nicos ou pequenos materiais de papelaria escolar. Ela utiliza um tecido imperme\u00e1vel e um design limpo e elegante com uma al\u00e7a de transporte resistente e um z\u00edper suave.<\/p>\n<p>&nbsp;<\/p>\n<p>Grande capacidade: A grande capacidade de armazenamento pode conter seus acess\u00f3rios eletr\u00f4nicos di\u00e1rios, como cabos, v\u00e1rios carregadores, fones de ouvido, adaptador eletr\u00f4nico etc.<\/p>\n<p><img fetchpriority=\"high\" decoding=\"async\" class=\"aligncenter wp-image-7494\" src=\"https:\/\/www.sellersunionagent.com\/wp-content\/uploads\/2022\/06\/wholesale-laptop-carrying-case-2.jpg\" alt=\"atacado\" width=\"600\" height=\"493\" \/><img decoding=\"async\" class=\"aligncenter wp-image-7492\" src=\"https:\/\/www.sellersunionagent.com\/wp-content\/uploads\/2022\/06\/wholesale-laptop-carrying-case-5.jpg\" alt=\"atacado\" width=\"600\" height=\"860\" \/><img decoding=\"async\" class=\"aligncenter wp-image-7495\" src=\"https:\/\/www.sellersunionagent.com\/wp-content\/uploads\/2022\/06\/wholesale-laptop-carrying-case-3.jpg\" alt=\"atacado\" width=\"600\" height=\"664\" \/><img loading=\"lazy\" decoding=\"async\" class=\"aligncenter wp-image-7493\" src=\"https:\/\/www.sellersunionagent.com\/wp-content\/uploads\/2022\/06\/wholesale-laptop-carrying-case-4.jpg\" alt=\"atacado\" width=\"600\" height=\"734\" \/><\/p>","protected":false},"excerpt":{"rendered":"<p><strong>Tipo<\/strong>: Estojo de transporte para laptop<\/p>\n<p><strong>Tamanho do item<\/strong>: 13 polegadas\uff0f13,3 polegadas<\/p>\n<p><strong>Peso do item<\/strong>: 500g<br \/>\n<strong>Capacidade de fornecimento<\/strong>: 50000 pe\u00e7as\/pe\u00e7as por m\u00eas<br \/>\n<strong>MOQ<\/strong>: 100pcs<\/p>\n<p>&nbsp;<\/p>\n<p>Desde 1997, iniciamos nossos neg\u00f3cios. Mantemos uma sensibilidade de mercado extremamente alta para as diversas commodities. Somos especializados em itens de armazenamento no atacado, fazemos OEM, ODM e fornecemos um servi\u00e7o completo de compras em um s\u00f3 lugar. Temos o prazer de lhe oferecer os produtos mais populares para ajud\u00e1-lo a expandir seus neg\u00f3cios.<\/p>","protected":false},"featured_media":7488,"comment_status":"open","ping_status":"closed","template":"","meta":{"_acf_changed":false},"product_brand":[],"product_cat":[32],"product_tag":[98,50],"class_list":{"0":"post-7487","1":"product","2":"type-product","3":"status-publish","4":"has-post-thumbnail","6":"product_cat-digital-bag","7":"product_tag-laptop-carrying-case","8":"product_tag-wholesale","10":"first","11":"instock","12":"shipping-taxable","13":"product-type-simple","14":"swiper-slide"},"acf":[],"_links":{"self":[{"href":"https:\/\/www.sellersunionagent.com\/pt\/wp-json\/wp\/v2\/product\/7487","targetHints":{"allow":["GET"]}}],"collection":[{"href":"https:\/\/www.sellersunionagent.com\/pt\/wp-json\/wp\/v2\/product"}],"about":[{"href":"https:\/\/www.sellersunionagent.com\/pt\/wp-json\/wp\/v2\/types\/product"}],"replies":[{"embeddable":true,"href":"https:\/\/www.sellersunionagent.com\/pt\/wp-json\/wp\/v2\/comments?post=7487"}],"wp:featuredmedia":[{"embeddable":true,"href":"https:\/\/www.sellersunionagent.com\/pt\/wp-json\/wp\/v2\/media\/7488"}],"wp:attachment":[{"href":"https:\/\/www.sellersunionagent.com\/pt\/wp-json\/wp\/v2\/media?parent=7487"}],"wp:term":[{"taxonomy":"product_brand","embeddable":true,"href":"https:\/\/www.sellersunionagent.com\/pt\/wp-json\/wp\/v2\/product_brand?post=7487"},{"taxonomy":"product_cat","embeddable":true,"href":"https:\/\/www.sellersunionagent.com\/pt\/wp-json\/wp\/v2\/product_cat?post=7487"},{"taxonomy":"product_tag","embeddable":true,"href":"https:\/\/www.sellersunionagent.com\/pt\/wp-json\/wp\/v2\/product_tag?post=7487"}],"curies":[{"name":"wp","href":"https:\/\/api.w.org\/{rel}","templated":true}]}}