{"id":7477,"date":"2022-06-26T23:11:52","date_gmt":"2022-06-26T15:11:52","guid":{"rendered":"https:\/\/sellersunionagent.com\/?post_type=product&#038;p=7477"},"modified":"2022-06-26T23:12:11","modified_gmt":"2022-06-26T15:12:11","slug":"fabricante-de-bolsas-para-armazenamento-de-acessorios-digitais-no-atacado-da-china","status":"publish","type":"product","link":"https:\/\/www.sellersunionagent.com\/pt\/china-wholesale-digital-accessories-storage-bag-maker\/","title":{"rendered":"Fabricante de bolsas para armazenamento de acess\u00f3rios digitais no atacado da China"},"content":{"rendered":"<h2>Fabricante de bolsas para armazenamento de acess\u00f3rios digitais no atacado da China<\/h2>\n<ul>\n<li>Port\u00e1til, leve e com grande capacidade, torna sua viagem mais confort\u00e1vel e agrad\u00e1vel<\/li>\n<li>A grade de perspectiva ajuda a encontrar as coisas facilmente<\/li>\n<li>Material cati\u00f4nico, fia\u00e7\u00e3o apertada, design antirespingo para proteger melhor os objetos<\/li>\n<li>Velcro, design port\u00e1til e z\u00edper de qualidade SBS<\/li>\n<li>Grande capacidade para armazenar muitos itens<\/li>\n<\/ul>\n<p><img fetchpriority=\"high\" decoding=\"async\" class=\"aligncenter wp-image-7478\" src=\"https:\/\/www.sellersunionagent.com\/wp-content\/uploads\/2022\/06\/digital-accessories-storage-bag-maker-8.jpg\" alt=\"China no atacado\" width=\"600\" height=\"600\" \/><img decoding=\"async\" class=\"aligncenter wp-image-7482\" src=\"https:\/\/www.sellersunionagent.com\/wp-content\/uploads\/2022\/06\/digital-accessories-storage-bag-maker-4.jpg\" alt=\"China no atacado\" width=\"600\" height=\"600\" \/><img decoding=\"async\" class=\"aligncenter wp-image-7486\" src=\"https:\/\/www.sellersunionagent.com\/wp-content\/uploads\/2022\/06\/digital-accessories-storage-bag-maker.jpg\" alt=\"China no atacado\" width=\"600\" height=\"600\" \/><img loading=\"lazy\" decoding=\"async\" class=\"aligncenter wp-image-7481\" src=\"https:\/\/www.sellersunionagent.com\/wp-content\/uploads\/2022\/06\/digital-accessories-storage-bag-maker-5.jpg\" alt=\"China no atacado\" width=\"600\" height=\"601\" \/><\/p>","protected":false},"excerpt":{"rendered":"<p><strong>Tipo<\/strong>: Bolsa para armazenamento de acess\u00f3rios digitais<\/p>\n<p><strong>Tamanho do item<\/strong>: 19*12*3,52cm<\/p>\n<p><strong>Peso do item<\/strong>: 800g<br \/>\n<b data-spm-anchor-id=\"a2700.wholesale.0.i30.19ef5692iiqQHz\">Cores: <\/b>Marinho, cinza, roxo, preto, azul, vinho<\/p>\n<p>Somos um comerciante atacadista da China. Desde 1997, iniciamos nossos neg\u00f3cios. Mantemos uma sensibilidade de mercado extremamente alta para as diversas commodities. Somos especializados em itens de armazenamento no atacado, fazemos OEM, ODM e fornecemos um servi\u00e7o completo de compras em um s\u00f3 lugar. Temos o prazer de lhe oferecer os produtos mais populares para ajud\u00e1-lo a expandir seus neg\u00f3cios.<\/p>","protected":false},"featured_media":7478,"comment_status":"open","ping_status":"closed","template":"","meta":{"_acf_changed":false},"product_brand":[],"product_cat":[32],"product_tag":[97,89],"class_list":{"0":"post-7477","1":"product","2":"type-product","3":"status-publish","4":"has-post-thumbnail","6":"product_cat-digital-bag","7":"product_tag-china-wholesale-maker","8":"product_tag-multi-function","10":"first","11":"instock","12":"shipping-taxable","13":"product-type-simple","14":"swiper-slide"},"acf":[],"_links":{"self":[{"href":"https:\/\/www.sellersunionagent.com\/pt\/wp-json\/wp\/v2\/product\/7477","targetHints":{"allow":["GET"]}}],"collection":[{"href":"https:\/\/www.sellersunionagent.com\/pt\/wp-json\/wp\/v2\/product"}],"about":[{"href":"https:\/\/www.sellersunionagent.com\/pt\/wp-json\/wp\/v2\/types\/product"}],"replies":[{"embeddable":true,"href":"https:\/\/www.sellersunionagent.com\/pt\/wp-json\/wp\/v2\/comments?post=7477"}],"wp:featuredmedia":[{"embeddable":true,"href":"https:\/\/www.sellersunionagent.com\/pt\/wp-json\/wp\/v2\/media\/7478"}],"wp:attachment":[{"href":"https:\/\/www.sellersunionagent.com\/pt\/wp-json\/wp\/v2\/media?parent=7477"}],"wp:term":[{"taxonomy":"product_brand","embeddable":true,"href":"https:\/\/www.sellersunionagent.com\/pt\/wp-json\/wp\/v2\/product_brand?post=7477"},{"taxonomy":"product_cat","embeddable":true,"href":"https:\/\/www.sellersunionagent.com\/pt\/wp-json\/wp\/v2\/product_cat?post=7477"},{"taxonomy":"product_tag","embeddable":true,"href":"https:\/\/www.sellersunionagent.com\/pt\/wp-json\/wp\/v2\/product_tag?post=7477"}],"curies":[{"name":"wp","href":"https:\/\/api.w.org\/{rel}","templated":true}]}}