{"id":7465,"date":"2022-06-27T00:28:42","date_gmt":"2022-06-26T16:28:42","guid":{"rendered":"https:\/\/sellersunionagent.com\/?post_type=product&#038;p=7465"},"modified":"2026-01-06T14:29:42","modified_gmt":"2026-01-06T06:29:42","slug":"bolsa-para-documentos-da-best-wholesale-inc","status":"publish","type":"product","link":"https:\/\/www.sellersunionagent.com\/pt\/documents-bag-from-best-wholesale-inc\/","title":{"rendered":"Bolsa de documentos da Best Wholesale Inc"},"content":{"rendered":"<h2>Bolsa de documentos da Best Wholesale Inc<\/h2>\n<p><strong>Tipo<\/strong>: Bolsa de documentos<\/p>\n<p><strong>N\u00famero do item<\/strong>: RH237<\/p>\n<p><strong>Tamanho do item<\/strong>: 24*18,5*1,6cm<\/p>\n<p><strong>Peso do item<\/strong>: 234g<br \/>\n<b data-spm-anchor-id=\"a2700.wholesale.0.i30.19ef5692iiqQHz\">Cores:\u00a0<\/b>Cinza, preto, azul, vermelho-rosa, rosa, laranja, branco<\/p>\n<p>&nbsp;<\/p>\n<p>&nbsp;<\/p>\n<ul>\n<li>Pasta para portf\u00f3lio em tecido Oxford dur\u00e1vel: Feito de tecido Oxford 300D, tocado confortavelmente, lav\u00e1vel, resistente, \u00e0 prova d'\u00e1gua, protegendo os itens da bolsa contra danos. Observa\u00e7\u00e3o: essa pasta para documentos \u00e9 adequada apenas para cadernos A5 finos ou cadernos pequenos.<\/li>\n<li>Padfolio com design multifuncional: Um f\u00f3lio leve e minimalista para guardar seu Mini IPAD, l\u00e1pis, um caderno A5 fino, canetas, l\u00e1pis, cart\u00f5es de visita, cabos de carregamento e, essencialmente, qualquer outra coisa que esteja sendo destru\u00edda e desordenada no fundo de suas bolsas ou mochilas.<\/li>\n<li>Tamanho do organizador do portf\u00f3lio: 9,6*7,3 polegadas, comprimento da al\u00e7a: 7,1 polegadas, nem muito grande nem muito pequeno, pode ser segurado na m\u00e3o ou colocado na bolsa maior. Com uma al\u00e7a remov\u00edvel, \u00e9 port\u00e1til para adolescentes, adultos, homens e mulheres, perfeito para organizar documentos de viagem e documentos de trabalho\/estudo.<\/li>\n<li>Protege sua seguran\u00e7a: Elegante, estiloso e pr\u00e1tico, este portf\u00f3lio acolchoado macio PROTEGE TUDO o que voc\u00ea precisa para parecer um executivo durante reuni\u00f5es de neg\u00f3cios importantes ou entrevistas de emprego - chaves do carro, telefone celular, caneta, mini ipad ou mini tablet ou caderno A5 fino, pastas, carteira, planejador, pacote de apresenta\u00e7\u00e3o, curr\u00edculos, documentos confidenciais, cart\u00f5es de visita, cart\u00f5es de cr\u00e9dito e muito mais - n\u00e3o \u00e9 necess\u00e1rio ter uma bolsa ou pasta executiva!<\/li>\n<li>Design humanizado de cinto port\u00e1til remov\u00edvel: Ele \u00e9 elegante, bonito, mas dif\u00edcil de quebrar, al\u00e9m de ser conveniente para retirar e carregar o que voc\u00ea precisa.<\/li>\n<li><img fetchpriority=\"high\" decoding=\"async\" class=\"aligncenter wp-image-7471\" src=\"https:\/\/www.sellersunionagent.com\/wp-content\/uploads\/2022\/06\/documents-bag-from-best-wholesale-inc-5.jpg\" alt=\"Atacado Inc\" width=\"600\" height=\"600\" \/><img decoding=\"async\" class=\"aligncenter wp-image-7469\" src=\"https:\/\/www.sellersunionagent.com\/wp-content\/uploads\/2022\/06\/documents-bag-from-best-wholesale-inc-7.png\" alt=\"Atacado Inc\" width=\"600\" height=\"600\" \/><img decoding=\"async\" class=\"aligncenter wp-image-7476 size-full\" src=\"https:\/\/www.sellersunionagent.com\/wp-content\/uploads\/2022\/06\/documents-bag-from-best-wholesale-inc.jpg\" alt=\"Atacado Inc\" width=\"602\" height=\"412\" \/><img loading=\"lazy\" decoding=\"async\" class=\"aligncenter wp-image-7467\" src=\"https:\/\/www.sellersunionagent.com\/wp-content\/uploads\/2022\/06\/documents-bag-from-best-wholesale-inc-9.jpg\" alt=\"Atacado Inc\" width=\"600\" height=\"371\" \/><img loading=\"lazy\" decoding=\"async\" class=\"aligncenter wp-image-7472\" src=\"https:\/\/www.sellersunionagent.com\/wp-content\/uploads\/2022\/06\/documents-bag-from-best-wholesale-inc-4.jpg\" alt=\"Atacado Inc\" width=\"600\" height=\"600\" \/><img loading=\"lazy\" decoding=\"async\" class=\"aligncenter wp-image-7473\" src=\"https:\/\/www.sellersunionagent.com\/wp-content\/uploads\/2022\/06\/documents-bag-from-best-wholesale-inc-3.jpg\" alt=\"Atacado Inc\" width=\"600\" height=\"598\" \/><img loading=\"lazy\" decoding=\"async\" class=\"aligncenter wp-image-7474\" src=\"https:\/\/www.sellersunionagent.com\/wp-content\/uploads\/2022\/06\/documents-bag-from-best-wholesale-inc-2.png\" alt=\"Atacado Inc\" width=\"600\" height=\"600\" \/><\/li>\n<\/ul>","protected":false},"excerpt":{"rendered":"<p><strong>MOQ<\/strong>:  500 pe\u00e7as<br \/>\n<strong>Amostra gr\u00e1tis<\/strong>:  Com suporte<br \/>\n<strong>Personaliza\u00e7\u00e3o<\/strong>: logotipo \/ cor \/ materiais \/ embalagem etc.<br \/>\n<strong>Desconto<\/strong>:  Primeiros pedidos a partir de 10% de desconto.<br \/>\n<strong>Taxa de entrega no prazo<\/strong>:\u00a0 100%<br \/>\n<strong>Total de remessas<\/strong>:  10000 pe\u00e7as<br \/>\n<strong>Remessa<\/strong>: Suporte expresso - frete mar\u00edtimo - frete terrestre<\/p>\n<p>&nbsp;<\/p>\n<p>&nbsp;<\/p>\n<p>Desde 1997, iniciamos nossos neg\u00f3cios. Mantemos uma sensibilidade de mercado extremamente alta para as diversas commodities. Somos especializados em itens de armazenamento no atacado, fazemos OEM, ODM e fornecemos um servi\u00e7o completo de compras em um s\u00f3 lugar. Temos o prazer de lhe oferecer os produtos mais populares para ajud\u00e1-lo a expandir seus neg\u00f3cios.<\/p>","protected":false},"featured_media":7466,"comment_status":"open","ping_status":"closed","template":"","meta":{"_acf_changed":false},"product_brand":[],"product_cat":[32],"product_tag":[96,50],"class_list":{"0":"post-7465","1":"product","2":"type-product","3":"status-publish","4":"has-post-thumbnail","6":"product_cat-digital-bag","7":"product_tag-documents-storage","8":"product_tag-wholesale","10":"first","11":"instock","12":"shipping-taxable","13":"purchasable","14":"product-type-simple","15":"swiper-slide"},"acf":[],"_links":{"self":[{"href":"https:\/\/www.sellersunionagent.com\/pt\/wp-json\/wp\/v2\/product\/7465","targetHints":{"allow":["GET"]}}],"collection":[{"href":"https:\/\/www.sellersunionagent.com\/pt\/wp-json\/wp\/v2\/product"}],"about":[{"href":"https:\/\/www.sellersunionagent.com\/pt\/wp-json\/wp\/v2\/types\/product"}],"replies":[{"embeddable":true,"href":"https:\/\/www.sellersunionagent.com\/pt\/wp-json\/wp\/v2\/comments?post=7465"}],"wp:featuredmedia":[{"embeddable":true,"href":"https:\/\/www.sellersunionagent.com\/pt\/wp-json\/wp\/v2\/media\/7466"}],"wp:attachment":[{"href":"https:\/\/www.sellersunionagent.com\/pt\/wp-json\/wp\/v2\/media?parent=7465"}],"wp:term":[{"taxonomy":"product_brand","embeddable":true,"href":"https:\/\/www.sellersunionagent.com\/pt\/wp-json\/wp\/v2\/product_brand?post=7465"},{"taxonomy":"product_cat","embeddable":true,"href":"https:\/\/www.sellersunionagent.com\/pt\/wp-json\/wp\/v2\/product_cat?post=7465"},{"taxonomy":"product_tag","embeddable":true,"href":"https:\/\/www.sellersunionagent.com\/pt\/wp-json\/wp\/v2\/product_tag?post=7465"}],"curies":[{"name":"wp","href":"https:\/\/api.w.org\/{rel}","templated":true}]}}