{"id":7443,"date":"2022-06-26T20:13:38","date_gmt":"2022-06-26T12:13:38","guid":{"rendered":"https:\/\/sellersunionagent.com\/?post_type=product&#038;p=7443"},"modified":"2022-06-26T20:13:58","modified_gmt":"2022-06-26T12:13:58","slug":"bolsa-organizadora-de-maquiagem-de-grande-capacidade-a-prova-dagua-para-mulheres","status":"publish","type":"product","link":"https:\/\/www.sellersunionagent.com\/pt\/travel-makeup-for-women-large-capacity-makeup-organizer-bag-waterproof\/","title":{"rendered":"Bolsa de maquiagem de viagem para mulheres Bolsa organizadora de maquiagem de grande capacidade \u00e0 prova d'\u00e1gua"},"content":{"rendered":"<h2>Bolsa de maquiagem de viagem para mulheres Bolsa organizadora de maquiagem de grande capacidade \u00e0 prova d'\u00e1gua<\/h2>\n<p>Essa bolsa de maquiagem tem grande capacidade, com z\u00edper de grande abertura na parte superior para ajudar o usu\u00e1rio a embalar, design perfeito, f\u00e1cil de colocar todos os cosm\u00e9ticos, produtos de cuidados com a pele, pinc\u00e9is de maquiagem e ferramentas de maquiagem.<\/p>\n<p>&nbsp;<\/p>\n<p>&nbsp;<\/p>\n<p>\u00c9 feito de material de poli\u00e9ster de alta qualidade, tem bom desempenho \u00e0 prova d'\u00e1gua e \u00e9 f\u00e1cil de limpar. Usa z\u00edper SBS, \u00e9 mais dur\u00e1vel e n\u00e3o \u00e9 f\u00e1cil de danificar.<\/p>\n<p>&nbsp;<\/p>\n<p>&nbsp;<\/p>\n<p>N\u00e3o apenas para armazenar os produtos de maquiagem em casa, ela tamb\u00e9m pode ser sua bolsa de viagem, pois \u00e9 muito f\u00e1cil de dobrar e economiza espa\u00e7o.<\/p>\n<p>&nbsp;<\/p>\n<p><img fetchpriority=\"high\" decoding=\"async\" class=\"aligncenter wp-image-7448\" src=\"https:\/\/www.sellersunionagent.com\/wp-content\/uploads\/2022\/06\/large-capacity-makeup-organizer-bag.jpg\" alt=\"\" width=\"600\" height=\"600\" \/><\/p>\n<p><img decoding=\"async\" class=\"aligncenter wp-image-7446\" src=\"https:\/\/www.sellersunionagent.com\/wp-content\/uploads\/2022\/06\/large-capacity-makeup-organizer-bag-2.jpg\" alt=\"\" width=\"600\" height=\"600\" \/><\/p>\n<p>&nbsp;<\/p>","protected":false},"excerpt":{"rendered":"<p>Tipo: Bolsa de maquiagem<\/p>\n<p>Cor: roxo\/preto\/cinza\/rosa\/azul escuro\/azul claro<\/p>\n<p>OEM\/ODM: aceito<\/p>","protected":false},"featured_media":7444,"comment_status":"open","ping_status":"closed","template":"","meta":{"_acf_changed":false},"product_brand":[],"product_cat":[30],"product_tag":[78,93],"class_list":{"0":"post-7443","1":"product","2":"type-product","3":"status-publish","4":"has-post-thumbnail","6":"product_cat-makeup-bag","7":"product_tag-makeup-bag","8":"product_tag-storage","10":"first","11":"instock","12":"shipping-taxable","13":"product-type-simple","14":"swiper-slide"},"acf":[],"_links":{"self":[{"href":"https:\/\/www.sellersunionagent.com\/pt\/wp-json\/wp\/v2\/product\/7443","targetHints":{"allow":["GET"]}}],"collection":[{"href":"https:\/\/www.sellersunionagent.com\/pt\/wp-json\/wp\/v2\/product"}],"about":[{"href":"https:\/\/www.sellersunionagent.com\/pt\/wp-json\/wp\/v2\/types\/product"}],"replies":[{"embeddable":true,"href":"https:\/\/www.sellersunionagent.com\/pt\/wp-json\/wp\/v2\/comments?post=7443"}],"wp:featuredmedia":[{"embeddable":true,"href":"https:\/\/www.sellersunionagent.com\/pt\/wp-json\/wp\/v2\/media\/7444"}],"wp:attachment":[{"href":"https:\/\/www.sellersunionagent.com\/pt\/wp-json\/wp\/v2\/media?parent=7443"}],"wp:term":[{"taxonomy":"product_brand","embeddable":true,"href":"https:\/\/www.sellersunionagent.com\/pt\/wp-json\/wp\/v2\/product_brand?post=7443"},{"taxonomy":"product_cat","embeddable":true,"href":"https:\/\/www.sellersunionagent.com\/pt\/wp-json\/wp\/v2\/product_cat?post=7443"},{"taxonomy":"product_tag","embeddable":true,"href":"https:\/\/www.sellersunionagent.com\/pt\/wp-json\/wp\/v2\/product_tag?post=7443"}],"curies":[{"name":"wp","href":"https:\/\/api.w.org\/{rel}","templated":true}]}}