{"id":7435,"date":"2022-06-26T19:44:03","date_gmt":"2022-06-26T11:44:03","guid":{"rendered":"https:\/\/sellersunionagent.com\/?post_type=product&#038;p=7435"},"modified":"2022-07-11T14:05:51","modified_gmt":"2022-07-11T06:05:51","slug":"bolsa-para-cosmeticos-com-grande-capacidade-e-compartimentos-da-cadeia-de-suprimentos-da-china","status":"publish","type":"product","link":"https:\/\/www.sellersunionagent.com\/pt\/cosmetic-bag-with-large-capacity-and-compartments-from-china-suppy-chain\/","title":{"rendered":"Bolsa para cosm\u00e9ticos com grande capacidade e compartimentos da China Suppy Chain"},"content":{"rendered":"<p>Bolsa para cosm\u00e9ticos com grande capacidade e compartimentos da China Suppy Chain<\/p>\n<p>&nbsp;<\/p>\n<p>A caixa de maquiagem compacta \u00e9 feita de tecido repelente \u00e0 \u00e1gua, z\u00edperes de metal dur\u00e1veis podem ser usados repetidamente e n\u00e3o s\u00e3o facilmente danificados.<\/p>\n<p>&nbsp;<\/p>\n<p>&nbsp;<\/p>\n<p>A bolsa para maquiagem pode ser dobrada e colocada na bagagem de m\u00e3o.<\/p>\n<p>&nbsp;<\/p>\n<p>&nbsp;<\/p>\n<p>nosso estojo de maquiagem para viagem vem com v\u00e1rias divis\u00f3rias EVA ajust\u00e1veis. Voc\u00ea pode criar seus pr\u00f3prios compartimentos internos ajustando as divis\u00f3rias para se adequar a diferentes cosm\u00e9ticos e mant\u00ea-los perfeitamente separados e organizados.<\/p>\n<p>&nbsp;<\/p>\n<p><img fetchpriority=\"high\" decoding=\"async\" class=\"aligncenter wp-image-7439\" src=\"https:\/\/www.sellersunionagent.com\/wp-content\/uploads\/2022\/06\/cosmetic-bag-with-large-capacity-3.jpg\" alt=\"\" width=\"600\" height=\"600\" \/><\/p>\n<p><img decoding=\"async\" class=\"aligncenter wp-image-7438\" src=\"https:\/\/www.sellersunionagent.com\/wp-content\/uploads\/2022\/06\/cosmetic-bag-with-large-capacity-4.jpg\" alt=\"\" width=\"600\" height=\"600\" \/><\/p>\n<p><img decoding=\"async\" class=\"aligncenter wp-image-7442\" src=\"https:\/\/www.sellersunionagent.com\/wp-content\/uploads\/2022\/06\/cosmetic-bag-with-large-capacity.jpg\" alt=\"\" width=\"600\" height=\"600\" \/><\/p>","protected":false},"excerpt":{"rendered":"<p>Tipo: Bolsa de maquiagem<\/p>\n<p>Tamanho do item: 26*19*8,5 CM<\/p>\n<p>Cor: verde\/preto\/cinza\/rosa\/azul escuro\/azul claro<\/p>\n<p>OEM\/ODM: aceito<\/p>","protected":false},"featured_media":7440,"comment_status":"open","ping_status":"closed","template":"","meta":{"_acf_changed":false},"product_brand":[],"product_cat":[30],"product_tag":[78,93],"class_list":{"0":"post-7435","1":"product","2":"type-product","3":"status-publish","4":"has-post-thumbnail","6":"product_cat-makeup-bag","7":"product_tag-makeup-bag","8":"product_tag-storage","10":"first","11":"instock","12":"shipping-taxable","13":"product-type-simple","14":"swiper-slide"},"acf":[],"_links":{"self":[{"href":"https:\/\/www.sellersunionagent.com\/pt\/wp-json\/wp\/v2\/product\/7435","targetHints":{"allow":["GET"]}}],"collection":[{"href":"https:\/\/www.sellersunionagent.com\/pt\/wp-json\/wp\/v2\/product"}],"about":[{"href":"https:\/\/www.sellersunionagent.com\/pt\/wp-json\/wp\/v2\/types\/product"}],"replies":[{"embeddable":true,"href":"https:\/\/www.sellersunionagent.com\/pt\/wp-json\/wp\/v2\/comments?post=7435"}],"wp:featuredmedia":[{"embeddable":true,"href":"https:\/\/www.sellersunionagent.com\/pt\/wp-json\/wp\/v2\/media\/7440"}],"wp:attachment":[{"href":"https:\/\/www.sellersunionagent.com\/pt\/wp-json\/wp\/v2\/media?parent=7435"}],"wp:term":[{"taxonomy":"product_brand","embeddable":true,"href":"https:\/\/www.sellersunionagent.com\/pt\/wp-json\/wp\/v2\/product_brand?post=7435"},{"taxonomy":"product_cat","embeddable":true,"href":"https:\/\/www.sellersunionagent.com\/pt\/wp-json\/wp\/v2\/product_cat?post=7435"},{"taxonomy":"product_tag","embeddable":true,"href":"https:\/\/www.sellersunionagent.com\/pt\/wp-json\/wp\/v2\/product_tag?post=7435"}],"curies":[{"name":"wp","href":"https:\/\/api.w.org\/{rel}","templated":true}]}}