{"id":7419,"date":"2022-06-26T17:57:58","date_gmt":"2022-06-26T09:57:58","guid":{"rendered":"https:\/\/sellersunionagent.com\/?post_type=product&#038;p=7419"},"modified":"2026-01-06T14:29:44","modified_gmt":"2026-01-06T06:29:44","slug":"estojo-de-maquiagem-portatil-com-visual-bonito-para-mulheres-e-meninas","status":"publish","type":"product","link":"https:\/\/www.sellersunionagent.com\/pt\/portable-makeup-case-with-cute-looking-for-women-and-girls\/","title":{"rendered":"Estojo de maquiagem port\u00e1til com visual bonito para mulheres e meninas"},"content":{"rendered":"<h2>Bolsa de cosm\u00e9ticos port\u00e1til com visual bonito para mulheres e meninas<\/h2>\n<p>&nbsp;<\/p>\n<p>&nbsp;<\/p>\n<p>Tamanho-21*14*13cm; Peso-110g apenas, f\u00e1cil de transportar e dobrar<\/p>\n<p>&nbsp;<\/p>\n<p>Cabe facilmente produtos de higiene pessoal em tamanho para viagem ou produtos grandes para cuidados com a pele, como lo\u00e7\u00e3o, creme, limpador facial, base, corretivo, r\u00edmel, sombra para os olhos, p\u00f3, blush, batom e pinc\u00e9is de maquiagem.<\/p>\n<p>&nbsp;<\/p>\n<p>Ele vem com um espa\u00e7o separado para guardar os pinc\u00e9is e proteg\u00ea-los da poeira. Ajuda a gerenciar bem a sua maquiagem.<\/p>\n<p>&nbsp;<\/p>\n<p style=\"text-align: center\"><strong>Tipo:<\/strong> Bolsa de maquiagem<\/p>\n<p style=\"text-align: center\"><strong>Item NO:<\/strong> RH243<\/p>\n<p style=\"text-align: center\"><strong>Tamanho do item:<\/strong> 21*14*13cm<\/p>\n<p style=\"text-align: center\"><strong>Cor:<\/strong> Verde\/rosa\/preto\/cinza<\/p>\n<p style=\"text-align: center\"><strong>OEM\/ODM:<\/strong> Aceito<\/p>\n<p style=\"text-align: center\"><img fetchpriority=\"high\" decoding=\"async\" class=\"aligncenter wp-image-7421\" src=\"https:\/\/www.sellersunionagent.com\/wp-content\/uploads\/2022\/06\/portable-makeup-case-5.jpg\" alt=\"\" width=\"600\" height=\"600\" \/><\/p>\n<p><img decoding=\"async\" class=\"aligncenter wp-image-7422\" src=\"https:\/\/www.sellersunionagent.com\/wp-content\/uploads\/2022\/06\/portable-makeup-case-4.jpg\" alt=\"\" width=\"600\" height=\"600\" \/><\/p>\n<p><img decoding=\"async\" class=\"aligncenter wp-image-7423\" src=\"https:\/\/www.sellersunionagent.com\/wp-content\/uploads\/2022\/06\/portable-makeup-case-3.jpg\" alt=\"\" width=\"600\" height=\"600\" \/><img loading=\"lazy\" decoding=\"async\" class=\"aligncenter wp-image-7425\" src=\"https:\/\/www.sellersunionagent.com\/wp-content\/uploads\/2022\/06\/portable-makeup-case-1.jpg\" alt=\"\" width=\"600\" height=\"555\" \/> <img loading=\"lazy\" decoding=\"async\" class=\"aligncenter wp-image-9247\" src=\"https:\/\/www.sellersunionagent.com\/wp-content\/uploads\/2022\/06\/02a3cc89115eba8755581b2061a69cd.png\" alt=\"\" width=\"600\" height=\"359\" \/> <img loading=\"lazy\" decoding=\"async\" class=\"aligncenter wp-image-9242\" src=\"https:\/\/www.sellersunionagent.com\/wp-content\/uploads\/2022\/06\/2a380eb1e66df7e8028b1cd13426170.png\" alt=\"\" width=\"600\" height=\"600\" \/><\/p>\n<p>&nbsp;<\/p>","protected":false},"excerpt":{"rendered":"<p><strong>MOQ<\/strong>:  100 pe\u00e7as<br \/>\n<strong>Amostra gr\u00e1tis<\/strong>:  Com suporte<br \/>\n<strong>Personaliza\u00e7\u00e3o<\/strong>: logotipo \/ cor \/ materiais \/ embalagem etc.<br \/>\n<strong>Desconto<\/strong>:  Primeiros pedidos a partir de 10% de desconto.<br \/>\n<strong>Taxa de entrega no prazo<\/strong>:\u00a0 100%<br \/>\n<strong>Total de remessas<\/strong>: 75500 pe\u00e7as<br \/>\n<strong>Remessa<\/strong>: Suporte expresso - frete mar\u00edtimo - frete terrestre<\/p>","protected":false},"featured_media":7424,"comment_status":"open","ping_status":"closed","template":"","meta":{"_acf_changed":false},"product_brand":[],"product_cat":[30],"product_tag":[171,78,93],"class_list":{"0":"post-7419","1":"product","2":"type-product","3":"status-publish","4":"has-post-thumbnail","6":"product_cat-makeup-bag","7":"product_tag-make-up-hot","8":"product_tag-makeup-bag","9":"product_tag-storage","11":"first","12":"instock","13":"shipping-taxable","14":"purchasable","15":"product-type-simple","16":"swiper-slide"},"acf":[],"_links":{"self":[{"href":"https:\/\/www.sellersunionagent.com\/pt\/wp-json\/wp\/v2\/product\/7419","targetHints":{"allow":["GET"]}}],"collection":[{"href":"https:\/\/www.sellersunionagent.com\/pt\/wp-json\/wp\/v2\/product"}],"about":[{"href":"https:\/\/www.sellersunionagent.com\/pt\/wp-json\/wp\/v2\/types\/product"}],"replies":[{"embeddable":true,"href":"https:\/\/www.sellersunionagent.com\/pt\/wp-json\/wp\/v2\/comments?post=7419"}],"wp:featuredmedia":[{"embeddable":true,"href":"https:\/\/www.sellersunionagent.com\/pt\/wp-json\/wp\/v2\/media\/7424"}],"wp:attachment":[{"href":"https:\/\/www.sellersunionagent.com\/pt\/wp-json\/wp\/v2\/media?parent=7419"}],"wp:term":[{"taxonomy":"product_brand","embeddable":true,"href":"https:\/\/www.sellersunionagent.com\/pt\/wp-json\/wp\/v2\/product_brand?post=7419"},{"taxonomy":"product_cat","embeddable":true,"href":"https:\/\/www.sellersunionagent.com\/pt\/wp-json\/wp\/v2\/product_cat?post=7419"},{"taxonomy":"product_tag","embeddable":true,"href":"https:\/\/www.sellersunionagent.com\/pt\/wp-json\/wp\/v2\/product_tag?post=7419"}],"curies":[{"name":"wp","href":"https:\/\/api.w.org\/{rel}","templated":true}]}}