{"id":7412,"date":"2022-06-26T17:44:00","date_gmt":"2022-06-26T09:44:00","guid":{"rendered":"https:\/\/sellersunionagent.com\/?post_type=product&#038;p=7412"},"modified":"2022-07-08T15:18:53","modified_gmt":"2022-07-08T07:18:53","slug":"bolsa-de-maquiagem-de-luxo-multifuncional-2022-fabricada-na-china","status":"publish","type":"product","link":"https:\/\/www.sellersunionagent.com\/pt\/2022-multifunctional-luxury-makeup-bag-made-in-china\/","title":{"rendered":"Bolsa de maquiagem de luxo multifuncional 2022 fabricada na China"},"content":{"rendered":"<h2>Bolsa de maquiagem de luxo multifuncional 2022 fabricada na China<\/h2>\n<p>&nbsp;<\/p>\n<p>A bolsa organizadora de maquiagem de alta qualidade tem v\u00e1rios bolsos pequenos que oferecem aos seus cosm\u00e9ticos um espa\u00e7o dedicado para armazenar a maquiagem e os acess\u00f3rios cosm\u00e9ticos.<\/p>\n<p>&nbsp;<\/p>\n<p>&nbsp;<\/p>\n<p>A bolsa para maquiagem organizar\u00e1 todos os seus itens essenciais de beleza no lugar certo. \u00c9 um organizador de bolsa de cosm\u00e9ticos perfeito para o dia a dia. \u00c9 uma \u00f3tima ideia para presente, um maravilhoso presente de Natal para sua filha, esposa, namorada, amigas.<\/p>\n<p>&nbsp;<\/p>\n<p>&nbsp;<\/p>\n<p>Essa bolsa para maquiagem foi feita de poli\u00e9ster de alta qualidade. \u00c9 f\u00e1cil de dobrar e ajuda voc\u00ea a economizar espa\u00e7o. Voc\u00ea pode simplesmente limp\u00e1-la com um guardanapo e ela ficar\u00e1 limpa.<\/p>\n<p>&nbsp;<\/p>\n<p><img fetchpriority=\"high\" decoding=\"async\" class=\"aligncenter wp-image-7413\" src=\"https:\/\/www.sellersunionagent.com\/wp-content\/uploads\/2022\/06\/multifunctional-luxury-makeup-bag-5.jpg\" alt=\"\" width=\"600\" height=\"600\" \/><\/p>\n<p><img decoding=\"async\" class=\"aligncenter wp-image-7416\" src=\"https:\/\/www.sellersunionagent.com\/wp-content\/uploads\/2022\/06\/multifunctional-luxury-makeup-bag-2.jpg\" alt=\"\" width=\"600\" height=\"600\" \/> <img decoding=\"async\" class=\"aligncenter wp-image-7415\" src=\"https:\/\/www.sellersunionagent.com\/wp-content\/uploads\/2022\/06\/multifunctional-luxury-makeup-bag-3.jpg\" alt=\"\" width=\"600\" height=\"600\" \/> <img loading=\"lazy\" decoding=\"async\" class=\"aligncenter wp-image-7414\" src=\"https:\/\/www.sellersunionagent.com\/wp-content\/uploads\/2022\/06\/multifunctional-luxury-makeup-bag-4.jpg\" alt=\"\" width=\"600\" height=\"600\" \/><\/p>","protected":false},"excerpt":{"rendered":"<p>Tipo: Bolsa de maquiagem<\/p>\n<p>Tamanho do item: 21*17*7cm<\/p>\n<p>Cor: verde\/rosa\/preto\/cinza<\/p>\n<p>OEM\/ODM: aceito<\/p>","protected":false},"featured_media":7417,"comment_status":"open","ping_status":"closed","template":"","meta":{"_acf_changed":false},"product_brand":[],"product_cat":[30],"product_tag":[78,94,93],"class_list":{"0":"post-7412","1":"product","2":"type-product","3":"status-publish","4":"has-post-thumbnail","6":"product_cat-makeup-bag","7":"product_tag-makeup-bag","8":"product_tag-organizer","9":"product_tag-storage","11":"first","12":"instock","13":"shipping-taxable","14":"product-type-simple","15":"swiper-slide"},"acf":[],"_links":{"self":[{"href":"https:\/\/www.sellersunionagent.com\/pt\/wp-json\/wp\/v2\/product\/7412","targetHints":{"allow":["GET"]}}],"collection":[{"href":"https:\/\/www.sellersunionagent.com\/pt\/wp-json\/wp\/v2\/product"}],"about":[{"href":"https:\/\/www.sellersunionagent.com\/pt\/wp-json\/wp\/v2\/types\/product"}],"replies":[{"embeddable":true,"href":"https:\/\/www.sellersunionagent.com\/pt\/wp-json\/wp\/v2\/comments?post=7412"}],"wp:featuredmedia":[{"embeddable":true,"href":"https:\/\/www.sellersunionagent.com\/pt\/wp-json\/wp\/v2\/media\/7417"}],"wp:attachment":[{"href":"https:\/\/www.sellersunionagent.com\/pt\/wp-json\/wp\/v2\/media?parent=7412"}],"wp:term":[{"taxonomy":"product_brand","embeddable":true,"href":"https:\/\/www.sellersunionagent.com\/pt\/wp-json\/wp\/v2\/product_brand?post=7412"},{"taxonomy":"product_cat","embeddable":true,"href":"https:\/\/www.sellersunionagent.com\/pt\/wp-json\/wp\/v2\/product_cat?post=7412"},{"taxonomy":"product_tag","embeddable":true,"href":"https:\/\/www.sellersunionagent.com\/pt\/wp-json\/wp\/v2\/product_tag?post=7412"}],"curies":[{"name":"wp","href":"https:\/\/api.w.org\/{rel}","templated":true}]}}