{"id":7397,"date":"2022-06-26T16:55:01","date_gmt":"2022-06-26T08:55:01","guid":{"rendered":"https:\/\/sellersunionagent.com\/?post_type=product&#038;p=7397"},"modified":"2022-07-11T14:18:15","modified_gmt":"2022-07-11T06:18:15","slug":"nova-bolsa-de-maquiagem-da-fabrica-da-china-com-a-ultima-moda","status":"publish","type":"product","link":"https:\/\/www.sellersunionagent.com\/pt\/new-fashion-from-china-factory-makeup-bag-with-latest-fashion\/","title":{"rendered":"Nova moda da f\u00e1brica da China: Bolsa de maquiagem com a \u00faltima moda"},"content":{"rendered":"<h2>Bolsas de maquiagem de luxo selecionadas de acordo com o gosto do nicho<\/h2>\n<p>A bolsa organizadora de maquiagem \u00e9 feita de nylon de alta qualidade. \u00c9 dur\u00e1vel, f\u00e1cil de dobrar e limpar. Pode adicionar um bom senso de moda \u00e0 sua bolsa de maquiagem pessoal.<\/p>\n<p>&nbsp;<\/p>\n<p>&nbsp;<\/p>\n<p>Uma bolsa para cosm\u00e9ticos grande pode armazenar todos os cosm\u00e9ticos essenciais da mulher. Essa bolsa de maquiagem tem uma divis\u00f3ria de velcro remov\u00edvel, v\u00e1rias \u00e1reas segregadas ajudam a separar a \u00e1rea de armazenamento de cosm\u00e9ticos e a manter todos os itens bonitos e organizados.<\/p>\n<p>&nbsp;<\/p>\n<p>&nbsp;<\/p>\n<p>\u00c9 muito adequada como bolsa de viagem para produtos de higiene pessoal, voc\u00ea pode colocar o frasco de perfume e os produtos de cuidados com a pele verticalmente no compartimento inferior. O design port\u00e1til e leve permite que ela seja colocada em uma mala ou em uma mesa, adequada para viagens di\u00e1rias ou uso di\u00e1rio, perfeita para mulheres como presente de dia das m\u00e3es e presentes de agradecimento a professores.<\/p>\n<p><img fetchpriority=\"high\" decoding=\"async\" class=\"aligncenter wp-image-7402\" src=\"https:\/\/www.sellersunionagent.com\/wp-content\/uploads\/2022\/06\/makeup-bag-with-latest-fashion-2.jpg\" alt=\"\" width=\"665\" height=\"623\" \/><\/p>\n<p><img decoding=\"async\" class=\"aligncenter wp-image-7400\" src=\"https:\/\/www.sellersunionagent.com\/wp-content\/uploads\/2022\/06\/makeup-bag-with-latest-fashion-4.jpg\" alt=\"\" width=\"600\" height=\"600\" \/><img decoding=\"async\" class=\"aligncenter wp-image-7403\" src=\"https:\/\/www.sellersunionagent.com\/wp-content\/uploads\/2022\/06\/makeup-bag-with-latest-fashion-1.jpg\" alt=\"\" width=\"600\" height=\"446\" \/><img loading=\"lazy\" decoding=\"async\" class=\"aligncenter wp-image-7402\" src=\"https:\/\/www.sellersunionagent.com\/wp-content\/uploads\/2022\/06\/makeup-bag-with-latest-fashion-2.jpg\" alt=\"\" width=\"600\" height=\"562\" \/> <img loading=\"lazy\" decoding=\"async\" class=\"aligncenter wp-image-7401\" src=\"https:\/\/www.sellersunionagent.com\/wp-content\/uploads\/2022\/06\/makeup-bag-with-latest-fashion-3.jpg\" alt=\"\" width=\"600\" height=\"600\" \/> <img loading=\"lazy\" decoding=\"async\" class=\"aligncenter wp-image-7398\" src=\"https:\/\/www.sellersunionagent.com\/wp-content\/uploads\/2022\/06\/makeup-bag-with-latest-fashion-6.jpg\" alt=\"\" width=\"600\" height=\"600\" \/><\/p>\n<p>&nbsp;<\/p>\n<p>&nbsp;<\/p>","protected":false},"excerpt":{"rendered":"<p>Tipo: Bolsa de maquiagem<\/p>\n<p>Tamanho do item: 24*18*8cm<\/p>\n<p>Cor: verde\/rosa\/preto\/cinza<\/p>\n<p>OEM\/ODM: aceito<\/p>","protected":false},"featured_media":7404,"comment_status":"open","ping_status":"closed","template":"","meta":{"_acf_changed":false},"product_brand":[],"product_cat":[30],"product_tag":[78,92,90,91],"class_list":{"0":"post-7397","1":"product","2":"type-product","3":"status-publish","4":"has-post-thumbnail","6":"product_cat-makeup-bag","7":"product_tag-makeup-bag","8":"product_tag-retail","9":"product_tag-storage-bag","10":"product_tag-wholesaler","12":"first","13":"instock","14":"shipping-taxable","15":"product-type-simple","16":"swiper-slide"},"acf":[],"_links":{"self":[{"href":"https:\/\/www.sellersunionagent.com\/pt\/wp-json\/wp\/v2\/product\/7397","targetHints":{"allow":["GET"]}}],"collection":[{"href":"https:\/\/www.sellersunionagent.com\/pt\/wp-json\/wp\/v2\/product"}],"about":[{"href":"https:\/\/www.sellersunionagent.com\/pt\/wp-json\/wp\/v2\/types\/product"}],"replies":[{"embeddable":true,"href":"https:\/\/www.sellersunionagent.com\/pt\/wp-json\/wp\/v2\/comments?post=7397"}],"wp:featuredmedia":[{"embeddable":true,"href":"https:\/\/www.sellersunionagent.com\/pt\/wp-json\/wp\/v2\/media\/7404"}],"wp:attachment":[{"href":"https:\/\/www.sellersunionagent.com\/pt\/wp-json\/wp\/v2\/media?parent=7397"}],"wp:term":[{"taxonomy":"product_brand","embeddable":true,"href":"https:\/\/www.sellersunionagent.com\/pt\/wp-json\/wp\/v2\/product_brand?post=7397"},{"taxonomy":"product_cat","embeddable":true,"href":"https:\/\/www.sellersunionagent.com\/pt\/wp-json\/wp\/v2\/product_cat?post=7397"},{"taxonomy":"product_tag","embeddable":true,"href":"https:\/\/www.sellersunionagent.com\/pt\/wp-json\/wp\/v2\/product_tag?post=7397"}],"curies":[{"name":"wp","href":"https:\/\/api.w.org\/{rel}","templated":true}]}}