{"id":7380,"date":"2022-06-25T15:54:55","date_gmt":"2022-06-25T07:54:55","guid":{"rendered":"https:\/\/sellersunionagent.com\/?post_type=product&#038;p=7380"},"modified":"2022-08-31T14:21:21","modified_gmt":"2022-08-31T06:21:21","slug":"packing-organizers-for-travel-accessories-or-home-storage","status":"publish","type":"product","link":"https:\/\/www.sellersunionagent.com\/pt\/packing-organizers-for-travel-accessories-or-home-storage\/","title":{"rendered":"Organizadores de embalagem para acess\u00f3rios de viagem ou armazenamento dom\u00e9stico"},"content":{"rendered":"<h2 id=\"title\" class=\"a-size-large a-spacing-none\"><span id=\"productTitle\" class=\"a-size-large product-title-word-break\">\u00a06 Set Packing Cubes, Travel Suitcase Luggage Organizers, Packing Organizers for Travel Accessories Or Home Storage<\/span><\/h2>\n<p><strong>Tipo<\/strong>: Organiza\u00e7\u00e3o da casa<\/p>\n<p><strong>Tamanho do item<\/strong>:40*30*12cm\/30*28*13cm\/30*21*13cm\/35*27cm\/27*25cm\/26*16cm<\/p>\n<p><strong>Cores<\/strong>: Red\/Black\/Blue\/Brown<\/p>\n<p>&nbsp;<\/p>\n<p>&nbsp;<\/p>\n<ul class=\"a-unordered-list a-vertical a-spacing-mini\">\n<li><span class=\"a-list-item\">ORGANIZA\u00c7\u00c3O DA EMBALAGEM E ECONOMIA DE ESPA\u00c7O: Separe suas diferentes roupas com cubos de embalagem de v\u00e1rios tamanhos e op\u00e7\u00f5es de cores vivas dispon\u00edveis. Economize tempo em sua viagem, passeio ou atividades ao ar livre, evitando o extravio de diferentes itens e aproveitando ao m\u00e1ximo o espa\u00e7o em sua bagagem.<\/span><\/li>\n<\/ul>\n<p>&nbsp;<\/p>\n<p>&nbsp;<\/p>\n<ul class=\"a-unordered-list a-vertical a-spacing-mini\">\n<li><span class=\"a-list-item\">VERS\u00c1TIL e MULTI-FUNCIONAL: cabe como uma luva na maioria das malas de m\u00e3o de companhias a\u00e9reas, sacolas, sacolas de viagem, mochilas, sacolas de viagem, etc., para viagens em fam\u00edlia, viagens de neg\u00f3cios, f\u00e9rias, caminhadas, acampamentos, trailers, viagens, etc.<\/span><\/li>\n<\/ul>\n<p>&nbsp;<\/p>\n<p>&nbsp;<\/p>\n<ul class=\"a-unordered-list a-vertical a-spacing-mini\">\n<li><span class=\"a-list-item\">GARANTIA DE DEVOLU\u00c7\u00c3O DO DINHEIRO 100%: Oferecer os melhores produtos e atender a todas as suas necessidades sempre foi nossa meta principal. N\u00f3s nos responsabilizamos por todos os nossos produtos BAGAIL e oferecemos uma garantia incondicional de qualidade e habilidade em 12 meses.<\/span><\/li>\n<\/ul>\n<p>&nbsp;<\/p>\n<p>&nbsp;<\/p>\n<p><img fetchpriority=\"high\" decoding=\"async\" class=\"alignnone wp-image-7386\" src=\"https:\/\/www.sellersunionagent.com\/wp-content\/uploads\/2022\/06\/\u5fae\u4fe1\u56fe\u7247_20180414120948-300x300.jpg\" alt=\"\" width=\"360\" height=\"359\" \/> <img decoding=\"async\" class=\"alignnone wp-image-7387\" src=\"https:\/\/www.sellersunionagent.com\/wp-content\/uploads\/2022\/06\/\u5fae\u4fe1\u56fe\u7247_20180414131925-300x300.jpg\" alt=\"\" width=\"360\" height=\"360\" \/> <img decoding=\"async\" class=\"alignnone wp-image-7385\" src=\"https:\/\/www.sellersunionagent.com\/wp-content\/uploads\/2022\/06\/packing-organizers-for-travel-accessories-2-300x300.png\" alt=\"\" width=\"360\" height=\"361\" \/> <img loading=\"lazy\" decoding=\"async\" class=\"alignnone wp-image-7384\" src=\"https:\/\/www.sellersunionagent.com\/wp-content\/uploads\/2022\/06\/packing-organizers-for-travel-accessories-3-300x300.jpg\" alt=\"\" width=\"360\" height=\"360\" \/> <img loading=\"lazy\" decoding=\"async\" class=\"alignnone wp-image-7382\" src=\"https:\/\/www.sellersunionagent.com\/wp-content\/uploads\/2022\/06\/packing-organizers-for-travel-accessories-5-300x300.jpg\" alt=\"\" width=\"360\" height=\"360\" \/> <img loading=\"lazy\" decoding=\"async\" class=\"alignnone wp-image-7381\" src=\"https:\/\/www.sellersunionagent.com\/wp-content\/uploads\/2022\/06\/packing-organizers-for-travel-accessories-6-300x300.jpg\" alt=\"\" width=\"360\" height=\"360\" \/><\/p>","protected":false},"excerpt":{"rendered":"<p><strong>MOQ: <\/strong>500 (flex\u00edvel)<br \/>\n<strong>Amostra gr\u00e1tis:<\/strong> Com suporte<br \/>\n<strong>Personaliza\u00e7\u00e3o:<\/strong> logotipo \/ cor \/ materiais \/ embalagem etc.<br \/>\n<strong>Desconto:<\/strong> Primeiros pedidos com desconto de at\u00e9 10%.<br \/>\n<strong>Taxa de entrega no prazo:<\/strong> 100%<br \/>\n<strong>Total de remessas:<\/strong> 100000PCS<br \/>\n<strong>Envio:<\/strong> Suporte expresso - frete mar\u00edtimo - frete terrestre<\/p>","protected":false},"featured_media":7386,"comment_status":"open","ping_status":"closed","template":"","meta":{"_acf_changed":false},"product_brand":[],"product_cat":[31,186],"product_tag":[70,174,48,79,83,50],"class_list":{"0":"post-7380","1":"product","2":"type-product","3":"status-publish","4":"has-post-thumbnail","6":"product_cat-home-storage","7":"product_cat-living-room","8":"product_tag-home-storage","9":"product_tag-home-storage-hot","10":"product_tag-large-capacity","11":"product_tag-organization","12":"product_tag-portable-bag","13":"product_tag-wholesale","15":"first","16":"instock","17":"shipping-taxable","18":"product-type-simple","19":"swiper-slide"},"acf":[],"_links":{"self":[{"href":"https:\/\/www.sellersunionagent.com\/pt\/wp-json\/wp\/v2\/product\/7380","targetHints":{"allow":["GET"]}}],"collection":[{"href":"https:\/\/www.sellersunionagent.com\/pt\/wp-json\/wp\/v2\/product"}],"about":[{"href":"https:\/\/www.sellersunionagent.com\/pt\/wp-json\/wp\/v2\/types\/product"}],"replies":[{"embeddable":true,"href":"https:\/\/www.sellersunionagent.com\/pt\/wp-json\/wp\/v2\/comments?post=7380"}],"wp:featuredmedia":[{"embeddable":true,"href":"https:\/\/www.sellersunionagent.com\/pt\/wp-json\/wp\/v2\/media\/7386"}],"wp:attachment":[{"href":"https:\/\/www.sellersunionagent.com\/pt\/wp-json\/wp\/v2\/media?parent=7380"}],"wp:term":[{"taxonomy":"product_brand","embeddable":true,"href":"https:\/\/www.sellersunionagent.com\/pt\/wp-json\/wp\/v2\/product_brand?post=7380"},{"taxonomy":"product_cat","embeddable":true,"href":"https:\/\/www.sellersunionagent.com\/pt\/wp-json\/wp\/v2\/product_cat?post=7380"},{"taxonomy":"product_tag","embeddable":true,"href":"https:\/\/www.sellersunionagent.com\/pt\/wp-json\/wp\/v2\/product_tag?post=7380"}],"curies":[{"name":"wp","href":"https:\/\/api.w.org\/{rel}","templated":true}]}}