{"id":7362,"date":"2022-06-25T15:17:59","date_gmt":"2022-06-25T07:17:59","guid":{"rendered":"https:\/\/sellersunionagent.com\/?post_type=product&#038;p=7362"},"modified":"2022-08-31T14:21:29","modified_gmt":"2022-08-31T06:21:29","slug":"bolsa-multifuncional-para-roupas-intimas-e-sutias-para-guardar-em-casa-ou-viajar","status":"publish","type":"product","link":"https:\/\/www.sellersunionagent.com\/pt\/multifunctional-underwear-bag-bra-bag-for-home-storage-or-travel\/","title":{"rendered":"Saco multifuncional para roupas \u00edntimas Saco de suti\u00e3 para guardar em casa ou viajar"},"content":{"rendered":"<h2 id=\"title\" class=\"a-size-large a-spacing-none\"><span id=\"productTitle\" class=\"a-size-large product-title-word-break\">Home Armazenamento Sacos para suti\u00e3s pequenos Bolsa organizadora espessa para viagens de roupas \u00edntimas<\/span><\/h2>\n<p>&nbsp;<\/p>\n<p>&nbsp;<\/p>\n<ul>\n<li><strong>MATERIAL PREMIUM:<\/strong> Essa bolsa para maquiagem \u00e9 feita de tecido cati\u00f4nico 300D de alta qualidade.<\/li>\n<\/ul>\n<p>&nbsp;<\/p>\n<p>&nbsp;<\/p>\n<ul>\n<li><strong>MUITO ESPA\u00c7O DE ARMAZENAMENTO:<\/strong> Essa bolsa tem espa\u00e7o suficiente para guardar seu suti\u00e3 ou acess\u00f3rios.<\/li>\n<\/ul>\n<p>&nbsp;<\/p>\n<p>&nbsp;<\/p>\n<ul>\n<li><strong>COMPARTIMENTOS AJUST\u00c1VEIS:<\/strong> Compartimentos ajust\u00e1veis com design especial, que podem ser ajustados conforme necess\u00e1rio.<\/li>\n<\/ul>\n<p>&nbsp;<\/p>\n<p>&nbsp;<\/p>\n<ul>\n<li><strong>BOLSA MULTIFUNCIONAL:<\/strong> Essa bolsa pode armazenar n\u00e3o apenas o suti\u00e3, mas tamb\u00e9m joias, acess\u00f3rios eletr\u00f4nicos, c\u00e2mera, \u00f3leo essencial, produtos de higiene pessoal, kit de barbear, objetos de valor e assim por diante.<\/li>\n<\/ul>\n<p>&nbsp;<\/p>\n<p>&nbsp;<\/p>\n<p><img fetchpriority=\"high\" decoding=\"async\" class=\"alignnone wp-image-7363\" src=\"https:\/\/www.sellersunionagent.com\/wp-content\/uploads\/2022\/06\/multifunctional-underwear-bag-11-300x300.jpg\" alt=\"\" width=\"360\" height=\"360\" \/> <img decoding=\"async\" class=\"alignnone wp-image-7364\" src=\"https:\/\/www.sellersunionagent.com\/wp-content\/uploads\/2022\/06\/multifunctional-underwear-bag-10-300x300.jpg\" alt=\"\" width=\"360\" height=\"360\" \/> <img decoding=\"async\" class=\"alignnone wp-image-7365\" src=\"https:\/\/www.sellersunionagent.com\/wp-content\/uploads\/2022\/06\/multifunctional-underwear-bag-9-300x300.jpg\" alt=\"\" width=\"360\" height=\"360\" \/> <img loading=\"lazy\" decoding=\"async\" class=\"alignnone wp-image-7366\" src=\"https:\/\/www.sellersunionagent.com\/wp-content\/uploads\/2022\/06\/multifunctional-underwear-bag-8-300x300.jpg\" alt=\"\" width=\"360\" height=\"360\" \/> <img loading=\"lazy\" decoding=\"async\" class=\"alignnone wp-image-7367\" src=\"https:\/\/www.sellersunionagent.com\/wp-content\/uploads\/2022\/06\/multifunctional-underwear-bag-7-300x300.jpg\" alt=\"\" width=\"360\" height=\"360\" \/> <img loading=\"lazy\" decoding=\"async\" class=\"alignnone wp-image-7368\" src=\"https:\/\/www.sellersunionagent.com\/wp-content\/uploads\/2022\/06\/multifunctional-underwear-bag-6-300x300.jpg\" alt=\"\" width=\"360\" height=\"360\" \/><\/p>\n<p>&nbsp;<\/p>\n<p>&nbsp;<\/p>","protected":false},"excerpt":{"rendered":"<p><strong>Tipo<\/strong>: Organiza\u00e7\u00e3o da casa<\/p>\n<p><strong>Tamanho do item<\/strong>: 28*16*12,5cm<\/p>\n<p><strong>Peso do item<\/strong>: 210g<\/p>\n<p><strong>Cores<\/strong>: Borgonha\/azul\/navy\/preto\/cinza\/roxo<\/p>\n<p><strong>Material: <\/strong>Tecido cati\u00f4nico 300D<\/p>","protected":false},"featured_media":7373,"comment_status":"open","ping_status":"closed","template":"","meta":{"_acf_changed":false},"product_brand":[],"product_cat":[31,187],"product_tag":[73,79,83,50],"class_list":{"0":"post-7362","1":"product","2":"type-product","3":"status-publish","4":"has-post-thumbnail","6":"product_cat-home-storage","7":"product_cat-bedroom","8":"product_tag-home-storagewholesaledurable","9":"product_tag-organization","10":"product_tag-portable-bag","11":"product_tag-wholesale","13":"first","14":"instock","15":"shipping-taxable","16":"product-type-simple","17":"swiper-slide"},"acf":[],"_links":{"self":[{"href":"https:\/\/www.sellersunionagent.com\/pt\/wp-json\/wp\/v2\/product\/7362","targetHints":{"allow":["GET"]}}],"collection":[{"href":"https:\/\/www.sellersunionagent.com\/pt\/wp-json\/wp\/v2\/product"}],"about":[{"href":"https:\/\/www.sellersunionagent.com\/pt\/wp-json\/wp\/v2\/types\/product"}],"replies":[{"embeddable":true,"href":"https:\/\/www.sellersunionagent.com\/pt\/wp-json\/wp\/v2\/comments?post=7362"}],"wp:featuredmedia":[{"embeddable":true,"href":"https:\/\/www.sellersunionagent.com\/pt\/wp-json\/wp\/v2\/media\/7373"}],"wp:attachment":[{"href":"https:\/\/www.sellersunionagent.com\/pt\/wp-json\/wp\/v2\/media?parent=7362"}],"wp:term":[{"taxonomy":"product_brand","embeddable":true,"href":"https:\/\/www.sellersunionagent.com\/pt\/wp-json\/wp\/v2\/product_brand?post=7362"},{"taxonomy":"product_cat","embeddable":true,"href":"https:\/\/www.sellersunionagent.com\/pt\/wp-json\/wp\/v2\/product_cat?post=7362"},{"taxonomy":"product_tag","embeddable":true,"href":"https:\/\/www.sellersunionagent.com\/pt\/wp-json\/wp\/v2\/product_tag?post=7362"}],"curies":[{"name":"wp","href":"https:\/\/api.w.org\/{rel}","templated":true}]}}