{"id":7355,"date":"2022-06-25T15:06:54","date_gmt":"2022-06-25T07:06:54","guid":{"rendered":"https:\/\/sellersunionagent.com\/?post_type=product&#038;p=7355"},"modified":"2022-08-31T14:21:37","modified_gmt":"2022-08-31T06:21:37","slug":"armazenamento-domestico-organizador-de-armazenamento-de-calcados-ba","status":"publish","type":"product","link":"https:\/\/www.sellersunionagent.com\/pt\/home-storage-shoe-storage-organizer-ba\/","title":{"rendered":"Home Armazenamento Bolsa organizadora de armazenamento de sapatos"},"content":{"rendered":"<h2 id=\"title\" class=\"a-size-large a-spacing-none\"><span id=\"productTitle\" class=\"a-size-large product-title-word-break\">Sacos para sapatos para viagem, sacos para sapatos para armazenamento dom\u00e9stico no arm\u00e1rio, organizadores de embalagem de sapatos com z\u00edper<\/span><\/h2>\n<p>&nbsp;<\/p>\n<p>&nbsp;<\/p>\n<ul>\n<li>ORGANIZA\u00c7\u00c3O DE SAPATOS: essa bolsa para sapatos ajuda a manter todos os seus sapatos organizados e no lugar, em vez de ficarem na porta da frente ou espalhados pela casa. A bolsa tem v\u00e1rios compartimentos para guardar t\u00eanis, botas, saltos e sapatilhas, tudo em um s\u00f3 lugar. Use a bolsa para manter os pares de cal\u00e7ados limpos e organizados.<\/li>\n<\/ul>\n<p>&nbsp;<\/p>\n<p>&nbsp;<\/p>\n<ul>\n<li>CADEIRA DE VIAGEM: Projetamos essa bolsa com al\u00e7as de transporte para que seja f\u00e1cil levar seus cal\u00e7ados para onde quer que voc\u00ea precise ir. Coloque os sapatos em compartimentos separados, feche o z\u00edper da bolsa e pegue as al\u00e7as! O organizador cabe perfeitamente embaixo da cama, no arm\u00e1rio, em uma mala ou at\u00e9 mesmo em uma gaveta.<\/li>\n<\/ul>\n<p>&nbsp;<\/p>\n<p>&nbsp;<\/p>\n<ul>\n<li>MANTENHA OS CAL\u00c7ADOS SEGUROS: Voc\u00ea tem alguns pares de cal\u00e7ados que talvez precisem de prote\u00e7\u00e3o extra contra arranh\u00f5es, arranh\u00f5es ou detritos? Sapatos de camur\u00e7a, de glitter ou de tecido delicado podem ser facilmente danificados, e os saltos altos t\u00eam o potencial de arranhar outros cal\u00e7ados. Mantenha todos os seus cal\u00e7ados seguros e protegidos em nossa bolsa com capa. Al\u00e9m disso, a bolsa pode ser guardada na horizontal quando n\u00e3o estiver em uso.<\/li>\n<\/ul>\n<p>&nbsp;<\/p>\n<p>&nbsp;<\/p>\n<ul>\n<li>IDEIA DE PRESENTE EXCLUSIVO: Est\u00e1 procurando uma ideia \u00fanica de presente para um amigo ou membro da fam\u00edlia? Todo mundo precisa do dom da organiza\u00e7\u00e3o em sua vida. Presenteie seus entes queridos com este cont\u00eainer para sapatos em anivers\u00e1rios, Natal, festas de inaugura\u00e7\u00e3o, casamentos ou outras ocasi\u00f5es especiais. Esse organizador tamb\u00e9m \u00e9 \u00f3timo para estudantes universit\u00e1rios ou viajantes frequentes!<\/li>\n<\/ul>\n<p>&nbsp;<\/p>\n<p><img fetchpriority=\"high\" decoding=\"async\" class=\"aligncenter wp-image-7356\" src=\"https:\/\/www.sellersunionagent.com\/wp-content\/uploads\/2022\/06\/home-storage-shoe-storage-organizer-bag-1-300x300.jpg\" alt=\"\" width=\"600\" height=\"600\" \/> <img decoding=\"async\" class=\"aligncenter wp-image-7357\" src=\"https:\/\/www.sellersunionagent.com\/wp-content\/uploads\/2022\/06\/home-storage-shoe-storage-organizer-bag-300x300.jpg\" alt=\"\" width=\"600\" height=\"600\" \/> <img decoding=\"async\" class=\"aligncenter wp-image-7358\" src=\"https:\/\/www.sellersunionagent.com\/wp-content\/uploads\/2022\/06\/home-sstorage-shoe-storage-organizer-bag-3-300x300.jpg\" alt=\"\" width=\"600\" height=\"600\" \/><\/p>","protected":false},"excerpt":{"rendered":"<p><strong>Tipo<\/strong>: Organiza\u00e7\u00e3o da casa<\/p>\n<p><strong>Tamanho do item<\/strong>: 21*26*34,5cm<\/p>\n<p><strong>Peso do item<\/strong>: 280g<\/p>\n<p><strong>Cores<\/strong>: Cinza<\/p>\n<p><strong>Material: <\/strong>Tecido cati\u00f4nico atualizado<\/p>","protected":false},"featured_media":7361,"comment_status":"open","ping_status":"closed","template":"","meta":{"_acf_changed":false},"product_brand":[],"product_cat":[31,186],"product_tag":[73,59,69],"class_list":{"0":"post-7355","1":"product","2":"type-product","3":"status-publish","4":"has-post-thumbnail","6":"product_cat-home-storage","7":"product_cat-living-room","8":"product_tag-home-storagewholesaledurable","9":"product_tag-multifunctional","10":"product_tag-shoe-storage-bags","12":"first","13":"instock","14":"shipping-taxable","15":"product-type-simple","16":"swiper-slide"},"acf":[],"_links":{"self":[{"href":"https:\/\/www.sellersunionagent.com\/pt\/wp-json\/wp\/v2\/product\/7355","targetHints":{"allow":["GET"]}}],"collection":[{"href":"https:\/\/www.sellersunionagent.com\/pt\/wp-json\/wp\/v2\/product"}],"about":[{"href":"https:\/\/www.sellersunionagent.com\/pt\/wp-json\/wp\/v2\/types\/product"}],"replies":[{"embeddable":true,"href":"https:\/\/www.sellersunionagent.com\/pt\/wp-json\/wp\/v2\/comments?post=7355"}],"wp:featuredmedia":[{"embeddable":true,"href":"https:\/\/www.sellersunionagent.com\/pt\/wp-json\/wp\/v2\/media\/7361"}],"wp:attachment":[{"href":"https:\/\/www.sellersunionagent.com\/pt\/wp-json\/wp\/v2\/media?parent=7355"}],"wp:term":[{"taxonomy":"product_brand","embeddable":true,"href":"https:\/\/www.sellersunionagent.com\/pt\/wp-json\/wp\/v2\/product_brand?post=7355"},{"taxonomy":"product_cat","embeddable":true,"href":"https:\/\/www.sellersunionagent.com\/pt\/wp-json\/wp\/v2\/product_cat?post=7355"},{"taxonomy":"product_tag","embeddable":true,"href":"https:\/\/www.sellersunionagent.com\/pt\/wp-json\/wp\/v2\/product_tag?post=7355"}],"curies":[{"name":"wp","href":"https:\/\/api.w.org\/{rel}","templated":true}]}}