{"id":7354,"date":"2022-06-26T21:28:25","date_gmt":"2022-06-26T13:28:25","guid":{"rendered":"https:\/\/sellersunionagent.com\/?post_type=product&#038;p=7354"},"modified":"2022-06-26T21:28:48","modified_gmt":"2022-06-26T13:28:48","slug":"organizador-de-documentos-de-viagem-porta-passaporte-da-best-wholesale-inc","status":"publish","type":"product","link":"https:\/\/www.sellersunionagent.com\/pt\/travel-document-organizer-passport-holder-from-best-wholesale-inc\/","title":{"rendered":"Porta-passaporte organizador de documentos de viagem da Best Wholesale Inc"},"content":{"rendered":"<h2>Porta-passaporte organizador de documentos de viagem da Best Wholesale Inc<\/h2>\n<p><span class=\"skip\"><a data-keyword=\"appropriate\">Design multifuncional: Ele n\u00e3o \u00e9 apenas um porta-passaporte onde voc\u00ea pode colocar apenas alguns passaportes e cart\u00f5es. \u00c9 um pr\u00e1tico organizador de viagens no qual todos os seus cart\u00f5es e dinheiro importantes estar\u00e3o em um s\u00f3 lugar. Cart\u00f5es banc\u00e1rios, cart\u00f5es de visita, dinheiro, tiras de notas, canetas, ingressos e unidades USB t\u00eam compartimentos especiais para eles. Com ele, voc\u00ea pode come\u00e7ar a trabalhar de forma elegante a qualquer momento.<\/a><\/span><\/p>\n<p>&nbsp;<\/p>\n<p>Boa qualidade: Essa bolsa \u00e9 feita de tecido Oxford de alta qualidade, com um tratamento de superf\u00edcie \u00e0 prova d'\u00e1gua de quatro n\u00edveis, f\u00e1cil de limpar.<\/p>\n<p>&nbsp;<\/p>\n<p>Grande capacidade: A grande capacidade de armazenamento pode conter seus acess\u00f3rios eletr\u00f4nicos di\u00e1rios, como cabos, v\u00e1rios carregadores, fones de ouvido, adaptador eletr\u00f4nico etc.<\/p>\n<p><img fetchpriority=\"high\" decoding=\"async\" class=\"aligncenter wp-image-7376\" src=\"https:\/\/www.sellersunionagent.com\/wp-content\/uploads\/2022\/06\/travel-document-organizer-passport-holder-14.jpg\" alt=\"Atacado Inc\" width=\"600\" height=\"600\" \/><img decoding=\"async\" class=\"aligncenter wp-image-7379\" src=\"https:\/\/www.sellersunionagent.com\/wp-content\/uploads\/2022\/06\/travel-document-organizer-passport-holder-11.jpg\" alt=\"Atacado Inc\" width=\"600\" height=\"600\" \/><img decoding=\"async\" class=\"aligncenter wp-image-7378\" src=\"https:\/\/www.sellersunionagent.com\/wp-content\/uploads\/2022\/06\/travel-document-organizer-passport-holder-12.jpg\" alt=\"Atacado Inc\" width=\"600\" height=\"600\" \/><img loading=\"lazy\" decoding=\"async\" class=\"aligncenter wp-image-7451\" src=\"https:\/\/www.sellersunionagent.com\/wp-content\/uploads\/2022\/06\/travel-document-organizer-passport-holder-1.jpg\" alt=\"Atacado Inc\" width=\"600\" height=\"595\" \/><img loading=\"lazy\" decoding=\"async\" class=\"aligncenter wp-image-7452\" src=\"https:\/\/www.sellersunionagent.com\/wp-content\/uploads\/2022\/06\/travel-document-organizer-passport-holder.jpg\" alt=\"Atacado Inc\" width=\"600\" height=\"595\" srcset=\"https:\/\/www.sellersunionagent.com\/wp-content\/uploads\/2022\/06\/travel-document-organizer-passport-holder.jpg 354w, https:\/\/www.sellersunionagent.com\/wp-content\/uploads\/2022\/06\/travel-document-organizer-passport-holder-100x100.jpg 100w\" sizes=\"(max-width: 600px) 100vw, 600px\" \/><\/p>","protected":false},"excerpt":{"rendered":"<p><strong>Tipo<\/strong>: Portador de passaporte<\/p>\n<p><strong>Tamanho do item<\/strong>: 23,5*12*2cm<\/p>\n<p><strong>Peso do item<\/strong>: 185g<br \/>\n<b data-spm-anchor-id=\"a2700.wholesale.0.i30.19ef5692iiqQHz\">Cores: <\/b>Marinho, cinza, roxo, preto, <span class=\"skip\"><a class=\"color_pc_blue_text\" data-keyword=\"dark blue\">azul escuro<\/a><\/span>, vinho<\/p>\n<p>&nbsp;<\/p>\n<p>Desde 1997, iniciamos nossos neg\u00f3cios. Mantemos uma sensibilidade de mercado extremamente alta para as diversas commodities. Os itens de armazenamento que compramos - o melhor atacado da Inc. - lhe proporcionam uma experi\u00eancia maravilhosa de produtos e servi\u00e7os. Temos o prazer de lhe oferecer os produtos mais populares para ajud\u00e1-lo a expandir seus neg\u00f3cios.<\/p>","protected":false},"featured_media":7376,"comment_status":"open","ping_status":"closed","template":"","meta":{"_acf_changed":false},"product_brand":[],"product_cat":[32],"product_tag":[88,89],"class_list":{"0":"post-7354","1":"product","2":"type-product","3":"status-publish","4":"has-post-thumbnail","6":"product_cat-digital-bag","7":"product_tag-digital-accessories-storage-bag","8":"product_tag-multi-function","10":"first","11":"instock","12":"shipping-taxable","13":"product-type-simple","14":"swiper-slide"},"acf":[],"_links":{"self":[{"href":"https:\/\/www.sellersunionagent.com\/pt\/wp-json\/wp\/v2\/product\/7354","targetHints":{"allow":["GET"]}}],"collection":[{"href":"https:\/\/www.sellersunionagent.com\/pt\/wp-json\/wp\/v2\/product"}],"about":[{"href":"https:\/\/www.sellersunionagent.com\/pt\/wp-json\/wp\/v2\/types\/product"}],"replies":[{"embeddable":true,"href":"https:\/\/www.sellersunionagent.com\/pt\/wp-json\/wp\/v2\/comments?post=7354"}],"wp:featuredmedia":[{"embeddable":true,"href":"https:\/\/www.sellersunionagent.com\/pt\/wp-json\/wp\/v2\/media\/7376"}],"wp:attachment":[{"href":"https:\/\/www.sellersunionagent.com\/pt\/wp-json\/wp\/v2\/media?parent=7354"}],"wp:term":[{"taxonomy":"product_brand","embeddable":true,"href":"https:\/\/www.sellersunionagent.com\/pt\/wp-json\/wp\/v2\/product_brand?post=7354"},{"taxonomy":"product_cat","embeddable":true,"href":"https:\/\/www.sellersunionagent.com\/pt\/wp-json\/wp\/v2\/product_cat?post=7354"},{"taxonomy":"product_tag","embeddable":true,"href":"https:\/\/www.sellersunionagent.com\/pt\/wp-json\/wp\/v2\/product_tag?post=7354"}],"curies":[{"name":"wp","href":"https:\/\/api.w.org\/{rel}","templated":true}]}}