{"id":7344,"date":"2022-06-25T14:57:06","date_gmt":"2022-06-25T06:57:06","guid":{"rendered":"https:\/\/sellersunionagent.com\/?post_type=product&#038;p=7344"},"modified":"2022-08-31T14:21:47","modified_gmt":"2022-08-31T06:21:47","slug":"organizador-de-viagem-para-armazenamento-domestico-de-grande-capacidade-no-atacado","status":"publish","type":"product","link":"https:\/\/www.sellersunionagent.com\/pt\/wholesale-large-capacity-home-storage-travel-organizer\/","title":{"rendered":"Organizador de viagens para armazenamento dom\u00e9stico de grande capacidade no atacado"},"content":{"rendered":"<h2 id=\"title\" class=\"a-size-large a-spacing-none\"><span id=\"productTitle\" class=\"a-size-large product-title-word-break\">Packing Cubes for Travel, 7Pcs Travel Cubes Set Foldable Suitcase Organizer Lightweight Luggage Storage Bag<\/span><\/h2>\n<h2><\/h2>\n<p>&nbsp;<\/p>\n<ul>\n<li class=\"a-size-large a-spacing-none\"><strong><span id=\"productTitle\" class=\"a-size-large product-title-word-break\">Tecido cati\u00f4nico<\/span><\/strong><\/li>\n<\/ul>\n<p>&nbsp;<\/p>\n<p>&nbsp;<\/p>\n<ul>\n<li class=\"a-size-large a-spacing-none\"><span id=\"productTitle\" class=\"a-size-large product-title-word-break\"><strong>Bolsa para maquiagem e bolsa para cabos mais sofisticadas:<\/strong> Diferentemente de outros fornecedores, nosso conjunto de cubos de embalagem para viagem inclui uma nova e estilosa bolsa para maquiagem, com bolsos de malha embutidos, para armazenar seus cosm\u00e9ticos de forma organizada, uma bolsa para cabos com novo design, bolsos de malha embutidos e el\u00e1stico, grande capacidade, muito adequada para seu carregador, fones de ouvido, cabo e mouse.<\/span><\/li>\n<\/ul>\n<p>&nbsp;<\/p>\n<p>&nbsp;<\/p>\n<ul>\n<li class=\"a-size-large a-spacing-none\"><span id=\"productTitle\" class=\"a-size-large product-title-word-break\"><strong>Conjunto de malas de viagem supervaliosas:<\/strong> Inclui 3 cubos de viagem individuais para roupas, 1 cubo para roupas \u00edntimas, 2 bolsas com cord\u00e3o \u00e0 prova d'\u00e1gua para sapatos e cosm\u00e9ticos, 1 bolsa para cabo USB, fones de ouvido, 1 bolsa pequena para meias, moedas, canetas, chaves etc. Eles podem deixar sua bagagem limpa e organizada, proporcionando uma experi\u00eancia de viagem f\u00e1cil e confort\u00e1vel.<\/span><\/li>\n<\/ul>\n<p>&nbsp;<\/p>\n<p>&nbsp;<\/p>\n<ul>\n<li class=\"a-size-large a-spacing-none\"><span id=\"productTitle\" class=\"a-size-large product-title-word-break\"><strong>Viaje com mais facilidade e conforto:<\/strong> O design de malha vis\u00edvel na parte superior, transparente e respir\u00e1vel, pode economizar tempo para encontrar roupas, com fivelas fixas na parte interna do cubo de embalagem para manter suas roupas limpas e organizadas. O design com al\u00e7a forte torna as malas de viagem f\u00e1ceis de carregar ou voc\u00ea pode dobr\u00e1-las e coloc\u00e1-las em sua bolsa ou mochila para carreg\u00e1-las.<\/span><\/li>\n<\/ul>\n<p>&nbsp;<\/p>\n<p>&nbsp;<\/p>\n<ul>\n<li class=\"a-size-large a-spacing-none\"><span id=\"productTitle\" class=\"a-size-large product-title-word-break\"><strong>Material dur\u00e1vel e z\u00edper duplo:<\/strong> O organizador de embalagem \u00e9 feito de tecido cati\u00f4nico de alta qualidade, com acabamento requintado, design \u00e0 prova d'\u00e1gua, superleve e resistente a rasgos. Design com z\u00edper duplo de metal premium, muito dur\u00e1vel e r\u00e1pido de abrir\/fechar.<\/span><\/li>\n<\/ul>\n<p>&nbsp;<\/p>\n<p>&nbsp;<\/p>\n<ul>\n<li class=\"a-size-large a-spacing-none\"><span id=\"productTitle\" class=\"a-size-large product-title-word-break\"><strong>Grande capacidade e garantia de qualidade:<\/strong> Com tamanhos diferentes, o conjunto de bolsas essenciais de viagem pode armazenar e classificar bem roupas, roupas sujas, suti\u00e3s, roupas \u00edntimas, sapatos, meias, cosm\u00e9ticos, toalhas, produtos de higiene pessoal e acess\u00f3rios eletr\u00f4nicos, um bom companheiro para sair. N\u00f3s lhe ofereceremos uma experi\u00eancia de compra fant\u00e1stica!\u00a0<\/span><\/li>\n<\/ul>\n<p><img fetchpriority=\"high\" decoding=\"async\" class=\"aligncenter wp-image-7349\" src=\"https:\/\/www.sellersunionagent.com\/wp-content\/uploads\/2022\/06\/wholesale-large-capacity-home-storage-travel-organizer-3-300x300.jpg\" alt=\"\" width=\"500\" height=\"500\" \/> <img decoding=\"async\" class=\"aligncenter wp-image-7350\" src=\"https:\/\/www.sellersunionagent.com\/wp-content\/uploads\/2022\/06\/wholesale-large-capacity-home-storage-travel-organizer-2-300x300.jpg\" alt=\"\" width=\"500\" height=\"500\" \/> <img decoding=\"async\" class=\"aligncenter wp-image-7351\" src=\"https:\/\/www.sellersunionagent.com\/wp-content\/uploads\/2022\/06\/wholesale-large-capacity-home-storage-travel-organizer-1-300x300.jpg\" alt=\"\" width=\"500\" height=\"500\" \/> <img loading=\"lazy\" decoding=\"async\" class=\"aligncenter wp-image-7352\" src=\"https:\/\/www.sellersunionagent.com\/wp-content\/uploads\/2022\/06\/wholesale-large-capacity-home-storage-travel-organizer-300x300.jpg\" alt=\"\" width=\"500\" height=\"500\" \/><\/p>","protected":false},"excerpt":{"rendered":"<p><strong>Tipo<\/strong>: Organiza\u00e7\u00e3o da casa<\/p>\n<p><strong><a class=\"color_pc_blue_text\" data-keyword=\"cationic fabric\">Material: <\/a><\/strong><a class=\"color_pc_blue_text\" data-keyword=\"cationic fabric\">tecido cati\u00f4nico<\/a><\/p>\n<p><strong>Tamanho do item<\/strong>: 37.5*34*10cm\/31*28*10cm\/30.5*23.5*10cm\/25*12.5*10cm\/24*15cm\/35*21cm\/25*21cm<\/p>\n<p><strong>Cores<\/strong>: Cinza\/navy\/khaki\/p\u00farpura\/rosa\/preto<\/p>\n<p>&nbsp;<\/p>","protected":false},"featured_media":7348,"comment_status":"open","ping_status":"closed","template":"","meta":{"_acf_changed":false},"product_brand":[],"product_cat":[31,187],"product_tag":[73,48,59,79,60,50],"class_list":{"0":"post-7344","1":"product","2":"type-product","3":"status-publish","4":"has-post-thumbnail","6":"product_cat-home-storage","7":"product_cat-bedroom","8":"product_tag-home-storagewholesaledurable","9":"product_tag-large-capacity","10":"product_tag-multifunctional","11":"product_tag-organization","12":"product_tag-portable","13":"product_tag-wholesale","15":"first","16":"instock","17":"shipping-taxable","18":"product-type-simple","19":"swiper-slide"},"acf":[],"_links":{"self":[{"href":"https:\/\/www.sellersunionagent.com\/pt\/wp-json\/wp\/v2\/product\/7344","targetHints":{"allow":["GET"]}}],"collection":[{"href":"https:\/\/www.sellersunionagent.com\/pt\/wp-json\/wp\/v2\/product"}],"about":[{"href":"https:\/\/www.sellersunionagent.com\/pt\/wp-json\/wp\/v2\/types\/product"}],"replies":[{"embeddable":true,"href":"https:\/\/www.sellersunionagent.com\/pt\/wp-json\/wp\/v2\/comments?post=7344"}],"wp:featuredmedia":[{"embeddable":true,"href":"https:\/\/www.sellersunionagent.com\/pt\/wp-json\/wp\/v2\/media\/7348"}],"wp:attachment":[{"href":"https:\/\/www.sellersunionagent.com\/pt\/wp-json\/wp\/v2\/media?parent=7344"}],"wp:term":[{"taxonomy":"product_brand","embeddable":true,"href":"https:\/\/www.sellersunionagent.com\/pt\/wp-json\/wp\/v2\/product_brand?post=7344"},{"taxonomy":"product_cat","embeddable":true,"href":"https:\/\/www.sellersunionagent.com\/pt\/wp-json\/wp\/v2\/product_cat?post=7344"},{"taxonomy":"product_tag","embeddable":true,"href":"https:\/\/www.sellersunionagent.com\/pt\/wp-json\/wp\/v2\/product_tag?post=7344"}],"curies":[{"name":"wp","href":"https:\/\/api.w.org\/{rel}","templated":true}]}}