{"id":7328,"date":"2022-06-25T14:43:36","date_gmt":"2022-06-25T06:43:36","guid":{"rendered":"https:\/\/sellersunionagent.com\/?post_type=product&#038;p=7328"},"modified":"2022-08-31T14:22:00","modified_gmt":"2022-08-31T06:22:00","slug":"conjunto-de-7-organizadores-de-viagem-para-armazenamento-domestico-com-ziper","status":"publish","type":"product","link":"https:\/\/www.sellersunionagent.com\/pt\/home-storage-travel-organiser-set-of-7-with-zipper\/","title":{"rendered":"Casa Armazenamento Organizador de viagem conjunto de 7 com z\u00edper"},"content":{"rendered":"<h2 id=\"title\" class=\"a-size-large a-spacing-none a-color-secondary\"><span id=\"productTitle\" class=\"a-size-large product-title-word-break\">BAG 7 Set Packing Cubes Luggage Packing Organizers for Travel Accessories<\/span><\/h2>\n<p>&nbsp;<\/p>\n<p>&nbsp;<\/p>\n<ul>\n<li><strong>TECIDO DE POLI\u00c9STER PREMIUM ATUALIZADO:<\/strong> O tecido de poli\u00e9ster protege suas roupas contra rugas e manchas. O recurso de alto desempenho garante que esses cubos de embalagem possam suportar o desgaste de alta densidade durante a viagem.<\/li>\n<\/ul>\n<p>&nbsp;<\/p>\n<p>&nbsp;<\/p>\n<ul>\n<li><strong>LEVE E DUR\u00c1VEL:<\/strong> O tecido de poli\u00e9ster garante o armazenamento organizado de suas roupas na bagagem sem adicionar peso extra. O z\u00edper de duas vias resistente e liso com cord\u00e3o estendido garante a abertura e o fechamento r\u00e1pidos e f\u00e1ceis dos cubos de embalagem. O painel superior de malha macia e lisa n\u00e3o apenas protege suas roupas delicadas contra rugas e odores, mas tamb\u00e9m ajuda a identificar suas roupas por meio da malha vis\u00edvel para evitar confus\u00f5es dentro de toda a bagagem.<\/li>\n<\/ul>\n<p>&nbsp;<\/p>\n<p>&nbsp;<\/p>\n<ul>\n<li><strong>EMBALAGEM ORGANIZADA e ECONOMIA DE ESPA\u00c7O: <\/strong>Separe suas diferentes roupas com cubos de embalagem de v\u00e1rios tamanhos e op\u00e7\u00f5es de cores vivas dispon\u00edveis. Economize tempo em sua viagem, passeio ou atividades ao ar livre, evitando o extravio de diferentes itens e aproveitando ao m\u00e1ximo o espa\u00e7o em sua bagagem.<\/li>\n<\/ul>\n<p>&nbsp;<\/p>\n<p>&nbsp;<\/p>\n<ul>\n<li><strong>GARANTIA DE DEVOLU\u00c7\u00c3O DO DINHEIRO 100%:<\/strong> Oferecer os melhores produtos e atender a todas as suas necessidades sempre foi nosso principal objetivo. N\u00f3s nos responsabilizamos por todos os nossos produtos BAGAIL e oferecemos uma garantia incondicional de qualidade e habilidade em 12 meses.<\/li>\n<\/ul>\n<p>&nbsp;<\/p>\n<p>&nbsp;<\/p>\n<p><img fetchpriority=\"high\" decoding=\"async\" class=\"alignnone wp-image-7332\" src=\"https:\/\/www.sellersunionagent.com\/wp-content\/uploads\/2022\/06\/home-storage-travel-organiser-set-6-300x300.jpg\" alt=\"\" width=\"360\" height=\"360\" \/> <img decoding=\"async\" class=\"alignnone wp-image-7333\" src=\"https:\/\/www.sellersunionagent.com\/wp-content\/uploads\/2022\/06\/home-storage-travel-organiser-set-5-300x300.jpg\" alt=\"\" width=\"360\" height=\"360\" \/> <img decoding=\"async\" class=\"alignnone wp-image-7334\" src=\"https:\/\/www.sellersunionagent.com\/wp-content\/uploads\/2022\/06\/home-storage-travel-organiser-set-4-300x300.jpg\" alt=\"\" width=\"360\" height=\"360\" \/> <img loading=\"lazy\" decoding=\"async\" class=\"alignnone wp-image-7336\" src=\"https:\/\/www.sellersunionagent.com\/wp-content\/uploads\/2022\/06\/home-storage-travel-organiser-set-2-300x300.jpg\" alt=\"\" width=\"360\" height=\"360\" \/> <img loading=\"lazy\" decoding=\"async\" class=\"alignnone wp-image-7337\" src=\"https:\/\/www.sellersunionagent.com\/wp-content\/uploads\/2022\/06\/home-storage-travel-organiser-set-1-300x300.jpg\" alt=\"\" width=\"360\" height=\"360\" \/> <img loading=\"lazy\" decoding=\"async\" class=\"alignnone wp-image-7338\" src=\"https:\/\/www.sellersunionagent.com\/wp-content\/uploads\/2022\/06\/home-storage-travel-organiser-set-300x300.jpg\" alt=\"\" width=\"360\" height=\"360\" \/><\/p>","protected":false},"excerpt":{"rendered":"<p><strong>Tipo<\/strong>: Organiza\u00e7\u00e3o da casa<\/p>\n<p><strong>Tamanho do item<\/strong>: 25*10*33cm\/25*20cm\/24*14*9cm\/21*29cm\/40*13*27cm\/25*18*10cm\/23*9*15cm<\/p>\n<p><strong>Cores<\/strong>: Azul lagoa\/rosa\/navy\/preto<\/p>\n<p><strong>Material: <\/strong>Poli\u00e9ster<\/p>\n<p>&nbsp;<\/p>\n<p><span class=\"tgt color_text_1\" data-section=\"0\" data-sentence=\"0\" data-group=\"0-0\">A vida precisa de uma bela jornada para largar tudo.<\/span><\/p>\n<p><span class=\"tgt color_text_1\" data-section=\"0\" data-sentence=\"1\" data-group=\"0-1\">D\u00ea \u00e0 vida um batismo, d\u00ea \u00e0 alma uma liberdade.<\/span><\/p>\n<p><span class=\"tgt color_text_1\" data-section=\"0\" data-sentence=\"2\" data-group=\"0-2\">Mala bagun\u00e7ada, o visual \u00e9 t\u00e3o bagun\u00e7ado, por que n\u00e3o comprar uma cole\u00e7\u00e3o de sete pe\u00e7as, para ficar linda na viagem?<\/span><\/p>\n<p><span class=\"tgt color_text_1\" data-section=\"0\" data-sentence=\"3\" data-group=\"0-3\">Desejo escapar de um outro eu muito distante.<\/span><\/p>","protected":false},"featured_media":7331,"comment_status":"open","ping_status":"closed","template":"","meta":{"_acf_changed":false},"product_brand":[],"product_cat":[31,186],"product_tag":[70,48,53,64,66,50],"class_list":{"0":"post-7328","1":"product","2":"type-product","3":"status-publish","4":"has-post-thumbnail","6":"product_cat-home-storage","7":"product_cat-living-room","8":"product_tag-home-storage","9":"product_tag-large-capacity","10":"product_tag-professional-supplier","11":"product_tag-travel","12":"product_tag-water-resistant","13":"product_tag-wholesale","15":"first","16":"instock","17":"shipping-taxable","18":"product-type-simple","19":"swiper-slide"},"acf":[],"_links":{"self":[{"href":"https:\/\/www.sellersunionagent.com\/pt\/wp-json\/wp\/v2\/product\/7328","targetHints":{"allow":["GET"]}}],"collection":[{"href":"https:\/\/www.sellersunionagent.com\/pt\/wp-json\/wp\/v2\/product"}],"about":[{"href":"https:\/\/www.sellersunionagent.com\/pt\/wp-json\/wp\/v2\/types\/product"}],"replies":[{"embeddable":true,"href":"https:\/\/www.sellersunionagent.com\/pt\/wp-json\/wp\/v2\/comments?post=7328"}],"wp:featuredmedia":[{"embeddable":true,"href":"https:\/\/www.sellersunionagent.com\/pt\/wp-json\/wp\/v2\/media\/7331"}],"wp:attachment":[{"href":"https:\/\/www.sellersunionagent.com\/pt\/wp-json\/wp\/v2\/media?parent=7328"}],"wp:term":[{"taxonomy":"product_brand","embeddable":true,"href":"https:\/\/www.sellersunionagent.com\/pt\/wp-json\/wp\/v2\/product_brand?post=7328"},{"taxonomy":"product_cat","embeddable":true,"href":"https:\/\/www.sellersunionagent.com\/pt\/wp-json\/wp\/v2\/product_cat?post=7328"},{"taxonomy":"product_tag","embeddable":true,"href":"https:\/\/www.sellersunionagent.com\/pt\/wp-json\/wp\/v2\/product_tag?post=7328"}],"curies":[{"name":"wp","href":"https:\/\/api.w.org\/{rel}","templated":true}]}}