{"id":7308,"date":"2022-06-25T14:16:49","date_gmt":"2022-06-25T06:16:49","guid":{"rendered":"https:\/\/sellersunionagent.com\/?post_type=product&#038;p=7308"},"modified":"2022-08-31T14:22:08","modified_gmt":"2022-08-31T06:22:08","slug":"bolsa-para-armazenamento-domestico-de-calcados-para-viagens-e-uso-diario","status":"publish","type":"product","link":"https:\/\/www.sellersunionagent.com\/pt\/home-storage-shoe-bag-for-travel-and-daily-use\/","title":{"rendered":"Bolsa para sapatos de armazenamento dom\u00e9stico para viagens e uso di\u00e1rio"},"content":{"rendered":"<h2 id=\"title\" class=\"a-size-large a-spacing-none a-color-secondary\"><span id=\"productTitle\" class=\"a-size-large product-title-word-break\">Bolsa para sapatos com capacidade para 3 pares de sapatos para viagens e uso di\u00e1rio Bolsa de armazenamento<\/span><\/h2>\n<p>&nbsp;<\/p>\n<p>&nbsp;<\/p>\n<ul>\n<li>ORGANIZADOR DE VIAGENS E BOLSA PARA SAPATOS - Feita de tecido de poli\u00e9ster de alta qualidade, dur\u00e1vel e resistente \u00e0 \u00e1gua, com z\u00edperes bidirecionais suaves. \u00c9 uma boa op\u00e7\u00e3o para quem viaja ou trabalha em um escrit\u00f3rio.<\/li>\n<\/ul>\n<p>&nbsp;<\/p>\n<p>&nbsp;<\/p>\n<ul>\n<li>AL\u00c7A SUPERIOR - Esta bolsa para cal\u00e7ados tem uma al\u00e7a na parte superior para sua conveni\u00eancia. Isso facilita o armazenamento dos sapatos na bagagem, na prateleira do arm\u00e1rio ou em qualquer outro local de dif\u00edcil acesso.<\/li>\n<\/ul>\n<p>&nbsp;<\/p>\n<p>&nbsp;<\/p>\n<ul>\n<li>BOLSA MULTIUSO CONVENIENTE - N\u00e3o \u00e9 apenas uma bolsa para sapatos. Voc\u00ea tamb\u00e9m pode us\u00e1-la como cubo de embalagem, bolsa para produtos de higiene pessoal, bolsa para maquiagem, organizador de roupas \u00edntimas ou bolsa para roupa suja, como preferir.<\/li>\n<\/ul>\n<p>&nbsp;<\/p>\n<p>&nbsp;<\/p>\n<p><img fetchpriority=\"high\" decoding=\"async\" class=\"alignnone wp-image-7312\" src=\"https:\/\/www.sellersunionagent.com\/wp-content\/uploads\/2022\/06\/home-storage-shoe-bag-for-travel-and-daily-use-9-300x300.jpg\" alt=\"\" width=\"360\" height=\"360\" \/> <img decoding=\"async\" class=\"alignnone wp-image-7313\" src=\"https:\/\/www.sellersunionagent.com\/wp-content\/uploads\/2022\/06\/home-storage-shoe-bag-for-travel-and-daily-use-8-300x300.jpg\" alt=\"\" width=\"360\" height=\"360\" \/> <img decoding=\"async\" class=\"alignnone wp-image-7314\" src=\"https:\/\/www.sellersunionagent.com\/wp-content\/uploads\/2022\/06\/home-storage-shoe-bag-for-travel-and-daily-use-7-300x300.jpg\" alt=\"\" width=\"360\" height=\"360\" \/> <img loading=\"lazy\" decoding=\"async\" class=\"alignnone wp-image-7315\" src=\"https:\/\/www.sellersunionagent.com\/wp-content\/uploads\/2022\/06\/home-storage-shoe-bag-for-travel-and-daily-use-6-300x300.jpg\" alt=\"\" width=\"360\" height=\"360\" \/> <img loading=\"lazy\" decoding=\"async\" class=\"alignnone wp-image-7316\" src=\"https:\/\/www.sellersunionagent.com\/wp-content\/uploads\/2022\/06\/home-storage-shoe-bag-for-travel-and-daily-use-5-300x300.jpg\" alt=\"\" width=\"360\" height=\"360\" \/> <img loading=\"lazy\" decoding=\"async\" class=\"alignnone wp-image-7317\" src=\"https:\/\/www.sellersunionagent.com\/wp-content\/uploads\/2022\/06\/home-storage-shoe-bag-for-travel-and-daily-use-4-300x300.jpg\" alt=\"\" width=\"360\" height=\"360\" \/><img loading=\"lazy\" decoding=\"async\" class=\"aligncenter wp-image-9285\" src=\"https:\/\/www.sellersunionagent.com\/wp-content\/uploads\/2022\/06\/a1b2f31f6eb34fbf0b17916c50acbef-300x300.png\" alt=\"\" width=\"600\" height=\"600\" \/><img loading=\"lazy\" decoding=\"async\" class=\"aligncenter wp-image-9284\" src=\"https:\/\/www.sellersunionagent.com\/wp-content\/uploads\/2022\/06\/ec8024f0f78621e48d6c614d9216022.png\" alt=\"\" width=\"600\" height=\"522\" \/> \u00a0<img loading=\"lazy\" decoding=\"async\" class=\"aligncenter wp-image-9287\" src=\"https:\/\/www.sellersunionagent.com\/wp-content\/uploads\/2022\/06\/aa425323d9fdcbc40ff49dcfbed93c6.jpg\" alt=\"\" width=\"600\" height=\"600\" \/><\/p>\n<p>&nbsp;<\/p>","protected":false},"excerpt":{"rendered":"<p><strong>Nome:<\/strong> Bolsa multifuncional para armazenamento de produtos<\/p>\n<p><strong>Tipo<\/strong>: Organiza\u00e7\u00e3o da casa<\/p>\n<p><strong>N\u00famero do item<\/strong>: RH524<\/p>\n<p><strong>Tamanho do item<\/strong>: 30*20*13cm<\/p>\n<p><strong>Peso do item<\/strong>: 280g<\/p>\n<p><strong>Cores<\/strong>: Borgonha\/p\u00farpura\/navy\/preto\/cinza escuro\/azul celeste<\/p>\n<p><strong>Material: <\/strong>Poli\u00e9ster<\/p>","protected":false},"featured_media":7321,"comment_status":"open","ping_status":"closed","template":"","meta":{"_acf_changed":false},"product_brand":[],"product_cat":[31,187],"product_tag":[73,47],"class_list":{"0":"post-7308","1":"product","2":"type-product","3":"status-publish","4":"has-post-thumbnail","6":"product_cat-home-storage","7":"product_cat-bedroom","8":"product_tag-home-storagewholesaledurable","9":"product_tag-hot-sale","11":"first","12":"instock","13":"shipping-taxable","14":"product-type-simple","15":"swiper-slide"},"acf":[],"_links":{"self":[{"href":"https:\/\/www.sellersunionagent.com\/pt\/wp-json\/wp\/v2\/product\/7308","targetHints":{"allow":["GET"]}}],"collection":[{"href":"https:\/\/www.sellersunionagent.com\/pt\/wp-json\/wp\/v2\/product"}],"about":[{"href":"https:\/\/www.sellersunionagent.com\/pt\/wp-json\/wp\/v2\/types\/product"}],"replies":[{"embeddable":true,"href":"https:\/\/www.sellersunionagent.com\/pt\/wp-json\/wp\/v2\/comments?post=7308"}],"wp:featuredmedia":[{"embeddable":true,"href":"https:\/\/www.sellersunionagent.com\/pt\/wp-json\/wp\/v2\/media\/7321"}],"wp:attachment":[{"href":"https:\/\/www.sellersunionagent.com\/pt\/wp-json\/wp\/v2\/media?parent=7308"}],"wp:term":[{"taxonomy":"product_brand","embeddable":true,"href":"https:\/\/www.sellersunionagent.com\/pt\/wp-json\/wp\/v2\/product_brand?post=7308"},{"taxonomy":"product_cat","embeddable":true,"href":"https:\/\/www.sellersunionagent.com\/pt\/wp-json\/wp\/v2\/product_cat?post=7308"},{"taxonomy":"product_tag","embeddable":true,"href":"https:\/\/www.sellersunionagent.com\/pt\/wp-json\/wp\/v2\/product_tag?post=7308"}],"curies":[{"name":"wp","href":"https:\/\/api.w.org\/{rel}","templated":true}]}}