{"id":7291,"date":"2022-06-27T00:30:35","date_gmt":"2022-06-26T16:30:35","guid":{"rendered":"https:\/\/sellersunionagent.com\/?post_type=product&#038;p=7291"},"modified":"2022-06-27T00:35:46","modified_gmt":"2022-06-26T16:35:46","slug":"exportador-de-sacolas-de-almoco-grandes-e-resistentes","status":"publish","type":"product","link":"https:\/\/www.sellersunionagent.com\/pt\/large-resuable-lunch-bags-exporter\/","title":{"rendered":"Exportador de sacolas de lanche grandes e reutiliz\u00e1veis"},"content":{"rendered":"<h2>Exportador de sacolas de lanche grandes e reutiliz\u00e1veis<\/h2>\n<p>CAPACIDADE: Essa lancheira possui um compartimento principal para alimentos. Um compartimento frontal \u00e9 perfeito para guardar seu celular, chave, len\u00e7o de papel, etc.<\/p>\n<p>&nbsp;<\/p>\n<p>MATERIAIS DE ALTA QUALIDADE: S\u00e3o usados tecidos Oxford de alta qualidade, o forro interno de papel alum\u00ednio mant\u00e9m o calor e o frescor, o que \u00e9 seguro e ecologicamente correto. A etiqueta de couro acrescenta textura \u00e0 bolsa.<\/p>\n<p>&nbsp;<\/p>\n<p>SIMPLES E LEVE: essa bolsa tem um z\u00edper pr\u00e1tico, al\u00e7a de ombro ajust\u00e1vel e uma m\u00e3o confort\u00e1vel. Sua durabilidade \u00e9 longa nas atividades di\u00e1rias e \u00e9 f\u00e1cil de carregar.<\/p>\n<p><img fetchpriority=\"high\" decoding=\"async\" class=\"aligncenter wp-image-7292\" src=\"https:\/\/www.sellersunionagent.com\/wp-content\/uploads\/2022\/06\/large-resuable-lunch-bags-exporter-9.jpg\" alt=\"Exportador de sacolas de almo\u00e7o\" width=\"600\" height=\"600\" \/><img decoding=\"async\" class=\"aligncenter wp-image-7294\" src=\"https:\/\/www.sellersunionagent.com\/wp-content\/uploads\/2022\/06\/large-resuable-lunch-bags-exporter-7.jpg\" alt=\"Exportador de sacolas de almo\u00e7o\" width=\"600\" height=\"600\" \/><img decoding=\"async\" class=\"aligncenter wp-image-7305\" src=\"https:\/\/www.sellersunionagent.com\/wp-content\/uploads\/2022\/06\/large-resuable-lunch-bags-exporter-1.jpg\" alt=\"Exportador de sacolas de almo\u00e7o\" width=\"600\" height=\"541\" \/><img loading=\"lazy\" decoding=\"async\" class=\"aligncenter wp-image-7299\" src=\"https:\/\/www.sellersunionagent.com\/wp-content\/uploads\/2022\/06\/large-resuable-lunch-bags-exporter-3.jpg\" alt=\"Exportador de sacolas de almo\u00e7o\" width=\"600\" height=\"601\" \/><\/p>\n<p><img loading=\"lazy\" decoding=\"async\" class=\"aligncenter wp-image-7306\" src=\"https:\/\/www.sellersunionagent.com\/wp-content\/uploads\/2022\/06\/large-resuable-lunch-bags-exporter.jpg\" alt=\"Exportador de sacolas de almo\u00e7o\" width=\"600\" height=\"600\" \/><\/p>","protected":false},"excerpt":{"rendered":"<p><strong>Tipo<\/strong>: Bolsa para lanche<\/p>\n<p><strong>Tamanho do item<\/strong>: 29*16*23cm<\/p>\n<p><strong>Peso do item<\/strong>: 224g<br \/>\n<strong>Capacidade de fornecimento<\/strong>: 50000 pe\u00e7as\/pe\u00e7as por m\u00eas<br \/>\n<strong>MOQ<\/strong>: 100pcs<\/p>\n<p>&nbsp;<\/p>\n<p>Como bons exportadores de lancheiras, sempre mantemos f\u00e1bricas cooperativas rigorosamente selecionadas para fabricar produtos, e uma boa reputa\u00e7\u00e3o determina a alta qualidade e os altos padr\u00f5es de nossos produtos.<\/p>","protected":false},"featured_media":7292,"comment_status":"open","ping_status":"closed","template":"","meta":{"_acf_changed":false},"product_brand":[],"product_cat":[28],"product_tag":[85,86],"class_list":{"0":"post-7291","1":"product","2":"type-product","3":"status-publish","4":"has-post-thumbnail","6":"product_cat-lunch-bag","7":"product_tag-lunch-bags","8":"product_tag-resuable","10":"first","11":"instock","12":"shipping-taxable","13":"product-type-simple","14":"swiper-slide"},"acf":[],"_links":{"self":[{"href":"https:\/\/www.sellersunionagent.com\/pt\/wp-json\/wp\/v2\/product\/7291","targetHints":{"allow":["GET"]}}],"collection":[{"href":"https:\/\/www.sellersunionagent.com\/pt\/wp-json\/wp\/v2\/product"}],"about":[{"href":"https:\/\/www.sellersunionagent.com\/pt\/wp-json\/wp\/v2\/types\/product"}],"replies":[{"embeddable":true,"href":"https:\/\/www.sellersunionagent.com\/pt\/wp-json\/wp\/v2\/comments?post=7291"}],"wp:featuredmedia":[{"embeddable":true,"href":"https:\/\/www.sellersunionagent.com\/pt\/wp-json\/wp\/v2\/media\/7292"}],"wp:attachment":[{"href":"https:\/\/www.sellersunionagent.com\/pt\/wp-json\/wp\/v2\/media?parent=7291"}],"wp:term":[{"taxonomy":"product_brand","embeddable":true,"href":"https:\/\/www.sellersunionagent.com\/pt\/wp-json\/wp\/v2\/product_brand?post=7291"},{"taxonomy":"product_cat","embeddable":true,"href":"https:\/\/www.sellersunionagent.com\/pt\/wp-json\/wp\/v2\/product_cat?post=7291"},{"taxonomy":"product_tag","embeddable":true,"href":"https:\/\/www.sellersunionagent.com\/pt\/wp-json\/wp\/v2\/product_tag?post=7291"}],"curies":[{"name":"wp","href":"https:\/\/api.w.org\/{rel}","templated":true}]}}