{"id":7274,"date":"2022-06-25T11:26:41","date_gmt":"2022-06-25T03:26:41","guid":{"rendered":"https:\/\/sellersunionagent.com\/?post_type=product&#038;p=7274"},"modified":"2022-07-07T17:38:13","modified_gmt":"2022-07-07T09:38:13","slug":"nova-moda-bolsa-de-almoco-portatil-com-isolamento-termico-para-familia","status":"publish","type":"product","link":"https:\/\/www.sellersunionagent.com\/pt\/new-fashion-portable-family-insulated-lunch-bag\/","title":{"rendered":"Nova moda Bolsa de almo\u00e7o port\u00e1til com isolamento para a fam\u00edlia"},"content":{"rendered":"<h2>Nova moda Bolsa de almo\u00e7o port\u00e1til com isolamento para a fam\u00edlia<\/h2>\n<p>CAPACIDADE: dois tamanhos para sua escolha. Ele foi projetado para proporcionar m\u00e1xima efici\u00eancia de armazenamento e pode ser facilmente colocado em seus lanches.<\/p>\n<p>&nbsp;<\/p>\n<p>MATERIAIS DE ALTA QUALIDADE: S\u00e3o usados tecidos Oxford de alta qualidade, o forro interno de papel alum\u00ednio mant\u00e9m o calor e o frescor, o que \u00e9 seguro e ecologicamente correto. A etiqueta de couro acrescenta textura \u00e0 bolsa.<\/p>\n<p>&nbsp;<\/p>\n<p>SIMPLES E LEVE: essa lancheira port\u00e1til da nova moda tem um z\u00edper de m\u00e3o e uma m\u00e3o confort\u00e1vel. Sua durabilidade \u00e9 longa nas atividades di\u00e1rias e \u00e9 f\u00e1cil de transportar.<\/p>\n<p><img fetchpriority=\"high\" decoding=\"async\" class=\"aligncenter wp-image-7279\" src=\"https:\/\/www.sellersunionagent.com\/wp-content\/uploads\/2022\/06\/new-fashion-portable-family-insulated-lunch-bag-7.jpg\" alt=\"Nova moda\" width=\"600\" height=\"600\" \/><img decoding=\"async\" class=\"aligncenter wp-image-7281\" src=\"https:\/\/www.sellersunionagent.com\/wp-content\/uploads\/2022\/06\/new-fashion-portable-family-insulated-lunch-bag-5.png\" alt=\"Nova moda\" width=\"600\" height=\"600\" \/><img decoding=\"async\" class=\"aligncenter wp-image-7280\" src=\"https:\/\/www.sellersunionagent.com\/wp-content\/uploads\/2022\/06\/new-fashion-portable-family-insulated-lunch-bag-6.png\" alt=\"Nova moda\" width=\"600\" height=\"600\" \/><\/p>\n<p><img loading=\"lazy\" decoding=\"async\" class=\"aligncenter wp-image-7277\" src=\"https:\/\/www.sellersunionagent.com\/wp-content\/uploads\/2022\/06\/new-fashion-portable-family-insulated-lunch-bag-1.jpg\" alt=\"Nova moda\" width=\"600\" height=\"629\" \/><\/p>\n<p><img loading=\"lazy\" decoding=\"async\" class=\"aligncenter wp-image-7284\" src=\"https:\/\/www.sellersunionagent.com\/wp-content\/uploads\/2022\/06\/new-fashion-portable-family-insulated-lunch-bag-3.jpg\" alt=\"Nova moda\" width=\"600\" height=\"652\" \/><\/p>","protected":false},"excerpt":{"rendered":"<p><strong>Tipo<\/strong>: Bolsa para lanche<\/p>\n<p><strong>Tamanho do item<\/strong>: L:27*16*19cm\/S:22*14*17cm<\/p>\n<p><strong>Peso do item<\/strong>: 168g\/128g<br \/>\n<strong>Capacidade de fornecimento<\/strong>: 50000 pe\u00e7as\/pe\u00e7as por m\u00eas<br \/>\n<strong>MOQ<\/strong>: 100pcs<\/p>\n<p>&nbsp;<\/p>\n<p>Novo estilo da moda! Materiais selecionados, acabamento superior, n\u00e3o o deixar\u00e3o decepcionado com a escolha!<\/p>","protected":false},"featured_media":7275,"comment_status":"open","ping_status":"closed","template":"","meta":{"_acf_changed":false},"product_brand":[],"product_cat":[28],"product_tag":[41,82,83],"class_list":{"0":"post-7274","1":"product","2":"type-product","3":"status-publish","4":"has-post-thumbnail","6":"product_cat-lunch-bag","7":"product_tag-lunch-bag","8":"product_tag-new-fashion-style","9":"product_tag-portable-bag","11":"first","12":"instock","13":"shipping-taxable","14":"product-type-simple","15":"swiper-slide"},"acf":[],"_links":{"self":[{"href":"https:\/\/www.sellersunionagent.com\/pt\/wp-json\/wp\/v2\/product\/7274","targetHints":{"allow":["GET"]}}],"collection":[{"href":"https:\/\/www.sellersunionagent.com\/pt\/wp-json\/wp\/v2\/product"}],"about":[{"href":"https:\/\/www.sellersunionagent.com\/pt\/wp-json\/wp\/v2\/types\/product"}],"replies":[{"embeddable":true,"href":"https:\/\/www.sellersunionagent.com\/pt\/wp-json\/wp\/v2\/comments?post=7274"}],"wp:featuredmedia":[{"embeddable":true,"href":"https:\/\/www.sellersunionagent.com\/pt\/wp-json\/wp\/v2\/media\/7275"}],"wp:attachment":[{"href":"https:\/\/www.sellersunionagent.com\/pt\/wp-json\/wp\/v2\/media?parent=7274"}],"wp:term":[{"taxonomy":"product_brand","embeddable":true,"href":"https:\/\/www.sellersunionagent.com\/pt\/wp-json\/wp\/v2\/product_brand?post=7274"},{"taxonomy":"product_cat","embeddable":true,"href":"https:\/\/www.sellersunionagent.com\/pt\/wp-json\/wp\/v2\/product_cat?post=7274"},{"taxonomy":"product_tag","embeddable":true,"href":"https:\/\/www.sellersunionagent.com\/pt\/wp-json\/wp\/v2\/product_tag?post=7274"}],"curies":[{"name":"wp","href":"https:\/\/api.w.org\/{rel}","templated":true}]}}