{"id":7226,"date":"2022-06-22T17:33:09","date_gmt":"2022-06-22T09:33:09","guid":{"rendered":"https:\/\/sellersunionagent.com\/?post_type=product&#038;p=7226"},"modified":"2026-01-06T14:29:46","modified_gmt":"2026-01-06T06:29:46","slug":"bolsa-de-lavagem-para-viagem-de-negocios-em-casa","status":"publish","type":"product","link":"https:\/\/www.sellersunionagent.com\/pt\/washing-bag-for-business-trip-home-travel\/","title":{"rendered":"Bolsa de lavagem para viagem de neg\u00f3cios em casa\u00a0"},"content":{"rendered":"<h2 id=\"title\" class=\"a-size-large a-spacing-none\"><span id=\"productTitle\" class=\"a-size-large product-title-word-break\">Bolsa para produtos de higiene pessoal para mulheres com gancho para pendurar, bolsa port\u00e1til de viagem para lavar roupas<\/span><\/h2>\n<p><strong>Tipo: <\/strong>Bolsa de lavagem<\/p>\n<p><strong>Item NO:<\/strong> RH530<\/p>\n<p><strong>Tipo:<\/strong> Saco de lavagem Item<br \/>\n<strong>Tamanho:<\/strong> 25*22 *7,5cm<br \/>\n<strong>Capacidade de fornecimento:<\/strong> 50000 pe\u00e7as\/pe\u00e7as por m\u00eas<\/p>\n<p><strong>Cor:<\/strong> rosa\/verde fruta\/azul marinho\/cinza\/preto\/verde escuro<\/p>\n<p><strong>Material:<\/strong> Mem\u00f3ria girat\u00f3ria<\/p>\n<p>&nbsp;<\/p>\n<p>&nbsp;<\/p>\n<ul>\n<li>\u3010Design suspenso\u3011: O grande gancho girat\u00f3rio embutido pode ser facilmente pendurado na porta do banheiro e ficar na vertical para manter as garrafas na posi\u00e7\u00e3o vertical e evitar que transbordem, facilitando a visualiza\u00e7\u00e3o e o acesso ao conte\u00fado armazenado.<\/li>\n<\/ul>\n<p>&nbsp;<\/p>\n<p>&nbsp;<\/p>\n<ul>\n<li>\u3010Excelente material e \u00e0 prova d'\u00e1gua\u3011: O tecido \u00e0 prova d'\u00e1gua mant\u00e9m seu kit de higiene pessoal limpo e seco contra respingos acidentais de \u00e1gua. Voc\u00ea pode lev\u00e1-lo para o chuveiro, pendur\u00e1-lo, procurar o condicionador, o sabonete facial etc. Limpe facilmente os vazamentos e derramamentos para manter a bolsa sempre limpa.<\/li>\n<\/ul>\n<p>&nbsp;<\/p>\n<p>&nbsp;<\/p>\n<ul>\n<li>\u3010Grande capacidade\u3011: A bolsa para produtos de higiene pessoal oferece espa\u00e7o suficiente para todos os seus itens, como enxaguante bucal, escova de dentes, l\u00e2minas de barbear, cosm\u00e9ticos, xampu, lo\u00e7\u00e3o, produtos de beleza, frascos de tamanho para viagem e outros itens de que voc\u00ea precisa. Os compartimentos s\u00e3o \u00f3timos para todos os tamanhos e tipos de produtos diferentes, o que permite segmentar todas essas coisas conforme voc\u00ea precisa ou usa.<\/li>\n<\/ul>\n<p>&nbsp;<\/p>\n<p>&nbsp;<\/p>\n<ul>\n<li>\u3010Design exclusivo multifuncional\u3011: Permite que voc\u00ea tenha uma bolsa para produtos de higiene pessoal, um kit de barbear ou uma bolsa para maquiagem\/ cosm\u00e9ticos, tudo em um. \u00c9 uma \u00f3tima op\u00e7\u00e3o para viagens de neg\u00f3cios, viagens, academia, acampamento, uso dom\u00e9stico e muito mais.<\/li>\n<\/ul>\n<p>&nbsp;<\/p>\n<p>&nbsp;<\/p>\n<ul>\n<li>\u3010Atendimento ao cliente\u3011: Entre em contato conosco livremente se tiver alguma sugest\u00e3o ou d\u00favida sobre o nosso produto. Nosso objetivo \u00e9 fornecer uma resposta satisfat\u00f3ria dentro de 24 horas. Oferecendo a voc\u00ea uma bolsa de higiene pessoal de alta qualidade e o melhor servi\u00e7o.<\/li>\n<\/ul>\n<p>&nbsp;<\/p>\n<p>&nbsp;<\/p>\n<p><img fetchpriority=\"high\" decoding=\"async\" class=\"aligncenter wp-image-7227\" src=\"https:\/\/www.sellersunionagent.com\/wp-content\/uploads\/2022\/06\/washing-bag-for-business-trip-home-travel-9.jpg\" alt=\"\" width=\"600\" height=\"600\" \/>\u00a0<img decoding=\"async\" class=\"aligncenter wp-image-7228\" src=\"https:\/\/www.sellersunionagent.com\/wp-content\/uploads\/2022\/06\/washing-bag-for-business-trip-home-travel-8.jpg\" alt=\"\" width=\"600\" height=\"600\" \/> <img decoding=\"async\" class=\"aligncenter wp-image-7229\" src=\"https:\/\/www.sellersunionagent.com\/wp-content\/uploads\/2022\/06\/washing-bag-for-business-trip-home-travel-7.jpg\" alt=\"\" width=\"600\" height=\"600\" \/>\u00a0 \u00a0 \u00a0 \u00a0 \u00a0 \u00a0 \u00a0 \u00a0 \u00a0 \u00a0 \u00a0 \u00a0 \u00a0 \u00a0 \u00a0 \u00a0 \u00a0 \u00a0 \u00a0 \u00a0 \u00a0 \u00a0 \u00a0 \u00a0 \u00a0 \u00a0 \u00a0 \u00a0 \u00a0 \u00a0 \u00a0 \u00a0 \u00a0 \u00a0 \u00a0 \u00a0 \u00a0 \u00a0 \u00a0<img loading=\"lazy\" decoding=\"async\" class=\"aligncenter wp-image-7230\" src=\"https:\/\/www.sellersunionagent.com\/wp-content\/uploads\/2022\/06\/washing-bag-for-business-trip-home-travel-6.jpg\" alt=\"\" width=\"600\" height=\"600\" \/>\u00a0\u00a0 \u00a0<img loading=\"lazy\" decoding=\"async\" class=\"aligncenter wp-image-7231\" src=\"https:\/\/www.sellersunionagent.com\/wp-content\/uploads\/2022\/06\/washing-bag-for-business-trip-home-travel-5.jpg\" alt=\"\" width=\"600\" height=\"600\" \/> <img loading=\"lazy\" decoding=\"async\" class=\"aligncenter wp-image-7232\" src=\"https:\/\/www.sellersunionagent.com\/wp-content\/uploads\/2022\/06\/washing-bag-for-business-trip-home-travel-4.jpg\" alt=\"\" width=\"600\" height=\"600\" \/><\/p>","protected":false},"excerpt":{"rendered":"<p><strong>MOQ<\/strong>:  500 pe\u00e7as<br \/>\n<strong>Amostra gr\u00e1tis<\/strong>:  Com suporte<br \/>\n<strong>Personaliza\u00e7\u00e3o<\/strong>: logotipo \/ cor \/ materiais \/ embalagem etc.<br \/>\n<strong>Desconto<\/strong>:  Primeiros pedidos a partir de 10% de desconto.<br \/>\n<strong>Taxa de entrega no prazo<\/strong>:\u00a0 100%<br \/>\n<strong>Total de remessas<\/strong>:  10000 pe\u00e7as<br \/>\n<strong>Remessa<\/strong>: Suporte expresso - frete mar\u00edtimo - frete terrestre<\/p>","protected":false},"featured_media":7233,"comment_status":"open","ping_status":"closed","template":"","meta":{"_acf_changed":false},"product_brand":[],"product_cat":[33],"product_tag":[71,80,59],"class_list":{"0":"post-7226","1":"product","2":"type-product","3":"status-publish","4":"has-post-thumbnail","6":"product_cat-toiletry-bag","7":"product_tag-durable","8":"product_tag-hot-sales","9":"product_tag-multifunctional","11":"first","12":"instock","13":"shipping-taxable","14":"purchasable","15":"product-type-simple","16":"swiper-slide"},"acf":[],"_links":{"self":[{"href":"https:\/\/www.sellersunionagent.com\/pt\/wp-json\/wp\/v2\/product\/7226","targetHints":{"allow":["GET"]}}],"collection":[{"href":"https:\/\/www.sellersunionagent.com\/pt\/wp-json\/wp\/v2\/product"}],"about":[{"href":"https:\/\/www.sellersunionagent.com\/pt\/wp-json\/wp\/v2\/types\/product"}],"replies":[{"embeddable":true,"href":"https:\/\/www.sellersunionagent.com\/pt\/wp-json\/wp\/v2\/comments?post=7226"}],"wp:featuredmedia":[{"embeddable":true,"href":"https:\/\/www.sellersunionagent.com\/pt\/wp-json\/wp\/v2\/media\/7233"}],"wp:attachment":[{"href":"https:\/\/www.sellersunionagent.com\/pt\/wp-json\/wp\/v2\/media?parent=7226"}],"wp:term":[{"taxonomy":"product_brand","embeddable":true,"href":"https:\/\/www.sellersunionagent.com\/pt\/wp-json\/wp\/v2\/product_brand?post=7226"},{"taxonomy":"product_cat","embeddable":true,"href":"https:\/\/www.sellersunionagent.com\/pt\/wp-json\/wp\/v2\/product_cat?post=7226"},{"taxonomy":"product_tag","embeddable":true,"href":"https:\/\/www.sellersunionagent.com\/pt\/wp-json\/wp\/v2\/product_tag?post=7226"}],"curies":[{"name":"wp","href":"https:\/\/api.w.org\/{rel}","templated":true}]}}