{"id":7204,"date":"2022-06-22T17:11:51","date_gmt":"2022-06-22T09:11:51","guid":{"rendered":"https:\/\/sellersunionagent.com\/?post_type=product&#038;p=7204"},"modified":"2022-07-14T10:46:40","modified_gmt":"2022-07-14T02:46:40","slug":"bolsa-de-viagem-para-lavar-maquiagem-para-mulheres-e-homens","status":"publish","type":"product","link":"https:\/\/www.sellersunionagent.com\/pt\/travel-makeup-washing-bag-for-women-men\/","title":{"rendered":"\u00a0Bolsa de maquiagem de viagem por atacado para mulheres e homens"},"content":{"rendered":"<h2 id=\"title\" class=\"a-size-large a-spacing-none a-color-secondary\"><span id=\"productTitle\" class=\"a-size-large product-title-word-break\">Bolsa para lavar maquiagem de viagem para mulheres e homens, bolsa para transporte em conformidade com as normas da companhia a\u00e9rea<\/span><\/h2>\n<p>&nbsp;<\/p>\n<p>&nbsp;<\/p>\n<ul>\n<li>Port\u00e1til e reutiliz\u00e1vel - Essa bolsa de um litro \u00e9 perfeita para garrafas de viagem e tamb\u00e9m \u00e9 \u00f3tima para armazenar cosm\u00e9ticos, produtos de higiene pessoal, brinquedos e pequenos objetos; Dicas para remover o cheiro da bolsa de higiene pessoal para viagem: Primeiramente, lave a parte externa e interna da bolsa transparente para maquiagem com \u00e1gua e sab\u00e3o; abra o z\u00edper da bolsa e deixe-a em um local bem ventilado por alguns dias.<\/li>\n<\/ul>\n<p>&nbsp;<\/p>\n<p>&nbsp;<\/p>\n<ul>\n<li>Presente leve e perfeito para seu amigo - Tamanho perfeito para caber em sua bagagem de m\u00e3o para viagens ou f\u00e9rias; essa pr\u00e1tica bolsa para lavar roupas \u00e9 a melhor op\u00e7\u00e3o de presente para seu amigo e sua fam\u00edlia. Se tiver algum problema relacionado \u00e0 qualidade, sinta-se \u00e0 vontade para nos informar.<\/li>\n<\/ul>\n<p><img fetchpriority=\"high\" decoding=\"async\" class=\"aligncenter wp-image-7205\" src=\"https:\/\/www.sellersunionagent.com\/wp-content\/uploads\/2022\/06\/wholesale-travel-makeup-washing-bag-for-women-men-8.jpg\" alt=\"\" width=\"600\" height=\"418\" \/> <img decoding=\"async\" class=\"aligncenter wp-image-7206\" src=\"https:\/\/www.sellersunionagent.com\/wp-content\/uploads\/2022\/06\/wholesale-travel-makeup-washing-bag-for-women-men-7.jpg\" alt=\"\" width=\"600\" height=\"412\" \/> <img decoding=\"async\" class=\"aligncenter wp-image-7207\" src=\"https:\/\/www.sellersunionagent.com\/wp-content\/uploads\/2022\/06\/wholesale-travel-makeup-washing-bag-for-women-men-6.jpg\" alt=\"\" width=\"600\" height=\"411\" \/> <img loading=\"lazy\" decoding=\"async\" class=\"aligncenter wp-image-7208\" src=\"https:\/\/www.sellersunionagent.com\/wp-content\/uploads\/2022\/06\/wholesale-travel-makeup-washing-bag-for-women-men-5.jpg\" alt=\"\" width=\"600\" height=\"412\" \/> <img loading=\"lazy\" decoding=\"async\" class=\"aligncenter wp-image-7209\" src=\"https:\/\/www.sellersunionagent.com\/wp-content\/uploads\/2022\/06\/wholesale-travel-makeup-washing-bag-for-women-men-4.jpg\" alt=\"\" width=\"600\" height=\"425\" \/><\/p>","protected":false},"excerpt":{"rendered":"<p><strong>Tipo:<\/strong> Saco de lavagem Item<br \/>\n<strong>Tamanho:<\/strong> 24,5*7,5*13cm<\/p>\n<p><strong>Peso: <\/strong>235g<br \/>\n<strong>Capacidade de fornecimento:<\/strong> 50000 pe\u00e7as\/pe\u00e7as por m\u00eas<br \/>\n<strong>MOQ:<\/strong> 500 unidades<\/p>\n<p><strong>Cor:<\/strong>Azul, bord\u00f4, rosa, roxo, verniz, cinza, preto<\/p>","protected":false},"featured_media":7210,"comment_status":"open","ping_status":"closed","template":"","meta":{"_acf_changed":false},"product_brand":[],"product_cat":[33],"product_tag":[71,44,61],"class_list":{"0":"post-7204","1":"product","2":"type-product","3":"status-publish","4":"has-post-thumbnail","6":"product_cat-toiletry-bag","7":"product_tag-durable","8":"product_tag-hot-selling","9":"product_tag-washing-bag","11":"first","12":"instock","13":"shipping-taxable","14":"product-type-simple","15":"swiper-slide"},"acf":[],"_links":{"self":[{"href":"https:\/\/www.sellersunionagent.com\/pt\/wp-json\/wp\/v2\/product\/7204","targetHints":{"allow":["GET"]}}],"collection":[{"href":"https:\/\/www.sellersunionagent.com\/pt\/wp-json\/wp\/v2\/product"}],"about":[{"href":"https:\/\/www.sellersunionagent.com\/pt\/wp-json\/wp\/v2\/types\/product"}],"replies":[{"embeddable":true,"href":"https:\/\/www.sellersunionagent.com\/pt\/wp-json\/wp\/v2\/comments?post=7204"}],"wp:featuredmedia":[{"embeddable":true,"href":"https:\/\/www.sellersunionagent.com\/pt\/wp-json\/wp\/v2\/media\/7210"}],"wp:attachment":[{"href":"https:\/\/www.sellersunionagent.com\/pt\/wp-json\/wp\/v2\/media?parent=7204"}],"wp:term":[{"taxonomy":"product_brand","embeddable":true,"href":"https:\/\/www.sellersunionagent.com\/pt\/wp-json\/wp\/v2\/product_brand?post=7204"},{"taxonomy":"product_cat","embeddable":true,"href":"https:\/\/www.sellersunionagent.com\/pt\/wp-json\/wp\/v2\/product_cat?post=7204"},{"taxonomy":"product_tag","embeddable":true,"href":"https:\/\/www.sellersunionagent.com\/pt\/wp-json\/wp\/v2\/product_tag?post=7204"}],"curies":[{"name":"wp","href":"https:\/\/api.w.org\/{rel}","templated":true}]}}