{"id":6708,"date":"2022-06-02T07:27:02","date_gmt":"2022-06-01T23:27:02","guid":{"rendered":"https:\/\/sellersunionagent.com\/?post_type=product&#038;p=6708"},"modified":"2022-07-11T14:19:35","modified_gmt":"2022-07-11T06:19:35","slug":"bolsa-de-viagem-masculina-de-exportacao-popular-da-china","status":"publish","type":"product","link":"https:\/\/www.sellersunionagent.com\/pt\/china-popular-export-mans-traveling-bag\/","title":{"rendered":"Bolsa de viagem para homem de exporta\u00e7\u00e3o popular da China"},"content":{"rendered":"<h1>Bolsa de viagem para homem de exporta\u00e7\u00e3o popular da China<\/h1>\n<p>H\u00e1 muitas bolsas de maquiagem femininas sendo vendidas no mercado. No entanto, os homens tamb\u00e9m t\u00eam suas exig\u00eancias em rela\u00e7\u00e3o a bolsas de viagem ou bolsas de maquiagem. Hoje, aqui est\u00e1 o mais recente design de bolsa de viagem masculina do fabricante chin\u00eas. Esse produto \u00e9 bastante popular no momento para nossos clientes de com\u00e9rcio eletr\u00f4nico. As fotos do produto s\u00e3o mostradas abaixo para fornecer mais detalhes.<\/p>\n<p>&nbsp;<\/p>\n<p>&nbsp;<\/p>\n<p>Grande capacidade e compartimentos organizados:Tamanho 25*23*10cm. H\u00e1 dois compartimentos principais que podem armazenar os produtos de cuidados com a pele de grande porte. Os quatro bolsos pequenos a seguir podem armazenar todas as suas pequenas coisas.<\/p>\n<p>&nbsp;<\/p>\n<p>&nbsp;<\/p>\n<p>Design moderno e multicolorido: Essa bolsa tem um visual chique, seguindo o design da \u00faltima moda. Oferecemos cores diferentes e at\u00e9 aceitamos cores personalizadas se voc\u00ea conseguir atingir o MOQ.<\/p>\n<p>&nbsp;<\/p>\n<p>&nbsp;<\/p>\n<p>Z\u00edper YKK suave e al\u00e7as pr\u00e1ticas: o z\u00edper YKK foi usado para tornar a experi\u00eancia de uso mais agrad\u00e1vel. A combina\u00e7\u00e3o de z\u00edper e orelha do z\u00edper facilita segurar e fechar o z\u00edper para cima e para baixo. Essa bolsa de viagem tem o tamanho perfeito para ser embalada e guardada na mala.<\/p>\n<p>&nbsp;<\/p>\n<p>&nbsp;<\/p>\n<p><img fetchpriority=\"high\" decoding=\"async\" class=\"aligncenter wp-image-6712\" src=\"https:\/\/www.sellersunionagent.com\/wp-content\/uploads\/2022\/06\/traveling-bag-7.jpg\" alt=\"\" width=\"600\" height=\"600\" \/><\/p>\n<p><img decoding=\"async\" class=\"aligncenter wp-image-6717\" src=\"https:\/\/www.sellersunionagent.com\/wp-content\/uploads\/2022\/06\/traveling-bag-2.jpg\" alt=\"\" width=\"600\" height=\"600\" \/><\/p>\n<p><img decoding=\"async\" class=\"aligncenter wp-image-6718\" src=\"https:\/\/www.sellersunionagent.com\/wp-content\/uploads\/2022\/06\/traveling-bag-1.jpg\" alt=\"\" width=\"600\" height=\"600\" \/><\/p>\n<p><img loading=\"lazy\" decoding=\"async\" class=\"aligncenter wp-image-6719\" src=\"https:\/\/www.sellersunionagent.com\/wp-content\/uploads\/2022\/06\/traveling-bag.jpg\" alt=\"\" width=\"600\" height=\"600\" \/><\/p>\n<p>&nbsp;<\/p>","protected":false},"excerpt":{"rendered":"<p><strong>Tipo<\/strong>: Bolsa de maquiagem<\/p>\n<p><strong>Tamanho do item<\/strong>: 25*23*10cm<\/p>\n<p><strong>Peso do item<\/strong>: 350g<\/p>\n<p><strong>Cores<\/strong>: mostrado conforme a imagem<\/p>\n<p>&nbsp;<\/p>\n<p>Servi\u00e7o de personaliza\u00e7\u00e3o<\/p>\n<p>Aceitamos requisitos de OEM e ODM. Se tiver alguma cria\u00e7\u00e3o, envie-nos suas perguntas. N\u00f3s o ajudaremos a qualquer momento.<\/p>","protected":false},"featured_media":6793,"comment_status":"open","ping_status":"closed","template":"","meta":{"_acf_changed":false},"product_brand":[],"product_cat":[30],"product_tag":[47,78,23],"class_list":{"0":"post-6708","1":"product","2":"type-product","3":"status-publish","4":"has-post-thumbnail","6":"product_cat-makeup-bag","7":"product_tag-hot-sale","8":"product_tag-makeup-bag","9":"product_tag-new-arrival","11":"first","12":"instock","13":"shipping-taxable","14":"product-type-simple","15":"swiper-slide"},"acf":[],"_links":{"self":[{"href":"https:\/\/www.sellersunionagent.com\/pt\/wp-json\/wp\/v2\/product\/6708","targetHints":{"allow":["GET"]}}],"collection":[{"href":"https:\/\/www.sellersunionagent.com\/pt\/wp-json\/wp\/v2\/product"}],"about":[{"href":"https:\/\/www.sellersunionagent.com\/pt\/wp-json\/wp\/v2\/types\/product"}],"replies":[{"embeddable":true,"href":"https:\/\/www.sellersunionagent.com\/pt\/wp-json\/wp\/v2\/comments?post=6708"}],"wp:featuredmedia":[{"embeddable":true,"href":"https:\/\/www.sellersunionagent.com\/pt\/wp-json\/wp\/v2\/media\/6793"}],"wp:attachment":[{"href":"https:\/\/www.sellersunionagent.com\/pt\/wp-json\/wp\/v2\/media?parent=6708"}],"wp:term":[{"taxonomy":"product_brand","embeddable":true,"href":"https:\/\/www.sellersunionagent.com\/pt\/wp-json\/wp\/v2\/product_brand?post=6708"},{"taxonomy":"product_cat","embeddable":true,"href":"https:\/\/www.sellersunionagent.com\/pt\/wp-json\/wp\/v2\/product_cat?post=6708"},{"taxonomy":"product_tag","embeddable":true,"href":"https:\/\/www.sellersunionagent.com\/pt\/wp-json\/wp\/v2\/product_tag?post=6708"}],"curies":[{"name":"wp","href":"https:\/\/api.w.org\/{rel}","templated":true}]}}