{"id":6698,"date":"2022-06-02T07:16:35","date_gmt":"2022-06-01T23:16:35","guid":{"rendered":"https:\/\/sellersunionagent.com\/?post_type=product&#038;p=6698"},"modified":"2022-07-11T14:20:14","modified_gmt":"2022-07-11T06:20:14","slug":"bolsa-de-maquiagem-portatil-para-mulheres-de-fabrica-chinesa","status":"publish","type":"product","link":"https:\/\/www.sellersunionagent.com\/pt\/chinese-factory-women-portable-makeup-bag\/","title":{"rendered":"Bolsa de maquiagem port\u00e1til para mulheres de f\u00e1brica chinesa"},"content":{"rendered":"<h1>Bolsa de maquiagem port\u00e1til para mulheres de f\u00e1brica chinesa<\/h1>\n<p>&nbsp;<\/p>\n<p>&nbsp;<\/p>\n<p>As bolsas de maquiagem port\u00e1teis t\u00eam capacidade pequena para ajudar as pessoas que precisam usar as ferramentas de maquiagem a qualquer momento. As meninas gostam de refinar a maquiagem quando carregam essa pequena bolsa de maquiagem port\u00e1til. H\u00e1 quatro cores dispon\u00edveis: verde, amarelo, rosa e azul. Muitas bolsas de maquiagem port\u00e1teis podem ser encontradas no site no tipo de \u201cbolsa de maquiagem\u201d.<\/p>\n<p>&nbsp;<\/p>\n<p>&nbsp;<\/p>\n<p>Port\u00e1til e leve: 24*20*8cm. Apenas 400 g no total. Muito f\u00e1cil de carregar para meninas e mulheres.<\/p>\n<p>&nbsp;<\/p>\n<p>&nbsp;<\/p>\n<p>C\u00e2mara dur\u00e1vel \u00e0 prova d'\u00e1gua e \u00e0 prova de vazamentos: O poli\u00e9ster resistente ao desgaste na parte externa facilita a lavagem e a limpeza.<\/p>\n<p>&nbsp;<\/p>\n<p>&nbsp;<\/p>\n<p>Multifuncional: pode ser usada como bolsa de maquiagem port\u00e1til, como bolsa de viagem ou como bolsa de armazenamento dom\u00e9stico.<\/p>\n<p>&nbsp;<\/p>\n<p>&nbsp;<\/p>\n<p>F\u00e1cil de pegar: design especial na apar\u00eancia com z\u00edper para smoothies.<\/p>\n<p>&nbsp;<\/p>\n<p>&nbsp;<\/p>\n<p><img fetchpriority=\"high\" decoding=\"async\" class=\"aligncenter wp-image-6700\" src=\"https:\/\/www.sellersunionagent.com\/wp-content\/uploads\/2022\/06\/women-portable-makeup-bag-7.jpg\" alt=\"\" width=\"600\" height=\"600\" \/><\/p>\n<p><img decoding=\"async\" class=\"aligncenter wp-image-6701\" src=\"https:\/\/www.sellersunionagent.com\/wp-content\/uploads\/2022\/06\/women-portable-makeup-bag-6.jpg\" alt=\"\" width=\"600\" height=\"600\" \/><\/p>\n<p><img decoding=\"async\" class=\"aligncenter wp-image-6702\" src=\"https:\/\/www.sellersunionagent.com\/wp-content\/uploads\/2022\/06\/women-portable-makeup-bag-5.jpg\" alt=\"\" width=\"600\" height=\"600\" \/><\/p>\n<p><img loading=\"lazy\" decoding=\"async\" class=\"aligncenter wp-image-6704\" src=\"https:\/\/www.sellersunionagent.com\/wp-content\/uploads\/2022\/06\/women-portable-makeup-bag-3.jpg\" alt=\"\" width=\"600\" height=\"600\" \/><\/p>","protected":false},"excerpt":{"rendered":"<p><strong>Tipo<\/strong>: Bolsa de maquiagem<\/p>\n<p><strong>Tamanho do item<\/strong>: 24*20*8cm<\/p>\n<p><strong>Peso do item<\/strong>: 400g<\/p>\n<p><strong>Cores<\/strong>: mostrado conforme a imagem<\/p>\n<p>&nbsp;<\/p>\n<p>Servi\u00e7o de personaliza\u00e7\u00e3o<\/p>\n<p>Aceitamos requisitos de OEM e ODM. Se tiver alguma cria\u00e7\u00e3o, envie-nos suas perguntas. N\u00f3s o ajudaremos a qualquer momento.<\/p>","protected":false},"featured_media":6707,"comment_status":"open","ping_status":"closed","template":"","meta":{"_acf_changed":false},"product_brand":[],"product_cat":[30],"product_tag":[80,81],"class_list":{"0":"post-6698","1":"product","2":"type-product","3":"status-publish","4":"has-post-thumbnail","6":"product_cat-makeup-bag","7":"product_tag-hot-sales","8":"product_tag-makeup-bags","10":"first","11":"instock","12":"shipping-taxable","13":"product-type-simple","14":"swiper-slide"},"acf":[],"_links":{"self":[{"href":"https:\/\/www.sellersunionagent.com\/pt\/wp-json\/wp\/v2\/product\/6698","targetHints":{"allow":["GET"]}}],"collection":[{"href":"https:\/\/www.sellersunionagent.com\/pt\/wp-json\/wp\/v2\/product"}],"about":[{"href":"https:\/\/www.sellersunionagent.com\/pt\/wp-json\/wp\/v2\/types\/product"}],"replies":[{"embeddable":true,"href":"https:\/\/www.sellersunionagent.com\/pt\/wp-json\/wp\/v2\/comments?post=6698"}],"wp:featuredmedia":[{"embeddable":true,"href":"https:\/\/www.sellersunionagent.com\/pt\/wp-json\/wp\/v2\/media\/6707"}],"wp:attachment":[{"href":"https:\/\/www.sellersunionagent.com\/pt\/wp-json\/wp\/v2\/media?parent=6698"}],"wp:term":[{"taxonomy":"product_brand","embeddable":true,"href":"https:\/\/www.sellersunionagent.com\/pt\/wp-json\/wp\/v2\/product_brand?post=6698"},{"taxonomy":"product_cat","embeddable":true,"href":"https:\/\/www.sellersunionagent.com\/pt\/wp-json\/wp\/v2\/product_cat?post=6698"},{"taxonomy":"product_tag","embeddable":true,"href":"https:\/\/www.sellersunionagent.com\/pt\/wp-json\/wp\/v2\/product_tag?post=6698"}],"curies":[{"name":"wp","href":"https:\/\/api.w.org\/{rel}","templated":true}]}}