{"id":6689,"date":"2022-06-02T07:08:30","date_gmt":"2022-06-01T23:08:30","guid":{"rendered":"https:\/\/sellersunionagent.com\/?post_type=product&#038;p=6689"},"modified":"2022-07-11T14:25:55","modified_gmt":"2022-07-11T06:25:55","slug":"distribution-new-waterproof-makeup-bags","status":"publish","type":"product","link":"https:\/\/www.sellersunionagent.com\/pt\/distribution-new-waterproof-makeup-bags\/","title":{"rendered":"Distribui\u00e7\u00e3o de novas bolsas de maquiagem \u00e0 prova d'\u00e1gua"},"content":{"rendered":"<h1>Distribui\u00e7\u00e3o de novas bolsas de maquiagem \u00e0 prova d'\u00e1gua<\/h1>\n<p>&nbsp;<\/p>\n<p>&nbsp;<\/p>\n<p>An appropriate makeup bag can save a lot of your time for preserving the makeup tools. If you chase the convenience of the bag, I would recommend you to have the portable makeup bag with small capacity so it will not too heavy to carry. On the other hand, if you are a makeup fan, I suggest you to have the big capacity makeup bags. Thus, you will get a tidy desk without covered by the \u201cmessy\u201d makeup tools.<\/p>\n<p>&nbsp;<\/p>\n<p>Waterproof: This makeup bag is waterproof compared with others because its special material we applied.<\/p>\n<p>&nbsp;<\/p>\n<p>Dimensions: 20*13*5 cm<\/p>\n<p>&nbsp;<\/p>\n<p>Premium quality material: Made of waterproof material and coupled with quality metal zipper. This makeup bag is very easy to clean up and have a good performance to not drop off.<\/p>\n<p>&nbsp;<\/p>\n<p>&nbsp;<\/p>\n<p>Portable feature: With only small size and light weight, you can carry your makeup bags to any places.<\/p>\n<p>&nbsp;<\/p>\n<p>&nbsp;<\/p>\n<p>Nice gift: The price is not expensive and the appearance looks decent. Will be a good gift for your friends\u2019\u00a0birthday gifts or celebrity gifts.<\/p>\n<p>&nbsp;<\/p>\n<p>&nbsp;<\/p>\n<p><img fetchpriority=\"high\" decoding=\"async\" class=\"aligncenter wp-image-6690\" src=\"https:\/\/www.sellersunionagent.com\/wp-content\/uploads\/2022\/06\/photobank-2.jpg\" alt=\"\" width=\"600\" height=\"813\" \/><\/p>\n<p><img decoding=\"async\" class=\"aligncenter wp-image-6695\" src=\"https:\/\/www.sellersunionagent.com\/wp-content\/uploads\/2022\/06\/photobank-11.jpg\" alt=\"\" width=\"600\" height=\"600\" \/><\/p>\n<p><img decoding=\"async\" class=\"aligncenter wp-image-6697\" src=\"https:\/\/www.sellersunionagent.com\/wp-content\/uploads\/2022\/06\/photobank-15.jpg\" alt=\"\" width=\"600\" height=\"600\" \/><\/p>\n<p><img loading=\"lazy\" decoding=\"async\" class=\"aligncenter wp-image-6693\" src=\"https:\/\/www.sellersunionagent.com\/wp-content\/uploads\/2022\/06\/photobank-6.jpg\" alt=\"\" width=\"600\" height=\"754\" \/><img loading=\"lazy\" decoding=\"async\" class=\"aligncenter wp-image-6694\" src=\"https:\/\/www.sellersunionagent.com\/wp-content\/uploads\/2022\/06\/photobank-7.jpg\" alt=\"\" width=\"600\" height=\"670\" \/> <img loading=\"lazy\" decoding=\"async\" class=\"aligncenter wp-image-6696\" src=\"https:\/\/www.sellersunionagent.com\/wp-content\/uploads\/2022\/06\/photobank-12.jpg\" alt=\"\" width=\"600\" height=\"600\" \/> <img loading=\"lazy\" decoding=\"async\" class=\"aligncenter wp-image-6691\" src=\"https:\/\/www.sellersunionagent.com\/wp-content\/uploads\/2022\/06\/photobank-3.jpg\" alt=\"\" width=\"600\" height=\"876\" \/><\/p>\n<p>&nbsp;<\/p>","protected":false},"excerpt":{"rendered":"<p><strong>Tipo<\/strong>: Bolsa de maquiagem<\/p>\n<p><strong>Tamanho do item<\/strong>: 20*13*5cm<\/p>\n<p><strong>Peso do item<\/strong>: 120g<\/p>\n<p><strong>Cores<\/strong>: Shown as picture<\/p>\n<p>&nbsp;<\/p>\n<p>Servi\u00e7o de personaliza\u00e7\u00e3o<\/p>\n<p>Aceitamos requisitos de OEM e ODM. Se tiver alguma cria\u00e7\u00e3o, envie-nos suas perguntas. N\u00f3s o ajudaremos a qualquer momento.<\/p>","protected":false},"featured_media":6697,"comment_status":"open","ping_status":"closed","template":"","meta":{"_acf_changed":false},"product_brand":[],"product_cat":[30],"product_tag":[80,78,79],"class_list":{"0":"post-6689","1":"product","2":"type-product","3":"status-publish","4":"has-post-thumbnail","6":"product_cat-makeup-bag","7":"product_tag-hot-sales","8":"product_tag-makeup-bag","9":"product_tag-organization","11":"first","12":"instock","13":"shipping-taxable","14":"product-type-simple","15":"swiper-slide"},"acf":[],"_links":{"self":[{"href":"https:\/\/www.sellersunionagent.com\/pt\/wp-json\/wp\/v2\/product\/6689","targetHints":{"allow":["GET"]}}],"collection":[{"href":"https:\/\/www.sellersunionagent.com\/pt\/wp-json\/wp\/v2\/product"}],"about":[{"href":"https:\/\/www.sellersunionagent.com\/pt\/wp-json\/wp\/v2\/types\/product"}],"replies":[{"embeddable":true,"href":"https:\/\/www.sellersunionagent.com\/pt\/wp-json\/wp\/v2\/comments?post=6689"}],"wp:featuredmedia":[{"embeddable":true,"href":"https:\/\/www.sellersunionagent.com\/pt\/wp-json\/wp\/v2\/media\/6697"}],"wp:attachment":[{"href":"https:\/\/www.sellersunionagent.com\/pt\/wp-json\/wp\/v2\/media?parent=6689"}],"wp:term":[{"taxonomy":"product_brand","embeddable":true,"href":"https:\/\/www.sellersunionagent.com\/pt\/wp-json\/wp\/v2\/product_brand?post=6689"},{"taxonomy":"product_cat","embeddable":true,"href":"https:\/\/www.sellersunionagent.com\/pt\/wp-json\/wp\/v2\/product_cat?post=6689"},{"taxonomy":"product_tag","embeddable":true,"href":"https:\/\/www.sellersunionagent.com\/pt\/wp-json\/wp\/v2\/product_tag?post=6689"}],"curies":[{"name":"wp","href":"https:\/\/api.w.org\/{rel}","templated":true}]}}