{"id":6676,"date":"2022-06-02T06:58:39","date_gmt":"2022-06-01T22:58:39","guid":{"rendered":"https:\/\/sellersunionagent.com\/?post_type=product&#038;p=6676"},"modified":"2022-07-11T14:26:54","modified_gmt":"2022-07-11T06:26:54","slug":"china-new-design-portable-makeup-bags","status":"publish","type":"product","link":"https:\/\/www.sellersunionagent.com\/pt\/china-new-design-portable-makeup-bags\/","title":{"rendered":"Bolsas de maquiagem port\u00e1teis com novo design na China"},"content":{"rendered":"<h1>Bolsas de maquiagem port\u00e1teis com novo design na China<\/h1>\n<p>&nbsp;<\/p>\n<p>&nbsp;<\/p>\n<p>This type of makeup bag is designed for people who is professional at makeup or having a lot of makeup tools. As you may know, many girls love make up and like to get the makeup products as the gifts. The picture shown as above is a typical big capacity makeup bag which can contain about 3 foundations, 5 lipsticks, 5 blushes and so on. What a big capacity! If you have many makeup tools and you do not want to storage them in a messy way, buying this big capacity makeup bag is your best choice. There are many styles are available in our website. You will always find the one you like.<\/p>\n<p>&nbsp;<\/p>\n<p>&nbsp;<\/p>\n<p>Plenty of Storage space: this makeup bag is already big enough for you to carry the daily makeup products such as foundation, lipsticks, brushes, blushes and so on. All of your makeup products will be organized well in this bag.<\/p>\n<p>&nbsp;<\/p>\n<p>&nbsp;<\/p>\n<p>Dimension and Structure: 25*8*16.5 CM. Big capacity can storage all of your makeup products. The main compartment can storage the large skincare products as well. There are 6 small size pockets are available to storage your stuff not make them mess.<\/p>\n<p>&nbsp;<\/p>\n<p>&nbsp;<\/p>\n<p><img fetchpriority=\"high\" decoding=\"async\" class=\"aligncenter wp-image-6688\" src=\"https:\/\/www.sellersunionagent.com\/wp-content\/uploads\/2022\/06\/portable-makeup-bags.jpg\" alt=\"\" width=\"600\" height=\"600\" \/><\/p>\n<p><img decoding=\"async\" class=\"aligncenter wp-image-6686\" src=\"https:\/\/www.sellersunionagent.com\/wp-content\/uploads\/2022\/06\/portable-makeup-bags-2.jpg\" alt=\"\" width=\"600\" height=\"600\" \/><\/p>\n<p><img decoding=\"async\" class=\"aligncenter wp-image-6685\" src=\"https:\/\/www.sellersunionagent.com\/wp-content\/uploads\/2022\/06\/portable-makeup-bags-3.jpg\" alt=\"\" width=\"600\" height=\"362\" \/><\/p>\n<p><img loading=\"lazy\" decoding=\"async\" class=\"aligncenter wp-image-6684\" src=\"https:\/\/www.sellersunionagent.com\/wp-content\/uploads\/2022\/06\/portable-makeup-bags-4.jpg\" alt=\"\" width=\"600\" height=\"564\" \/><\/p>","protected":false},"excerpt":{"rendered":"<p><strong>Tipo<\/strong>: Bolsa de maquiagem<\/p>\n<p><strong>Tamanho do item<\/strong>: 25*8*16.5CM<\/p>\n<p><strong>Peso do item<\/strong>: 350g<\/p>\n<p><strong>Cores<\/strong>: mostrado conforme a imagem<\/p>\n<p>&nbsp;<\/p>\n<p>Servi\u00e7o de personaliza\u00e7\u00e3o<\/p>\n<p>Aceitamos requisitos de OEM e ODM. Se tiver alguma cria\u00e7\u00e3o, envie-nos suas perguntas. N\u00f3s o ajudaremos a qualquer momento.<\/p>","protected":false},"featured_media":6687,"comment_status":"open","ping_status":"closed","template":"","meta":{"_acf_changed":false},"product_brand":[],"product_cat":[30],"product_tag":[47,78,79],"class_list":{"0":"post-6676","1":"product","2":"type-product","3":"status-publish","4":"has-post-thumbnail","6":"product_cat-makeup-bag","7":"product_tag-hot-sale","8":"product_tag-makeup-bag","9":"product_tag-organization","11":"first","12":"instock","13":"shipping-taxable","14":"product-type-simple","15":"swiper-slide"},"acf":[],"_links":{"self":[{"href":"https:\/\/www.sellersunionagent.com\/pt\/wp-json\/wp\/v2\/product\/6676","targetHints":{"allow":["GET"]}}],"collection":[{"href":"https:\/\/www.sellersunionagent.com\/pt\/wp-json\/wp\/v2\/product"}],"about":[{"href":"https:\/\/www.sellersunionagent.com\/pt\/wp-json\/wp\/v2\/types\/product"}],"replies":[{"embeddable":true,"href":"https:\/\/www.sellersunionagent.com\/pt\/wp-json\/wp\/v2\/comments?post=6676"}],"wp:featuredmedia":[{"embeddable":true,"href":"https:\/\/www.sellersunionagent.com\/pt\/wp-json\/wp\/v2\/media\/6687"}],"wp:attachment":[{"href":"https:\/\/www.sellersunionagent.com\/pt\/wp-json\/wp\/v2\/media?parent=6676"}],"wp:term":[{"taxonomy":"product_brand","embeddable":true,"href":"https:\/\/www.sellersunionagent.com\/pt\/wp-json\/wp\/v2\/product_brand?post=6676"},{"taxonomy":"product_cat","embeddable":true,"href":"https:\/\/www.sellersunionagent.com\/pt\/wp-json\/wp\/v2\/product_cat?post=6676"},{"taxonomy":"product_tag","embeddable":true,"href":"https:\/\/www.sellersunionagent.com\/pt\/wp-json\/wp\/v2\/product_tag?post=6676"}],"curies":[{"name":"wp","href":"https:\/\/api.w.org\/{rel}","templated":true}]}}