{"id":6664,"date":"2022-06-02T06:48:42","date_gmt":"2022-06-01T22:48:42","guid":{"rendered":"https:\/\/sellersunionagent.com\/?post_type=product&#038;p=6664"},"modified":"2022-07-11T14:28:17","modified_gmt":"2022-07-11T06:28:17","slug":"desconto-do-fabricante-em-bolsas-de-maquiagem-para-o-verao","status":"publish","type":"product","link":"https:\/\/www.sellersunionagent.com\/pt\/manufacturer-discount-on-summer-makeup-bags\/","title":{"rendered":"Desconto do fabricante em bolsas de maquiagem de ver\u00e3o"},"content":{"rendered":"<h1>Desconto do fabricante em bolsas de maquiagem de ver\u00e3o<\/h1>\n<p>Design de cord\u00e3o: normalmente, as bolsas de maquiagem usam o z\u00edper para abrir\/fechar a bolsa; no entanto, para esta bolsa, usamos o design de cord\u00e3o para dar uma apar\u00eancia especial;<\/p>\n<p>&nbsp;<\/p>\n<p>&nbsp;<\/p>\n<p>Dimens\u00f5es: 19*25*12cm<\/p>\n<p>&nbsp;<\/p>\n<p>&nbsp;<\/p>\n<p>Material de secagem r\u00e1pida: essa bolsa de maquiagem usa poli\u00e9ster em vez do material de tecido tradicional. Essa tecnologia faz com que a bolsa tenha um peso mais leve e recursos de secagem r\u00e1pida.<\/p>\n<p>&nbsp;<\/p>\n<p>&nbsp;<\/p>\n<p><span class=\"a-list-item\">Bolsa de cosm\u00e9ticos para viagem perfeita: esse conjunto de bolsa de maquiagem de m\u00e1rmore \u00e9 port\u00e1til e leve, f\u00e1cil de carregar. Voc\u00ea pode levar seus cosm\u00e9ticos para qualquer lugar.<\/span><\/p>\n<p>&nbsp;<\/p>\n<p>&nbsp;<\/p>\n<p>Material superior: Feitas de couro PU de alta qualidade com estampa de m\u00e1rmore, essas bolsas de maquiagem s\u00e3o resistentes a arranh\u00f5es, dur\u00e1veis e resistentes \u00e0 \u00e1gua. O z\u00edper dourado robusto pode manter seus produtos de beleza no lugar.<\/p>\n<p>&nbsp;<\/p>\n<p><img fetchpriority=\"high\" decoding=\"async\" class=\"aligncenter wp-image-9257 size-full\" src=\"https:\/\/www.sellersunionagent.com\/wp-content\/uploads\/2022\/06\/9893f7f1101f72b829f60f599bc6d72.png\" alt=\"Desconto do fabricante\" width=\"725\" height=\"758\" \/><img decoding=\"async\" class=\"aligncenter wp-image-9258 size-full\" src=\"https:\/\/www.sellersunionagent.com\/wp-content\/uploads\/2022\/06\/c561289fd805144e472cb46fa35a8a3.png\" alt=\"Desconto do fabricante\" width=\"616\" height=\"414\" \/><img decoding=\"async\" class=\"aligncenter wp-image-9261\" src=\"https:\/\/www.sellersunionagent.com\/wp-content\/uploads\/2022\/06\/629deb1d48af802bcf68eb49a3da5d9.png\" alt=\"Desconto do fabricante\" width=\"600\" height=\"772\" \/><img loading=\"lazy\" decoding=\"async\" class=\"aligncenter wp-image-9264\" src=\"https:\/\/www.sellersunionagent.com\/wp-content\/uploads\/2022\/06\/5b802b1d7a638a96b213364c8616059.png\" alt=\"Desconto do fabricante\" width=\"600\" height=\"767\" \/><img loading=\"lazy\" decoding=\"async\" class=\"aligncenter wp-image-9260 size-full\" src=\"https:\/\/www.sellersunionagent.com\/wp-content\/uploads\/2022\/06\/b3ec665f2e4dcaaf76074c030eb426d.png\" alt=\"Desconto do fabricante\" width=\"588\" height=\"814\" \/><br \/>\n<img loading=\"lazy\" decoding=\"async\" class=\"aligncenter wp-image-6668\" src=\"https:\/\/www.sellersunionagent.com\/wp-content\/uploads\/2022\/06\/summer-makeup-bags-7.jpg\" alt=\"\" width=\"600\" height=\"600\" \/><\/p>\n<p><img loading=\"lazy\" decoding=\"async\" class=\"aligncenter wp-image-6665\" src=\"https:\/\/www.sellersunionagent.com\/wp-content\/uploads\/2022\/06\/summer-makeup-bags-10.jpg\" alt=\"\" width=\"600\" height=\"600\" \/><\/p>\n<p><img loading=\"lazy\" decoding=\"async\" class=\"aligncenter wp-image-6666\" src=\"https:\/\/www.sellersunionagent.com\/wp-content\/uploads\/2022\/06\/summer-makeup-bags-9.jpg\" alt=\"\" width=\"600\" height=\"600\" \/><\/p>\n<p><img loading=\"lazy\" decoding=\"async\" class=\"aligncenter wp-image-6667\" src=\"https:\/\/www.sellersunionagent.com\/wp-content\/uploads\/2022\/06\/summer-makeup-bags-8.jpg\" alt=\"\" width=\"600\" height=\"600\" \/><\/p>\n<p>&nbsp;<\/p>\n<p>&nbsp;<\/p>","protected":false},"excerpt":{"rendered":"<p><strong>Tipo<\/strong>: Bolsa de maquiagem<\/p>\n<p><strong>N\u00famero do item<\/strong>: RH187<\/p>\n<p><strong>Tamanho do item<\/strong>: 19*25*12cm<\/p>\n<p><strong>Peso do item<\/strong>: 103g<\/p>\n<p><strong>Cores<\/strong>: mostrado conforme a imagem<\/p>\n<p>&nbsp;<\/p>\n<p>Servi\u00e7o de personaliza\u00e7\u00e3o<\/p>\n<p>Aceitamos requisitos de OEM e ODM. Se tiver alguma cria\u00e7\u00e3o, envie-nos suas perguntas. N\u00f3s o ajudaremos a qualquer momento.<\/p>","protected":false},"featured_media":6675,"comment_status":"open","ping_status":"closed","template":"","meta":{"_acf_changed":false},"product_brand":[],"product_cat":[30],"product_tag":[47,78,79],"class_list":{"0":"post-6664","1":"product","2":"type-product","3":"status-publish","4":"has-post-thumbnail","6":"product_cat-makeup-bag","7":"product_tag-hot-sale","8":"product_tag-makeup-bag","9":"product_tag-organization","11":"first","12":"instock","13":"shipping-taxable","14":"product-type-simple","15":"swiper-slide"},"acf":[],"_links":{"self":[{"href":"https:\/\/www.sellersunionagent.com\/pt\/wp-json\/wp\/v2\/product\/6664","targetHints":{"allow":["GET"]}}],"collection":[{"href":"https:\/\/www.sellersunionagent.com\/pt\/wp-json\/wp\/v2\/product"}],"about":[{"href":"https:\/\/www.sellersunionagent.com\/pt\/wp-json\/wp\/v2\/types\/product"}],"replies":[{"embeddable":true,"href":"https:\/\/www.sellersunionagent.com\/pt\/wp-json\/wp\/v2\/comments?post=6664"}],"wp:featuredmedia":[{"embeddable":true,"href":"https:\/\/www.sellersunionagent.com\/pt\/wp-json\/wp\/v2\/media\/6675"}],"wp:attachment":[{"href":"https:\/\/www.sellersunionagent.com\/pt\/wp-json\/wp\/v2\/media?parent=6664"}],"wp:term":[{"taxonomy":"product_brand","embeddable":true,"href":"https:\/\/www.sellersunionagent.com\/pt\/wp-json\/wp\/v2\/product_brand?post=6664"},{"taxonomy":"product_cat","embeddable":true,"href":"https:\/\/www.sellersunionagent.com\/pt\/wp-json\/wp\/v2\/product_cat?post=6664"},{"taxonomy":"product_tag","embeddable":true,"href":"https:\/\/www.sellersunionagent.com\/pt\/wp-json\/wp\/v2\/product_tag?post=6664"}],"curies":[{"name":"wp","href":"https:\/\/api.w.org\/{rel}","templated":true}]}}