{"id":6654,"date":"2022-06-02T06:35:39","date_gmt":"2022-06-01T22:35:39","guid":{"rendered":"https:\/\/sellersunionagent.com\/?post_type=product&#038;p=6654"},"modified":"2022-07-12T10:29:21","modified_gmt":"2022-07-12T02:29:21","slug":"bolsa-de-maquiagem-portatil-indispensavel-da-empresa-de-exportacao-da-china","status":"publish","type":"product","link":"https:\/\/www.sellersunionagent.com\/pt\/must-have-portable-makeup-bag-from-china-export-company\/","title":{"rendered":"Bolsa de maquiagem port\u00e1til indispens\u00e1vel da China Export Company"},"content":{"rendered":"<h1>Bolsa de maquiagem port\u00e1til indispens\u00e1vel da China Export Company<\/h1>\n<p>&nbsp;<\/p>\n<p>&nbsp;<\/p>\n<p>F\u00e1cil de dobrar: como uma bolsa de maquiagem port\u00e1til, a facilidade de dobrar e carregar \u00e9 muito importante para as meninas. Quando as meninas planejam comprar uma nova bolsa de maquiagem, elas podem se preocupar com a praticidade dos produtos.<\/p>\n<p>&nbsp;<\/p>\n<p>&nbsp;<\/p>\n<p>Design de moda m\u00faltipla: mudamos muitas vezes nossos desenhos de design porque queremos projetar as bolsas de maquiagem mais recentes e populares para lan\u00e7ar em nosso site. A equipe de design combinou os novos fatores de moda e os adicionou \u00e0s nossas bolsas de maquiagem.<\/p>\n<p>&nbsp;<\/p>\n<p>Bolsa de maquiagem perfeita para viagem: esse lindo conjunto de bolsa de maquiagem \u00e9 port\u00e1til e leve, f\u00e1cil de carregar. Voc\u00ea pode levar suas maquiagens para qualquer lugar. Sua dimens\u00e3o \u00e9: 22*14*12 CM e a estrutura \u00e9 um design \u00fanico. O peso do produto \u00e9 muito leve, com apenas 135 gramas.<\/p>\n<p>&nbsp;<\/p>\n<p>&nbsp;<\/p>\n<p><img fetchpriority=\"high\" decoding=\"async\" class=\"aligncenter wp-image-6656\" src=\"https:\/\/www.sellersunionagent.com\/wp-content\/uploads\/2022\/06\/portable-makeup-bag-8.jpg\" alt=\"\" width=\"600\" height=\"450\" \/><\/p>\n<p><img decoding=\"async\" class=\"aligncenter wp-image-6658\" src=\"https:\/\/www.sellersunionagent.com\/wp-content\/uploads\/2022\/06\/portable-makeup-bag-6.jpg\" alt=\"\" width=\"600\" height=\"450\" \/><\/p>\n<p><img decoding=\"async\" class=\"aligncenter wp-image-6655\" src=\"https:\/\/www.sellersunionagent.com\/wp-content\/uploads\/2022\/06\/portable-makeup-bag-10.jpg\" alt=\"\" width=\"600\" height=\"450\" \/><\/p>\n<p><img loading=\"lazy\" decoding=\"async\" class=\"aligncenter wp-image-6659\" src=\"https:\/\/www.sellersunionagent.com\/wp-content\/uploads\/2022\/06\/portable-makeup-bag-4.jpg\" alt=\"\" width=\"600\" height=\"600\" \/><img loading=\"lazy\" decoding=\"async\" class=\"aligncenter wp-image-6657\" src=\"https:\/\/www.sellersunionagent.com\/wp-content\/uploads\/2022\/06\/portable-makeup-bag-9.jpg\" alt=\"\" width=\"600\" height=\"450\" \/> <img loading=\"lazy\" decoding=\"async\" class=\"aligncenter wp-image-9272\" src=\"https:\/\/www.sellersunionagent.com\/wp-content\/uploads\/2022\/06\/1P0A7620-1.jpg\" alt=\"OEM\/ODM\" width=\"600\" height=\"600\" \/><\/p>\n<p>&nbsp;<\/p>","protected":false},"excerpt":{"rendered":"<p><strong>Tipo<\/strong>: Bolsa de maquiagem<\/p>\n<p><strong>Tamanho do item<\/strong>: 22*14*12CM<\/p>\n<p><strong>Peso do item<\/strong>: 135g<\/p>\n<p><strong>Cores<\/strong>: Rosa\/amarelo\/vermelho\/verde\/azul<\/p>\n<p>&nbsp;<\/p>\n<p>Servi\u00e7o de personaliza\u00e7\u00e3o<\/p>\n<p>Aceitamos requisitos de OEM e ODM. Se tiver alguma cria\u00e7\u00e3o, envie-nos suas perguntas. N\u00f3s o ajudaremos a qualquer momento.<\/p>","protected":false},"featured_media":6660,"comment_status":"open","ping_status":"closed","template":"","meta":{"_acf_changed":false},"product_brand":[],"product_cat":[30],"product_tag":[47,78],"class_list":{"0":"post-6654","1":"product","2":"type-product","3":"status-publish","4":"has-post-thumbnail","6":"product_cat-makeup-bag","7":"product_tag-hot-sale","8":"product_tag-makeup-bag","10":"first","11":"instock","12":"shipping-taxable","13":"product-type-simple","14":"swiper-slide"},"acf":[],"_links":{"self":[{"href":"https:\/\/www.sellersunionagent.com\/pt\/wp-json\/wp\/v2\/product\/6654","targetHints":{"allow":["GET"]}}],"collection":[{"href":"https:\/\/www.sellersunionagent.com\/pt\/wp-json\/wp\/v2\/product"}],"about":[{"href":"https:\/\/www.sellersunionagent.com\/pt\/wp-json\/wp\/v2\/types\/product"}],"replies":[{"embeddable":true,"href":"https:\/\/www.sellersunionagent.com\/pt\/wp-json\/wp\/v2\/comments?post=6654"}],"wp:featuredmedia":[{"embeddable":true,"href":"https:\/\/www.sellersunionagent.com\/pt\/wp-json\/wp\/v2\/media\/6660"}],"wp:attachment":[{"href":"https:\/\/www.sellersunionagent.com\/pt\/wp-json\/wp\/v2\/media?parent=6654"}],"wp:term":[{"taxonomy":"product_brand","embeddable":true,"href":"https:\/\/www.sellersunionagent.com\/pt\/wp-json\/wp\/v2\/product_brand?post=6654"},{"taxonomy":"product_cat","embeddable":true,"href":"https:\/\/www.sellersunionagent.com\/pt\/wp-json\/wp\/v2\/product_cat?post=6654"},{"taxonomy":"product_tag","embeddable":true,"href":"https:\/\/www.sellersunionagent.com\/pt\/wp-json\/wp\/v2\/product_tag?post=6654"}],"curies":[{"name":"wp","href":"https:\/\/api.w.org\/{rel}","templated":true}]}}