{"id":6646,"date":"2022-06-02T06:22:09","date_gmt":"2022-06-01T22:22:09","guid":{"rendered":"https:\/\/sellersunionagent.com\/?post_type=product&#038;p=6646"},"modified":"2022-08-05T14:30:17","modified_gmt":"2022-08-05T06:30:17","slug":"retailer-import-product-women-must-have-item-when-they-are-doing-makeup-makeup-bag","status":"publish","type":"product","link":"https:\/\/www.sellersunionagent.com\/pt\/retailer-import-product-women-must-have-item-when-they-are-doing-makeup-makeup-bag\/","title":{"rendered":"Produto de importa\u00e7\u00e3o do varejista: Item indispens\u00e1vel para as mulheres quando est\u00e3o fazendo maquiagem - bolsa para maquiagem"},"content":{"rendered":"<h1>Retailer Import product: <strong><b>Women must-have item when they are doing makeup-Makeup bag<\/b><\/strong><\/h1>\n<p>&nbsp;<\/p>\n<p>&nbsp;<\/p>\n<p>No matter which stage of their age, we always can find out that females love to do the makeup. They always like to wear the makeup when they have dates, interview or just hangout with friends. However, there are too many make up tools they would use such as foundation, makeup brush, blush and so on. How to storage them in a tidy way? The answer of course is to have a makeup bag.<\/p>\n<p>&nbsp;<\/p>\n<p>&nbsp;<\/p>\n<p>This type of makeup bag is designed for people who is professional at makeup or having a lot of makeup tools. As you may know, many girls love make up and like to get the makeup products as the gifts. The picture shown as above is a typical big capacity makeup bag which can contain about 3 foundations, 5 lipsticks, 5 blushes and so on. What a big capacity! If you have many makeup tools and you do not want to storage them in a messy way, buying this big capacity makeup bag is your best choice. There are many styles are available in our website. You will always find the one you like.<\/p>\n<p>&nbsp;<\/p>\n<p>&nbsp;<\/p>\n<p>Top Material: Made of high-quality PU Leather material with marble print, these makeup bags is easy to scratch, durable and waterproof, the sturdy gold zipper can keep your beauty products in place.<\/p>\n<p>&nbsp;<\/p>\n<p>Item NO.: RH108<\/p>\n<p>Dimension: 24*15*5 cm<\/p>\n<p><img fetchpriority=\"high\" decoding=\"async\" class=\"aligncenter wp-image-6647\" src=\"https:\/\/www.sellersunionagent.com\/wp-content\/uploads\/2022\/06\/makeup-makeup-bag-6.jpg\" alt=\"\" width=\"400\" height=\"400\" \/> <img decoding=\"async\" class=\"aligncenter wp-image-6648\" src=\"https:\/\/www.sellersunionagent.com\/wp-content\/uploads\/2022\/06\/makeup-makeup-bag-5.jpg\" alt=\"\" width=\"400\" height=\"400\" \/> <img decoding=\"async\" class=\"aligncenter wp-image-6649\" src=\"https:\/\/www.sellersunionagent.com\/wp-content\/uploads\/2022\/06\/makeup-makeup-bag-4.jpg\" alt=\"\" width=\"400\" height=\"400\" \/> <img loading=\"lazy\" decoding=\"async\" class=\"aligncenter wp-image-6650\" src=\"https:\/\/www.sellersunionagent.com\/wp-content\/uploads\/2022\/06\/makeup-makeup-bag-3.jpg\" alt=\"\" width=\"400\" height=\"400\" \/><\/p>\n<p>&nbsp;<\/p>","protected":false},"excerpt":{"rendered":"<p><strong>Tipo<\/strong>: Bolsa de maquiagem<\/p>\n<p><strong>Tamanho do item<\/strong>: 24*15*5cm<\/p>\n<p><strong>Peso do item<\/strong>: 130g<\/p>\n<p><strong>Cores<\/strong>:shown as picture<\/p>\n<p>&nbsp;<\/p>\n<p>Servi\u00e7o de personaliza\u00e7\u00e3o<\/p>\n<p>Aceitamos requisitos de OEM e ODM. Se tiver alguma cria\u00e7\u00e3o, envie-nos suas perguntas. N\u00f3s o ajudaremos a qualquer momento.<\/p>","protected":false},"featured_media":6652,"comment_status":"open","ping_status":"closed","template":"","meta":{"_acf_changed":false},"product_brand":[],"product_cat":[30],"product_tag":[47,78,50],"class_list":{"0":"post-6646","1":"product","2":"type-product","3":"status-publish","4":"has-post-thumbnail","6":"product_cat-makeup-bag","7":"product_tag-hot-sale","8":"product_tag-makeup-bag","9":"product_tag-wholesale","11":"first","12":"instock","13":"shipping-taxable","14":"product-type-simple","15":"swiper-slide"},"acf":[],"_links":{"self":[{"href":"https:\/\/www.sellersunionagent.com\/pt\/wp-json\/wp\/v2\/product\/6646","targetHints":{"allow":["GET"]}}],"collection":[{"href":"https:\/\/www.sellersunionagent.com\/pt\/wp-json\/wp\/v2\/product"}],"about":[{"href":"https:\/\/www.sellersunionagent.com\/pt\/wp-json\/wp\/v2\/types\/product"}],"replies":[{"embeddable":true,"href":"https:\/\/www.sellersunionagent.com\/pt\/wp-json\/wp\/v2\/comments?post=6646"}],"wp:featuredmedia":[{"embeddable":true,"href":"https:\/\/www.sellersunionagent.com\/pt\/wp-json\/wp\/v2\/media\/6652"}],"wp:attachment":[{"href":"https:\/\/www.sellersunionagent.com\/pt\/wp-json\/wp\/v2\/media?parent=6646"}],"wp:term":[{"taxonomy":"product_brand","embeddable":true,"href":"https:\/\/www.sellersunionagent.com\/pt\/wp-json\/wp\/v2\/product_brand?post=6646"},{"taxonomy":"product_cat","embeddable":true,"href":"https:\/\/www.sellersunionagent.com\/pt\/wp-json\/wp\/v2\/product_cat?post=6646"},{"taxonomy":"product_tag","embeddable":true,"href":"https:\/\/www.sellersunionagent.com\/pt\/wp-json\/wp\/v2\/product_tag?post=6646"}],"curies":[{"name":"wp","href":"https:\/\/api.w.org\/{rel}","templated":true}]}}