{"id":6635,"date":"2022-06-02T04:27:44","date_gmt":"2022-06-01T20:27:44","guid":{"rendered":"https:\/\/sellersunionagent.com\/?post_type=product&#038;p=6635"},"modified":"2022-07-08T14:30:21","modified_gmt":"2022-07-08T06:30:21","slug":"retailers-choice-summer-makeup-bags","status":"publish","type":"product","link":"https:\/\/www.sellersunionagent.com\/pt\/retailers-choice-summer-makeup-bags\/","title":{"rendered":"Escolha do varejista: Bolsas de maquiagem para o ver\u00e3o"},"content":{"rendered":"<h1>Escolha do varejista: Bolsas de maquiagem para o ver\u00e3o<\/h1>\n<p>Compact size: due to the compact size of our product, customers can carry their makeup bags to any places and any time!<\/p>\n<p>&nbsp;<\/p>\n<p>&nbsp;<\/p>\n<p>Dimensions: 24*14*8cm.<\/p>\n<p>&nbsp;<\/p>\n<p>&nbsp;<\/p>\n<p>Multiple colors available for your selection: there are many colors and they all fit in summer vibe. It can also brighten your life when you feel sad because the color is so dynamic.<\/p>\n<p>&nbsp;<\/p>\n<p>&nbsp;<\/p>\n<p>Advanced appearance design: combinate the latest fashion tendency with the practicability for satisfying any of your images of a makeup bag.<\/p>\n<p>&nbsp;<\/p>\n<p><img fetchpriority=\"high\" decoding=\"async\" class=\"aligncenter wp-image-6642\" src=\"https:\/\/www.sellersunionagent.com\/wp-content\/uploads\/2022\/06\/summer-makeup-bags-15.jpg\" alt=\"\" width=\"600\" height=\"600\" \/><\/p>\n<p><img decoding=\"async\" class=\"aligncenter wp-image-6643\" src=\"https:\/\/www.sellersunionagent.com\/wp-content\/uploads\/2022\/06\/summer-makeup-bags-14.jpg\" alt=\"\" width=\"600\" height=\"600\" \/><\/p>\n<p><img decoding=\"async\" class=\"aligncenter wp-image-6644\" src=\"https:\/\/www.sellersunionagent.com\/wp-content\/uploads\/2022\/06\/summer-makeup-bags-13.jpg\" alt=\"\" width=\"600\" height=\"600\" \/><\/p>\n<p><img loading=\"lazy\" decoding=\"async\" class=\"aligncenter wp-image-6645\" src=\"https:\/\/www.sellersunionagent.com\/wp-content\/uploads\/2022\/06\/summer-makeup-bags-12.jpg\" alt=\"\" width=\"600\" height=\"600\" \/><\/p>","protected":false},"excerpt":{"rendered":"<p><strong>Tipo:<\/strong> Bolsa de maquiagem<\/p>\n<p><strong>Item\u00a0Size:<\/strong> 24*14*8cm<\/p>\n<p><strong>Peso do item<\/strong>: 103g<\/p>\n<p><strong>Cores<\/strong>: Pink\/Yellow\/Blue\/Red\/Green<\/p>\n<p>&nbsp;<\/p>\n<p>Servi\u00e7o de personaliza\u00e7\u00e3o<\/p>\n<p>Aceitamos requisitos de OEM e ODM. Se tiver alguma cria\u00e7\u00e3o, envie-nos suas perguntas. N\u00f3s o ajudaremos a qualquer momento.<\/p>","protected":false},"featured_media":6776,"comment_status":"open","ping_status":"closed","template":"","meta":{"_acf_changed":false},"product_brand":[],"product_cat":[30],"product_tag":[70,47,78],"class_list":{"0":"post-6635","1":"product","2":"type-product","3":"status-publish","4":"has-post-thumbnail","6":"product_cat-makeup-bag","7":"product_tag-home-storage","8":"product_tag-hot-sale","9":"product_tag-makeup-bag","11":"first","12":"instock","13":"shipping-taxable","14":"product-type-simple","15":"swiper-slide"},"acf":[],"_links":{"self":[{"href":"https:\/\/www.sellersunionagent.com\/pt\/wp-json\/wp\/v2\/product\/6635","targetHints":{"allow":["GET"]}}],"collection":[{"href":"https:\/\/www.sellersunionagent.com\/pt\/wp-json\/wp\/v2\/product"}],"about":[{"href":"https:\/\/www.sellersunionagent.com\/pt\/wp-json\/wp\/v2\/types\/product"}],"replies":[{"embeddable":true,"href":"https:\/\/www.sellersunionagent.com\/pt\/wp-json\/wp\/v2\/comments?post=6635"}],"wp:featuredmedia":[{"embeddable":true,"href":"https:\/\/www.sellersunionagent.com\/pt\/wp-json\/wp\/v2\/media\/6776"}],"wp:attachment":[{"href":"https:\/\/www.sellersunionagent.com\/pt\/wp-json\/wp\/v2\/media?parent=6635"}],"wp:term":[{"taxonomy":"product_brand","embeddable":true,"href":"https:\/\/www.sellersunionagent.com\/pt\/wp-json\/wp\/v2\/product_brand?post=6635"},{"taxonomy":"product_cat","embeddable":true,"href":"https:\/\/www.sellersunionagent.com\/pt\/wp-json\/wp\/v2\/product_cat?post=6635"},{"taxonomy":"product_tag","embeddable":true,"href":"https:\/\/www.sellersunionagent.com\/pt\/wp-json\/wp\/v2\/product_tag?post=6635"}],"curies":[{"name":"wp","href":"https:\/\/api.w.org\/{rel}","templated":true}]}}