{"id":6626,"date":"2022-06-02T04:12:54","date_gmt":"2022-06-01T20:12:54","guid":{"rendered":"https:\/\/sellersunionagent.com\/?post_type=product&#038;p=6626"},"modified":"2022-08-31T14:22:25","modified_gmt":"2022-08-31T06:22:25","slug":"sacos-de-lavanderia-para-organizacao-domestica-para-pedidos-em-grandes-quantidades","status":"publish","type":"product","link":"https:\/\/www.sellersunionagent.com\/pt\/bulk-order-home-organization-laundry-bags\/","title":{"rendered":"Pedido a granel Organiza\u00e7\u00e3o dom\u00e9stica: Sacos de lavanderia"},"content":{"rendered":"<h1>Pedido a granel Organiza\u00e7\u00e3o dom\u00e9stica: Sacos de lavanderia<\/h1>\n<p>Grande capacidade: pode armazenar facilmente mais de 10 roupas a serem lavadas ao mesmo tempo;<\/p>\n<p>&nbsp;<\/p>\n<p>&nbsp;<\/p>\n<p>Peso leve: apenas 350 gramas para cada produto. Voc\u00ea pode carreg\u00e1-lo com facilidade;<\/p>\n<p>&nbsp;<\/p>\n<p>&nbsp;<\/p>\n<p>Design de cord\u00e3o: bloqueia a poeira e a sujeira de suas roupas;<\/p>\n<p>&nbsp;<\/p>\n<p>&nbsp;<\/p>\n<p>Design \u00e0 prova d'\u00e1gua: usamos materiais \u00e0 prova d'\u00e1gua para evitar que as roupas sejam molhadas pela \u00e1gua;<\/p>\n<p>&nbsp;<\/p>\n<p>&nbsp;<\/p>\n<p>Dispon\u00edvel com duas al\u00e7as: para voc\u00ea carregar o produto para qualquer lugar da sua casa.<\/p>\n<p>&nbsp;<\/p>\n<p>&nbsp;<\/p>\n<p><img fetchpriority=\"high\" decoding=\"async\" class=\"aligncenter wp-image-6633\" src=\"https:\/\/www.sellersunionagent.com\/wp-content\/uploads\/2022\/06\/laundry-bags-1.jpg\" alt=\"\" width=\"600\" height=\"599\" \/><\/p>\n<p><img decoding=\"async\" class=\"aligncenter wp-image-6632\" src=\"https:\/\/www.sellersunionagent.com\/wp-content\/uploads\/2022\/06\/laundry-bags-2.jpg\" alt=\"\" width=\"600\" height=\"600\" \/><\/p>\n<p><img decoding=\"async\" class=\"aligncenter wp-image-6634\" src=\"https:\/\/www.sellersunionagent.com\/wp-content\/uploads\/2022\/06\/laundry-bags.jpg\" alt=\"\" width=\"600\" height=\"600\" \/><\/p>","protected":false},"excerpt":{"rendered":"<p><strong>Tipo<\/strong>: Armazenamento dom\u00e9stico<\/p>\n<p><strong>Tamanho do item<\/strong>: 35*38*50cm<\/p>\n<p><strong>Peso do item<\/strong>\uff1a 350g<\/p>\n<p><strong>Cores<\/strong>: Preto\/cinza\/rosa\/azulPeso do item: 350g<\/p>\n<p>&nbsp;<\/p>\n<p>Servi\u00e7o de personaliza\u00e7\u00e3o<\/p>\n<p>Aceitamos requisitos de OEM e ODM. Se tiver alguma cria\u00e7\u00e3o, envie-nos suas perguntas. N\u00f3s o ajudaremos a qualquer momento.<\/p>","protected":false},"featured_media":6744,"comment_status":"open","ping_status":"closed","template":"","meta":{"_acf_changed":false},"product_brand":[],"product_cat":[31,189],"product_tag":[70,47,76],"class_list":{"0":"post-6626","1":"product","2":"type-product","3":"status-publish","4":"has-post-thumbnail","6":"product_cat-home-storage","7":"product_cat-bathroom","8":"product_tag-home-storage","9":"product_tag-hot-sale","10":"product_tag-laundry-bag","12":"first","13":"instock","14":"shipping-taxable","15":"product-type-simple","16":"swiper-slide"},"acf":[],"_links":{"self":[{"href":"https:\/\/www.sellersunionagent.com\/pt\/wp-json\/wp\/v2\/product\/6626","targetHints":{"allow":["GET"]}}],"collection":[{"href":"https:\/\/www.sellersunionagent.com\/pt\/wp-json\/wp\/v2\/product"}],"about":[{"href":"https:\/\/www.sellersunionagent.com\/pt\/wp-json\/wp\/v2\/types\/product"}],"replies":[{"embeddable":true,"href":"https:\/\/www.sellersunionagent.com\/pt\/wp-json\/wp\/v2\/comments?post=6626"}],"wp:featuredmedia":[{"embeddable":true,"href":"https:\/\/www.sellersunionagent.com\/pt\/wp-json\/wp\/v2\/media\/6744"}],"wp:attachment":[{"href":"https:\/\/www.sellersunionagent.com\/pt\/wp-json\/wp\/v2\/media?parent=6626"}],"wp:term":[{"taxonomy":"product_brand","embeddable":true,"href":"https:\/\/www.sellersunionagent.com\/pt\/wp-json\/wp\/v2\/product_brand?post=6626"},{"taxonomy":"product_cat","embeddable":true,"href":"https:\/\/www.sellersunionagent.com\/pt\/wp-json\/wp\/v2\/product_cat?post=6626"},{"taxonomy":"product_tag","embeddable":true,"href":"https:\/\/www.sellersunionagent.com\/pt\/wp-json\/wp\/v2\/product_tag?post=6626"}],"curies":[{"name":"wp","href":"https:\/\/api.w.org\/{rel}","templated":true}]}}