{"id":6604,"date":"2022-06-02T03:48:03","date_gmt":"2022-06-01T19:48:03","guid":{"rendered":"https:\/\/sellersunionagent.com\/?post_type=product&#038;p=6604"},"modified":"2022-08-31T14:22:42","modified_gmt":"2022-08-31T06:22:42","slug":"saco-de-lavanderia-com-desconto-para-pedidos-em-massa","status":"publish","type":"product","link":"https:\/\/www.sellersunionagent.com\/pt\/bulk-order-discount-laundry-bag\/","title":{"rendered":"Desconto para pedidos em massa - Saco para lavanderia"},"content":{"rendered":"<h1>Desconto para pedidos em massa - Saco para lavanderia<\/h1>\n<p>Al\u00e7a vis\u00edvel para transporte: H\u00e1 duas al\u00e7as dispon\u00edveis no lado esquerdo e no lado direito do produto para que voc\u00ea possa carregar o saco de roupa suja com muita facilidade;<\/p>\n<p>&nbsp;<\/p>\n<p>&nbsp;<\/p>\n<p>Leve no peso: O peso do saco para roupa suja de uso dom\u00e9stico \u00e9 muito leve, n\u00e3o pesado. Assim, voc\u00ea pode mov\u00ea-lo facilmente;<\/p>\n<p>&nbsp;<\/p>\n<p>&nbsp;<\/p>\n<p>Apar\u00eancia elegante: h\u00e1 seis cores e estilos para voc\u00ea escolher. Basta selecionar o que mais lhe agrada!<\/p>\n<p>&nbsp;<\/p>\n<p>&nbsp;<\/p>\n<p>Tamanho grande: A capacidade extragrande \u00e9 grande o suficiente para suportar uma carga m\u00e9dia de roupas.<\/p>\n<p>&nbsp;<\/p>\n<p>&nbsp;<\/p>\n<p>Material de alta qualidade - Fabricado com linho de alta qualidade como mat\u00e9ria-prima; FlaxFabric lav\u00e1vel<\/p>\n<p>&nbsp;<\/p>\n<p>&nbsp;<\/p>\n<p><img fetchpriority=\"high\" decoding=\"async\" class=\"aligncenter wp-image-6607\" src=\"https:\/\/www.sellersunionagent.com\/wp-content\/uploads\/2022\/06\/discount-laundry-bag-6.jpg\" alt=\"\" width=\"600\" height=\"600\" \/><\/p>\n<p><img decoding=\"async\" class=\"aligncenter wp-image-6608\" src=\"https:\/\/www.sellersunionagent.com\/wp-content\/uploads\/2022\/06\/discount-laundry-bag-5.jpg\" alt=\"\" width=\"600\" height=\"600\" \/><\/p>\n<p><img decoding=\"async\" class=\"aligncenter wp-image-6606\" src=\"https:\/\/www.sellersunionagent.com\/wp-content\/uploads\/2022\/06\/discount-laundry-bag-7.jpg\" alt=\"\" width=\"600\" height=\"614\" \/><\/p>\n<p><img loading=\"lazy\" decoding=\"async\" class=\"aligncenter wp-image-6605\" src=\"https:\/\/www.sellersunionagent.com\/wp-content\/uploads\/2022\/06\/discount-laundry-bag-8.jpg\" alt=\"\" width=\"600\" height=\"657\" \/><\/p>\n<p><img loading=\"lazy\" decoding=\"async\" class=\"aligncenter wp-image-6609\" src=\"https:\/\/www.sellersunionagent.com\/wp-content\/uploads\/2022\/06\/discount-laundry-bag-4.jpg\" alt=\"\" width=\"600\" height=\"488\" \/><\/p>","protected":false},"excerpt":{"rendered":"<p><strong>Tipo<\/strong>: Armazenamento dom\u00e9stico<\/p>\n<p><strong>Tamanho do item<\/strong>:  35*45cm<\/p>\n<p><strong>Peso do item<\/strong>: 400g<\/p>\n<p><strong>Cores<\/strong>: Preto\/verde\/azul<\/p>\n<p>&nbsp;<\/p>\n<p>Servi\u00e7o de personaliza\u00e7\u00e3o<\/p>\n<p>Aceitamos requisitos de OEM e ODM. Se tiver alguma cria\u00e7\u00e3o, envie-nos suas perguntas. N\u00f3s o ajudaremos a qualquer momento.<\/p>","protected":false},"featured_media":6613,"comment_status":"open","ping_status":"closed","template":"","meta":{"_acf_changed":false},"product_brand":[],"product_cat":[31,186],"product_tag":[70,47,76],"class_list":{"0":"post-6604","1":"product","2":"type-product","3":"status-publish","4":"has-post-thumbnail","6":"product_cat-home-storage","7":"product_cat-living-room","8":"product_tag-home-storage","9":"product_tag-hot-sale","10":"product_tag-laundry-bag","12":"first","13":"instock","14":"shipping-taxable","15":"product-type-simple","16":"swiper-slide"},"acf":[],"_links":{"self":[{"href":"https:\/\/www.sellersunionagent.com\/pt\/wp-json\/wp\/v2\/product\/6604","targetHints":{"allow":["GET"]}}],"collection":[{"href":"https:\/\/www.sellersunionagent.com\/pt\/wp-json\/wp\/v2\/product"}],"about":[{"href":"https:\/\/www.sellersunionagent.com\/pt\/wp-json\/wp\/v2\/types\/product"}],"replies":[{"embeddable":true,"href":"https:\/\/www.sellersunionagent.com\/pt\/wp-json\/wp\/v2\/comments?post=6604"}],"wp:featuredmedia":[{"embeddable":true,"href":"https:\/\/www.sellersunionagent.com\/pt\/wp-json\/wp\/v2\/media\/6613"}],"wp:attachment":[{"href":"https:\/\/www.sellersunionagent.com\/pt\/wp-json\/wp\/v2\/media?parent=6604"}],"wp:term":[{"taxonomy":"product_brand","embeddable":true,"href":"https:\/\/www.sellersunionagent.com\/pt\/wp-json\/wp\/v2\/product_brand?post=6604"},{"taxonomy":"product_cat","embeddable":true,"href":"https:\/\/www.sellersunionagent.com\/pt\/wp-json\/wp\/v2\/product_cat?post=6604"},{"taxonomy":"product_tag","embeddable":true,"href":"https:\/\/www.sellersunionagent.com\/pt\/wp-json\/wp\/v2\/product_tag?post=6604"}],"curies":[{"name":"wp","href":"https:\/\/api.w.org\/{rel}","templated":true}]}}