{"id":6594,"date":"2022-06-02T03:33:04","date_gmt":"2022-06-01T19:33:04","guid":{"rendered":"https:\/\/sellersunionagent.com\/?post_type=product&#038;p=6594"},"modified":"2022-08-31T14:22:52","modified_gmt":"2022-08-31T06:22:52","slug":"saco-de-lavanderia-de-uso-domestico-de-selecao-de-linho-no-atacado","status":"publish","type":"product","link":"https:\/\/www.sellersunionagent.com\/pt\/wholesaler-selection-flax-home-usage-laundry-bag\/","title":{"rendered":"Sele\u00e7\u00e3o do atacadista: Cesto de roupa suja de linho para uso dom\u00e9stico"},"content":{"rendered":"<h1>Sele\u00e7\u00e3o do atacadista: Cesto de roupa suja de linho para uso dom\u00e9stico<\/h1>\n<p><strong>Tipo<\/strong>: Organiza\u00e7\u00e3o da casa<\/p>\n<p><strong>Tamanho do item<\/strong>: 34*25*38cm<\/p>\n<p><strong>Peso do item<\/strong>: 410g<\/p>\n<p><strong>Cores<\/strong>: Preto\/azul\/marrom<\/p>\n<p>&nbsp;<\/p>\n<p>&nbsp;<\/p>\n<p>Onde voc\u00ea colocava suas roupas velhas e sujas quando terminava o banho? Na tampa do vaso sanit\u00e1rio ou em qualquer lugar do seu banheiro e quarto? Nesse caso, acho que voc\u00ea deveria ter um saco de roupa suja para ajud\u00e1-lo a arrumar suas roupas sujas. Se tiver um saco de roupa suja, voc\u00ea pode simplesmente deixar as roupas sujas no saco de roupa suja e elas n\u00e3o ficar\u00e3o sujas em nenhum lugar do seu quarto ou banheiro. Quando decidir lavar a roupa, basta levar o saco de roupa suja at\u00e9 a m\u00e1quina de lavar. Isso pode economizar muito do seu tempo e ajud\u00e1-lo a construir um estilo de vida positivo. Voc\u00ea ainda pode dobr\u00e1-lo para economizar espa\u00e7o se n\u00e3o precisar dele.<\/p>\n<p>&nbsp;<\/p>\n<p>&nbsp;<\/p>\n<h2>F\u00e1cil de dobrar:<\/h2>\n<p>Por ser feito de linho, ele \u00e9 macio e f\u00e1cil de dobrar. A vantagem \u00e9 que voc\u00ea pode guard\u00e1-la em casa sem ocupar muito espa\u00e7o. Quando n\u00e3o precisar dela, poder\u00e1 guard\u00e1-la facilmente. Voc\u00ea pode estic\u00e1-la quando precisar us\u00e1-la novamente.<\/p>\n<p>&nbsp;<\/p>\n<p>&nbsp;<\/p>\n<h2>Material Premium:<\/h2>\n<p>Usamos linho quando pensamos em qual tecido dever\u00edamos usar. O linho \u00e9 um pouco duro e muito dur\u00e1vel, mas, de certa forma, \u00e9 macio. O saco de roupa suja de linho seria a primeira op\u00e7\u00e3o para pessoas que precisam armazenar suas roupas a serem lavadas.<\/p>\n<p>&nbsp;<\/p>\n<p>&nbsp;<\/p>\n<p><img fetchpriority=\"high\" decoding=\"async\" class=\"aligncenter wp-image-6603\" src=\"https:\/\/www.sellersunionagent.com\/wp-content\/uploads\/2022\/06\/flax-home-usage-laundry-hamper.jpg\" alt=\"\" width=\"600\" height=\"533\" \/><\/p>\n<p><img decoding=\"async\" class=\"aligncenter wp-image-6602\" src=\"https:\/\/www.sellersunionagent.com\/wp-content\/uploads\/2022\/06\/flax-home-usage-laundry-hamper-1.jpg\" alt=\"\" width=\"600\" height=\"657\" \/><\/p>\n<p><img decoding=\"async\" class=\"aligncenter wp-image-6597\" src=\"https:\/\/www.sellersunionagent.com\/wp-content\/uploads\/2022\/06\/flax-home-usage-laundry-hamper-5.jpg\" alt=\"\" width=\"600\" height=\"600\" \/><\/p>\n<p><img loading=\"lazy\" decoding=\"async\" class=\"aligncenter wp-image-6596\" src=\"https:\/\/www.sellersunionagent.com\/wp-content\/uploads\/2022\/06\/flax-home-usage-laundry-hamper-6.jpg\" alt=\"\" width=\"600\" height=\"600\" \/><\/p>","protected":false},"excerpt":{"rendered":"<p><strong>MOQ: <\/strong>500 (flex\u00edvel)<br \/>\n<strong>Amostra gr\u00e1tis:<\/strong> Com suporte<br \/>\n<strong>Personaliza\u00e7\u00e3o:<\/strong> logotipo \/ cor \/ materiais \/ embalagem etc.<br \/>\n<strong>Desconto:<\/strong> Primeiros pedidos com desconto de at\u00e9 10%.<br \/>\n<strong>Taxa de entrega no prazo:<\/strong> 100%<br \/>\n<strong>Total de remessas:<\/strong> 100000PCS<br \/>\n<strong>Envio:<\/strong> Suporte expresso - frete mar\u00edtimo - frete terrestre<\/p>\n<p>&nbsp;<\/p>\n<p>&nbsp;<\/p>\n<p>Servi\u00e7o de personaliza\u00e7\u00e3o<\/p>\n<p>Aceitamos requisitos de OEM e ODM. Se tiver alguma cria\u00e7\u00e3o, envie-nos suas perguntas. N\u00f3s o ajudaremos a qualquer momento.<\/p>","protected":false},"featured_media":6598,"comment_status":"open","ping_status":"closed","template":"","meta":{"_acf_changed":false},"product_brand":[],"product_cat":[31,186],"product_tag":[70,174,47,75],"class_list":{"0":"post-6594","1":"product","2":"type-product","3":"status-publish","4":"has-post-thumbnail","6":"product_cat-home-storage","7":"product_cat-living-room","8":"product_tag-home-storage","9":"product_tag-home-storage-hot","10":"product_tag-hot-sale","11":"product_tag-new-product","13":"first","14":"instock","15":"shipping-taxable","16":"product-type-simple","17":"swiper-slide"},"acf":[],"_links":{"self":[{"href":"https:\/\/www.sellersunionagent.com\/pt\/wp-json\/wp\/v2\/product\/6594","targetHints":{"allow":["GET"]}}],"collection":[{"href":"https:\/\/www.sellersunionagent.com\/pt\/wp-json\/wp\/v2\/product"}],"about":[{"href":"https:\/\/www.sellersunionagent.com\/pt\/wp-json\/wp\/v2\/types\/product"}],"replies":[{"embeddable":true,"href":"https:\/\/www.sellersunionagent.com\/pt\/wp-json\/wp\/v2\/comments?post=6594"}],"wp:featuredmedia":[{"embeddable":true,"href":"https:\/\/www.sellersunionagent.com\/pt\/wp-json\/wp\/v2\/media\/6598"}],"wp:attachment":[{"href":"https:\/\/www.sellersunionagent.com\/pt\/wp-json\/wp\/v2\/media?parent=6594"}],"wp:term":[{"taxonomy":"product_brand","embeddable":true,"href":"https:\/\/www.sellersunionagent.com\/pt\/wp-json\/wp\/v2\/product_brand?post=6594"},{"taxonomy":"product_cat","embeddable":true,"href":"https:\/\/www.sellersunionagent.com\/pt\/wp-json\/wp\/v2\/product_cat?post=6594"},{"taxonomy":"product_tag","embeddable":true,"href":"https:\/\/www.sellersunionagent.com\/pt\/wp-json\/wp\/v2\/product_tag?post=6594"}],"curies":[{"name":"wp","href":"https:\/\/api.w.org\/{rel}","templated":true}]}}