{"id":6580,"date":"2022-06-01T22:01:32","date_gmt":"2022-06-01T14:01:32","guid":{"rendered":"https:\/\/sellersunionagent.com\/?post_type=product&#038;p=6580"},"modified":"2022-08-31T14:22:59","modified_gmt":"2022-08-31T06:22:59","slug":"saco-de-armazenamento-de-roupas-de-grande-capacidade-no-atacado-para-armazenamento-domestico","status":"publish","type":"product","link":"https:\/\/www.sellersunionagent.com\/pt\/wholesale-large-capacity-clothes-storage-bag-for-home-storage\/","title":{"rendered":"Saco de armazenamento de roupas de grande capacidade para armazenamento dom\u00e9stico no atacado"},"content":{"rendered":"<h2>Saco de armazenamento de roupas dobr\u00e1vel de grande capacidade Sacos de armazenamento de edredom para armazenamento dom\u00e9stico<\/h2>\n<p>&nbsp;<\/p>\n<p>&nbsp;<\/p>\n<ul>\n<li>Independente: Basta esticar o cesto de roupa suja e ele ficar\u00e1 de p\u00e9 e se manter\u00e1 ereto por conta pr\u00f3pria, sem necessidade de instala\u00e7\u00e3o.<\/li>\n<\/ul>\n<p>&nbsp;<\/p>\n<p>&nbsp;<\/p>\n<ul>\n<li>Tamanho: 32*25*50CM aproximadamente, verifique o tamanho cuidadosamente antes da compra.<\/li>\n<\/ul>\n<p>&nbsp;<\/p>\n<p>&nbsp;<\/p>\n<ul>\n<li>Design dobr\u00e1vel: O cesto de roupa suja pode ser facilmente dobrado para economizar espa\u00e7o quando n\u00e3o estiver em uso, ideal para dormit\u00f3rios universit\u00e1rios, campistas, apartamentos, hot\u00e9is, ber\u00e7\u00e1rios e salas de servi\u00e7o.<\/li>\n<\/ul>\n<p>&nbsp;<\/p>\n<p>&nbsp;<\/p>\n<ul>\n<li>N\u00e3o use m\u00e1quina de lavar para limpar a cesta de armazenamento, pois isso danificar\u00e1 o revestimento de PE.<\/li>\n<\/ul>\n<p>&nbsp;<\/p>\n<p><img fetchpriority=\"high\" decoding=\"async\" class=\"aligncenter wp-image-6584\" src=\"https:\/\/www.sellersunionagent.com\/wp-content\/uploads\/2022\/06\/clothes-storage-bag-4.jpg\" alt=\"\" width=\"600\" height=\"800\" \/> <img decoding=\"async\" class=\"aligncenter wp-image-6585\" src=\"https:\/\/www.sellersunionagent.com\/wp-content\/uploads\/2022\/06\/clothes-storage-bag-3.jpg\" alt=\"\" width=\"600\" height=\"767\" \/><img decoding=\"async\" class=\"aligncenter wp-image-9048\" src=\"https:\/\/www.sellersunionagent.com\/wp-content\/uploads\/2022\/06\/\u8be6\u60c5-07-7.jpg\" alt=\"revendedor\" width=\"600\" height=\"624\" \/><\/p>\n<p>&nbsp;<\/p>\n<p>&nbsp;<\/p>","protected":false},"excerpt":{"rendered":"<p><strong>Tipo:<\/strong> Saco de lavagem Item<br \/>\n<strong>Tamanho: <\/strong>32*25*50CM<br \/>\n<strong>Peso:<\/strong>430g<br \/>\n<strong>Capacidade de fornecimento:<\/strong> 50000 pe\u00e7as\/pe\u00e7as por m\u00eas<br \/>\n<strong>MOQ:<\/strong> 500 unidades<\/p>","protected":false},"featured_media":6583,"comment_status":"open","ping_status":"closed","template":"","meta":{"_acf_changed":false},"product_brand":[],"product_cat":[31,186],"product_tag":[74,70,50],"class_list":{"0":"post-6580","1":"product","2":"type-product","3":"status-publish","4":"has-post-thumbnail","6":"product_cat-home-storage","7":"product_cat-living-room","8":"product_tag-clothes-storage","9":"product_tag-home-storage","10":"product_tag-wholesale","12":"first","13":"instock","14":"shipping-taxable","15":"product-type-simple","16":"swiper-slide"},"acf":[],"_links":{"self":[{"href":"https:\/\/www.sellersunionagent.com\/pt\/wp-json\/wp\/v2\/product\/6580","targetHints":{"allow":["GET"]}}],"collection":[{"href":"https:\/\/www.sellersunionagent.com\/pt\/wp-json\/wp\/v2\/product"}],"about":[{"href":"https:\/\/www.sellersunionagent.com\/pt\/wp-json\/wp\/v2\/types\/product"}],"replies":[{"embeddable":true,"href":"https:\/\/www.sellersunionagent.com\/pt\/wp-json\/wp\/v2\/comments?post=6580"}],"wp:featuredmedia":[{"embeddable":true,"href":"https:\/\/www.sellersunionagent.com\/pt\/wp-json\/wp\/v2\/media\/6583"}],"wp:attachment":[{"href":"https:\/\/www.sellersunionagent.com\/pt\/wp-json\/wp\/v2\/media?parent=6580"}],"wp:term":[{"taxonomy":"product_brand","embeddable":true,"href":"https:\/\/www.sellersunionagent.com\/pt\/wp-json\/wp\/v2\/product_brand?post=6580"},{"taxonomy":"product_cat","embeddable":true,"href":"https:\/\/www.sellersunionagent.com\/pt\/wp-json\/wp\/v2\/product_cat?post=6580"},{"taxonomy":"product_tag","embeddable":true,"href":"https:\/\/www.sellersunionagent.com\/pt\/wp-json\/wp\/v2\/product_tag?post=6580"}],"curies":[{"name":"wp","href":"https:\/\/api.w.org\/{rel}","templated":true}]}}