{"id":6568,"date":"2022-06-01T21:50:13","date_gmt":"2022-06-01T13:50:13","guid":{"rendered":"https:\/\/sellersunionagent.com\/?post_type=product&#038;p=6568"},"modified":"2022-08-31T14:23:07","modified_gmt":"2022-08-31T06:23:07","slug":"os-melhores-conteineres-de-armazenamento-domestico-para-organizar-seu-espaco","status":"publish","type":"product","link":"https:\/\/www.sellersunionagent.com\/pt\/the-best-home-storage-containers-to-organize-your-space\/","title":{"rendered":"Os melhores cont\u00eaineres de armazenamento dom\u00e9stico para organizar seu espa\u00e7o"},"content":{"rendered":"<h2>Cesta de armazenamento dom\u00e9stico dur\u00e1vel e ecologicamente correta no atacado<\/h2>\n<p>&nbsp;<\/p>\n<p>&nbsp;<\/p>\n<ul>\n<li>Adequado para todos os arm\u00e1rios: Ele foi convenientemente projetado para caber em todos os tipos de espa\u00e7o de arm\u00e1rios. Armazene roupas, cobertores, brinquedos de pel\u00facia, livros, fotos e tudo o mais.<\/li>\n<\/ul>\n<p>&nbsp;<\/p>\n<p>&nbsp;<\/p>\n<ul>\n<li>F\u00e1cil de transportar: O design compacto do saco de armazenamento permite que voc\u00ea o transporte facilmente entre prateleiras altas ou baixas. E quando voc\u00ea precisar deles, basta retirar os sacos de armazenamento de roupas do arm\u00e1rio.<\/li>\n<\/ul>\n<p>&nbsp;<\/p>\n<p>&nbsp;<\/p>\n<ul>\n<li>Material de primeira qualidade: \u00c9 dur\u00e1vel o suficiente para suportar itens de todas as formas e tamanhos.<\/li>\n<\/ul>\n<p>&nbsp;<\/p>\n<p>&nbsp;<\/p>\n<ul>\n<li>Al\u00e7a refor\u00e7ada: Nossas al\u00e7as s\u00e3o costuradas e refor\u00e7adas com 3 camadas adicionais de tecido n\u00e3o tecido, o que fortalece e aumenta a capacidade de carga. Agora voc\u00ea pode levantar itens pesados com o m\u00ednimo de esfor\u00e7o.<\/li>\n<\/ul>\n<p>&nbsp;<\/p>\n<p>&nbsp;<\/p>\n<p><img fetchpriority=\"high\" decoding=\"async\" class=\"aligncenter wp-image-6570\" src=\"https:\/\/www.sellersunionagent.com\/wp-content\/uploads\/2022\/06\/home-storage-containers-8-300x300.jpg\" alt=\"\" width=\"500\" height=\"500\" \/> <img decoding=\"async\" class=\"aligncenter wp-image-6571\" src=\"https:\/\/www.sellersunionagent.com\/wp-content\/uploads\/2022\/06\/home-storage-containers-7-300x300.jpg\" alt=\"\" width=\"500\" height=\"500\" \/> <img decoding=\"async\" class=\"aligncenter wp-image-6572\" src=\"https:\/\/www.sellersunionagent.com\/wp-content\/uploads\/2022\/06\/home-storage-containers-6-300x300.jpg\" alt=\"\" width=\"500\" height=\"500\" \/> <img loading=\"lazy\" decoding=\"async\" class=\"aligncenter wp-image-6573\" src=\"https:\/\/www.sellersunionagent.com\/wp-content\/uploads\/2022\/06\/home-storage-containers-5-300x300.jpg\" alt=\"\" width=\"500\" height=\"500\" \/><\/p>\n<p>&nbsp;<\/p>","protected":false},"excerpt":{"rendered":"<p><strong>Tipo:<\/strong> Item de armazenamento dom\u00e9stico<br \/>\n<strong>TAMANHO DO ITEM\uff1a<\/strong>S 35*28*18cm\/M 40*30*25cm<br \/>\n<strong>Capacidade de fornecimento:<\/strong> 50000 pe\u00e7as\/pe\u00e7as por m\u00eas<br \/>\n<strong>MOQ:<\/strong> 500 unidades<\/p>\n<p>Dois ter\u00e7os de sua vida s\u00e3o passados em casa. A linha Heart of Home est\u00e1 dispon\u00edvel em uma variedade de cores e tamanhos para atender a todas as suas necessidades de estilo e sem vento. Voc\u00ea pode aproveitar mais a sua vida no seu pr\u00f3prio ritmo e passar momentos aconchegantes em casa.<\/p>","protected":false},"featured_media":6578,"comment_status":"open","ping_status":"closed","template":"","meta":{"_acf_changed":false},"product_brand":[],"product_cat":[31,186],"product_tag":[73],"class_list":{"0":"post-6568","1":"product","2":"type-product","3":"status-publish","4":"has-post-thumbnail","6":"product_cat-home-storage","7":"product_cat-living-room","8":"product_tag-home-storagewholesaledurable","10":"first","11":"instock","12":"shipping-taxable","13":"product-type-simple","14":"swiper-slide"},"acf":[],"_links":{"self":[{"href":"https:\/\/www.sellersunionagent.com\/pt\/wp-json\/wp\/v2\/product\/6568","targetHints":{"allow":["GET"]}}],"collection":[{"href":"https:\/\/www.sellersunionagent.com\/pt\/wp-json\/wp\/v2\/product"}],"about":[{"href":"https:\/\/www.sellersunionagent.com\/pt\/wp-json\/wp\/v2\/types\/product"}],"replies":[{"embeddable":true,"href":"https:\/\/www.sellersunionagent.com\/pt\/wp-json\/wp\/v2\/comments?post=6568"}],"wp:featuredmedia":[{"embeddable":true,"href":"https:\/\/www.sellersunionagent.com\/pt\/wp-json\/wp\/v2\/media\/6578"}],"wp:attachment":[{"href":"https:\/\/www.sellersunionagent.com\/pt\/wp-json\/wp\/v2\/media?parent=6568"}],"wp:term":[{"taxonomy":"product_brand","embeddable":true,"href":"https:\/\/www.sellersunionagent.com\/pt\/wp-json\/wp\/v2\/product_brand?post=6568"},{"taxonomy":"product_cat","embeddable":true,"href":"https:\/\/www.sellersunionagent.com\/pt\/wp-json\/wp\/v2\/product_cat?post=6568"},{"taxonomy":"product_tag","embeddable":true,"href":"https:\/\/www.sellersunionagent.com\/pt\/wp-json\/wp\/v2\/product_tag?post=6568"}],"curies":[{"name":"wp","href":"https:\/\/api.w.org\/{rel}","templated":true}]}}