{"id":6560,"date":"2022-06-01T21:40:02","date_gmt":"2022-06-01T13:40:02","guid":{"rendered":"https:\/\/sellersunionagent.com\/?post_type=product&#038;p=6560"},"modified":"2022-08-31T14:23:19","modified_gmt":"2022-08-31T06:23:19","slug":"cesto-de-roupa-suja-grande-dobravel-para-armazenamento-domestico","status":"publish","type":"product","link":"https:\/\/www.sellersunionagent.com\/pt\/large-laundry-basket-folding-washing-bin-for-home-storage\/","title":{"rendered":"Cesto de roupa suja grande e dobr\u00e1vel para armazenamento dom\u00e9stico"},"content":{"rendered":"<h2>Saco para roupa suja dobr\u00e1vel Saco para roupa suja dobr\u00e1vel para armazenamento dom\u00e9stico<\/h2>\n<p>&nbsp;<\/p>\n<ul>\n<li>AL\u00c7A COM APERTO SUAVE - dur\u00e1vel e f\u00e1cil de transportar.<\/li>\n<\/ul>\n<p>&nbsp;<\/p>\n<p>&nbsp;<\/p>\n<ul>\n<li>DIMENS\u00d5ES - 40,5 (C) x 31 (L) x 52,2 (A) cm<\/li>\n<\/ul>\n<p>&nbsp;<\/p>\n<p>&nbsp;<\/p>\n<ul>\n<li>TAMANHO PERFEITO - Adequado para a maioria das situa\u00e7\u00f5es de uso, como arm\u00e1rio, mesa e escrit\u00f3rio para guardar brinquedos, livros, CDs, roupas e roupas \u00edntimas.<\/li>\n<\/ul>\n<p>&nbsp;<\/p>\n<p>&nbsp;<\/p>\n<ul>\n<li>DICAS - N\u00e3o use m\u00e1quina de lavar para limpar a bolsa, pois isso danificar\u00e1 o revestimento.<\/li>\n<\/ul>\n<p>&nbsp;<\/p>\n<p><img fetchpriority=\"high\" decoding=\"async\" class=\"aligncenter wp-image-6561\" src=\"https:\/\/www.sellersunionagent.com\/wp-content\/uploads\/2022\/06\/large-laundry-basket-folding-washing-bin-6-300x300.jpg\" alt=\"\" width=\"500\" height=\"500\" \/> <img decoding=\"async\" class=\"aligncenter wp-image-6562\" src=\"https:\/\/www.sellersunionagent.com\/wp-content\/uploads\/2022\/06\/large-laundry-basket-folding-washing-bin-5-300x300.jpg\" alt=\"\" width=\"500\" height=\"500\" \/> <img decoding=\"async\" class=\"aligncenter wp-image-6563\" src=\"https:\/\/www.sellersunionagent.com\/wp-content\/uploads\/2022\/06\/large-laundry-basket-folding-washing-bin-4-300x300.jpg\" alt=\"\" width=\"500\" height=\"500\" \/> <img loading=\"lazy\" decoding=\"async\" class=\"aligncenter wp-image-6564\" src=\"https:\/\/www.sellersunionagent.com\/wp-content\/uploads\/2022\/06\/large-laundry-basket-folding-washing-bin-3-300x300.jpg\" alt=\"\" width=\"500\" height=\"500\" \/><\/p>","protected":false},"excerpt":{"rendered":"<p><strong>Tipo:<\/strong> Item de armazenamento dom\u00e9stico<br \/>\n<strong>Tamanho: <\/strong>40,5 (C) x 31 (L) x 52,2 (A) cm<\/p>\n<p><strong>Recurso\uff1a<\/strong>Dobr\u00e1vel<br \/>\n<strong>Capacidade de fornecimento:<\/strong> 50000 pe\u00e7as\/pe\u00e7as por m\u00eas<br \/>\n<strong>MOQ:<\/strong> 500 unidades<\/p>","protected":false},"featured_media":6567,"comment_status":"open","ping_status":"closed","template":"","meta":{"_acf_changed":false},"product_brand":[],"product_cat":[31,186],"product_tag":[72],"class_list":{"0":"post-6560","1":"product","2":"type-product","3":"status-publish","4":"has-post-thumbnail","6":"product_cat-home-storage","7":"product_cat-living-room","8":"product_tag-laundry-baskethome-storagefoldable","10":"first","11":"instock","12":"shipping-taxable","13":"product-type-simple","14":"swiper-slide"},"acf":[],"_links":{"self":[{"href":"https:\/\/www.sellersunionagent.com\/pt\/wp-json\/wp\/v2\/product\/6560","targetHints":{"allow":["GET"]}}],"collection":[{"href":"https:\/\/www.sellersunionagent.com\/pt\/wp-json\/wp\/v2\/product"}],"about":[{"href":"https:\/\/www.sellersunionagent.com\/pt\/wp-json\/wp\/v2\/types\/product"}],"replies":[{"embeddable":true,"href":"https:\/\/www.sellersunionagent.com\/pt\/wp-json\/wp\/v2\/comments?post=6560"}],"wp:featuredmedia":[{"embeddable":true,"href":"https:\/\/www.sellersunionagent.com\/pt\/wp-json\/wp\/v2\/media\/6567"}],"wp:attachment":[{"href":"https:\/\/www.sellersunionagent.com\/pt\/wp-json\/wp\/v2\/media?parent=6560"}],"wp:term":[{"taxonomy":"product_brand","embeddable":true,"href":"https:\/\/www.sellersunionagent.com\/pt\/wp-json\/wp\/v2\/product_brand?post=6560"},{"taxonomy":"product_cat","embeddable":true,"href":"https:\/\/www.sellersunionagent.com\/pt\/wp-json\/wp\/v2\/product_cat?post=6560"},{"taxonomy":"product_tag","embeddable":true,"href":"https:\/\/www.sellersunionagent.com\/pt\/wp-json\/wp\/v2\/product_tag?post=6560"}],"curies":[{"name":"wp","href":"https:\/\/api.w.org\/{rel}","templated":true}]}}