{"id":6551,"date":"2022-06-01T21:30:45","date_gmt":"2022-06-01T13:30:45","guid":{"rendered":"https:\/\/sellersunionagent.com\/?post_type=product&#038;p=6551"},"modified":"2022-08-31T14:23:27","modified_gmt":"2022-08-31T06:23:27","slug":"sacos-de-armazenamento-de-calcados-duraveis-e-a-prova-de-poeira-para-armazenamento-domestico","status":"publish","type":"product","link":"https:\/\/www.sellersunionagent.com\/pt\/durable-dust-proof-shoe-storage-bags-home-storage\/","title":{"rendered":"Sacos de armazenamento de sapatos dur\u00e1veis e \u00e0 prova de poeira Armazenamento dom\u00e9stico"},"content":{"rendered":"<h2>Sacos de armazenamento de cal\u00e7ados dur\u00e1veis e \u00e0 prova de poeira com capacidade para 3 pares de cal\u00e7ados para viagens<\/h2>\n<p>&nbsp;<\/p>\n<p>&nbsp;<\/p>\n<ul>\n<li>PROTE\u00c7\u00c3O - Essa bolsa para sapatos mant\u00e9m seus sapatos livres de poeira e os protege de manchas. Prende o cheiro dos cal\u00e7ados em seu interior e separa as manchas nos cal\u00e7ados das outras roupas para garantir que as outras roupas fiquem arrumadas.<\/li>\n<\/ul>\n<p>&nbsp;<\/p>\n<p>&nbsp;<\/p>\n<ul>\n<li>Z\u00cdPER YKK - Os z\u00edperes de qualidade superior garantem que o seu cal\u00e7ado fique bem protegido durante uma viagem ou ao ir para a academia. O design do z\u00edper central facilita a entrada e sa\u00edda de itens.<\/li>\n<\/ul>\n<p>&nbsp;<\/p>\n<p>&nbsp;<\/p>\n<ul>\n<li>CAPACIDADE DE EMBALAGEM - Uma bolsa para cal\u00e7ados comporta facilmente dois pares de sand\u00e1lias ou um par de botas de caminhada. Voc\u00ea pode colocar mais ou menos, dependendo do tipo e do tamanho do cal\u00e7ado.<\/li>\n<\/ul>\n<p><img fetchpriority=\"high\" decoding=\"async\" class=\"aligncenter wp-image-9348\" src=\"https:\/\/www.sellersunionagent.com\/wp-content\/uploads\/2022\/06\/518538463835100603ec64854b7c220.jpg\" alt=\"Armazenamento dom\u00e9stico\" width=\"600\" height=\"600\" \/><img decoding=\"async\" class=\"aligncenter wp-image-9338\" src=\"https:\/\/www.sellersunionagent.com\/wp-content\/uploads\/2022\/06\/3dce0363d9f01bacbc201d9cfe6e3ea.png\" alt=\"Armazenamento dom\u00e9stico\" width=\"600\" height=\"600\" \/><img decoding=\"async\" class=\"aligncenter wp-image-9337\" src=\"https:\/\/www.sellersunionagent.com\/wp-content\/uploads\/2022\/06\/d8fed338397f87612e705d98a5c55b0.png\" alt=\"Armazenamento dom\u00e9stico\" width=\"600\" height=\"621\" \/> <img loading=\"lazy\" decoding=\"async\" class=\"aligncenter wp-image-9341\" src=\"https:\/\/www.sellersunionagent.com\/wp-content\/uploads\/2022\/06\/fdfeb41b6297e59fea2ec104a92b0b6.png\" alt=\"Armazenamento dom\u00e9stico\" width=\"600\" height=\"420\" \/><br \/>\n<img loading=\"lazy\" decoding=\"async\" class=\"aligncenter wp-image-9339\" src=\"https:\/\/www.sellersunionagent.com\/wp-content\/uploads\/2022\/06\/d3450524a934239d69943fdff46dc5d.png\" alt=\"Armazenamento dom\u00e9stico\" width=\"600\" height=\"600\" \/> <img loading=\"lazy\" decoding=\"async\" class=\"aligncenter wp-image-9336\" src=\"https:\/\/www.sellersunionagent.com\/wp-content\/uploads\/2022\/06\/a4d7af0f82b2c9434b0cfafab45fc2d.png\" alt=\"Armazenamento dom\u00e9stico\" width=\"600\" height=\"356\" \/> \u00a0<img loading=\"lazy\" decoding=\"async\" class=\"aligncenter wp-image-9335\" src=\"https:\/\/www.sellersunionagent.com\/wp-content\/uploads\/2022\/06\/91840d0696b97d5560258afcf50741f.png\" alt=\"Armazenamento dom\u00e9stico\" width=\"600\" height=\"545\" \/> <img loading=\"lazy\" decoding=\"async\" class=\"aligncenter wp-image-9334\" src=\"https:\/\/www.sellersunionagent.com\/wp-content\/uploads\/2022\/06\/78e4854fbb9b6bfd9d309a934edd8e9.png\" alt=\"Armazenamento dom\u00e9stico\" width=\"600\" height=\"368\" \/><\/p>\n<p>&nbsp;<\/p>","protected":false},"excerpt":{"rendered":"<p><strong>Tipo:<\/strong> Item de armazenamento dom\u00e9stico<\/p>\n<p><strong>N\u00famero<\/strong>: RH206<\/p>\n<p><strong>Tamanho:<\/strong> 22*12*30cm<\/p>\n<p><strong>Estilo:<\/strong> se\u00e7\u00e3o vertical<\/p>\n<p><strong>Aplicativo:<\/strong> fam\u00edlia, viagem<\/p>\n<p><strong>Cor:<\/strong> vermelho, rosa, laranja, azul, cinza, azul escuro<\/p>\n<p><strong>Material:<\/strong> Poli\u00e9ster<\/p>\n<p><strong>Tamanho:<\/strong> m\u00e9dio<\/p>\n<p><strong>Forma:<\/strong> Quadrado<\/p>\n<p><strong>Capacidade de fornecimento:<\/strong> 50000 pe\u00e7as\/pe\u00e7as por m\u00eas<\/p>\n<p><strong>MOQ:<\/strong> 500 unidades<\/p>","protected":false},"featured_media":9348,"comment_status":"open","ping_status":"closed","template":"","meta":{"_acf_changed":false},"product_brand":[],"product_cat":[31,187],"product_tag":[71,70,69],"class_list":{"0":"post-6551","1":"product","2":"type-product","3":"status-publish","4":"has-post-thumbnail","6":"product_cat-home-storage","7":"product_cat-bedroom","8":"product_tag-durable","9":"product_tag-home-storage","10":"product_tag-shoe-storage-bags","12":"first","13":"instock","14":"shipping-taxable","15":"product-type-simple","16":"swiper-slide"},"acf":[],"_links":{"self":[{"href":"https:\/\/www.sellersunionagent.com\/pt\/wp-json\/wp\/v2\/product\/6551","targetHints":{"allow":["GET"]}}],"collection":[{"href":"https:\/\/www.sellersunionagent.com\/pt\/wp-json\/wp\/v2\/product"}],"about":[{"href":"https:\/\/www.sellersunionagent.com\/pt\/wp-json\/wp\/v2\/types\/product"}],"replies":[{"embeddable":true,"href":"https:\/\/www.sellersunionagent.com\/pt\/wp-json\/wp\/v2\/comments?post=6551"}],"wp:featuredmedia":[{"embeddable":true,"href":"https:\/\/www.sellersunionagent.com\/pt\/wp-json\/wp\/v2\/media\/9348"}],"wp:attachment":[{"href":"https:\/\/www.sellersunionagent.com\/pt\/wp-json\/wp\/v2\/media?parent=6551"}],"wp:term":[{"taxonomy":"product_brand","embeddable":true,"href":"https:\/\/www.sellersunionagent.com\/pt\/wp-json\/wp\/v2\/product_brand?post=6551"},{"taxonomy":"product_cat","embeddable":true,"href":"https:\/\/www.sellersunionagent.com\/pt\/wp-json\/wp\/v2\/product_cat?post=6551"},{"taxonomy":"product_tag","embeddable":true,"href":"https:\/\/www.sellersunionagent.com\/pt\/wp-json\/wp\/v2\/product_tag?post=6551"}],"curies":[{"name":"wp","href":"https:\/\/api.w.org\/{rel}","templated":true}]}}