{"id":6514,"date":"2022-06-01T20:58:30","date_gmt":"2022-06-01T12:58:30","guid":{"rendered":"https:\/\/sellersunionagent.com\/?post_type=product&#038;p=6514"},"modified":"2022-07-13T18:27:29","modified_gmt":"2022-07-13T10:27:29","slug":"bolsa-grande-suspensa-para-lavagem-de-roupas-bolsa-de-higiene-pessoal-para-mulheres","status":"publish","type":"product","link":"https:\/\/www.sellersunionagent.com\/pt\/large-hanging-travel-washing-bag-toiletry-bag-for-women\/","title":{"rendered":"Bolsa grande suspensa para lavagem de roupas Bolsa para artigos de higiene pessoal para mulheres"},"content":{"rendered":"<h1 id=\"title\" class=\"a-size-large a-spacing-none\"><span id=\"productTitle\" class=\"a-size-large product-title-word-break\">Bolsa de Lavagem Estojo Organizador de Produtos de Higiene Pessoal para Acess\u00f3rios de Higiene Pessoal<\/span><\/h1>\n<p>&nbsp;<\/p>\n<p>GRANDE CAPACIDADE - Todos os seus suprimentos di\u00e1rios podem ser acomodados em uma bolsa de higiene pessoal. Adequada para sua viagem de duas semanas.<\/p>\n<p>&nbsp;<\/p>\n<p>&nbsp;<\/p>\n<p>F\u00c1CIL ACESSO - Um gancho girat\u00f3rio de 360 graus pode ser pendurado na parte de tr\u00e1s da porta ou no banheiro. Facilmente acess\u00edvel quando est\u00e1 completamente aberto. Os compartimentos transparentes proporcionam um panorama amplo para evitar que seja jogado de um lado para o outro.<\/p>\n<p>&nbsp;<\/p>\n<p>&nbsp;<\/p>\n<p>OCASI\u00c3O - Design leve para f\u00e9rias de fim de semana, feriados ou viagens longas. Tamb\u00e9m \u00e9 uma \u00f3tima op\u00e7\u00e3o para exerc\u00edcios de gin\u00e1stica, dan\u00e7a ou ioga. Tamanho 20 x 20,5 x 9 cm.<\/p>\n<p><img fetchpriority=\"high\" decoding=\"async\" class=\"aligncenter wp-image-6516\" src=\"https:\/\/www.sellersunionagent.com\/wp-content\/uploads\/2022\/06\/travel-washing-bag-10.jpg\" alt=\"\" width=\"500\" height=\"500\" \/><\/p>\n<p><img decoding=\"async\" class=\"aligncenter wp-image-6519\" src=\"https:\/\/www.sellersunionagent.com\/wp-content\/uploads\/2022\/06\/travel-washing-bag-7.jpg\" alt=\"\" width=\"500\" height=\"500\" \/><\/p>\n<p><img decoding=\"async\" class=\"aligncenter wp-image-6518\" src=\"https:\/\/www.sellersunionagent.com\/wp-content\/uploads\/2022\/06\/travel-washing-bag-8.jpg\" alt=\"\" width=\"500\" height=\"500\" \/><\/p>\n<p><img loading=\"lazy\" decoding=\"async\" class=\"aligncenter wp-image-6520\" src=\"https:\/\/www.sellersunionagent.com\/wp-content\/uploads\/2022\/06\/travel-washing-bag-6.jpg\" alt=\"\" width=\"500\" height=\"500\" \/><\/p>\n<p><img loading=\"lazy\" decoding=\"async\" class=\"aligncenter wp-image-6517\" src=\"https:\/\/www.sellersunionagent.com\/wp-content\/uploads\/2022\/06\/travel-washing-bag-9.jpg\" alt=\"\" width=\"500\" height=\"500\" \/><\/p>","protected":false},"excerpt":{"rendered":"<p><strong>Tipo:<\/strong> Saco de lavagem Item<br \/>\n<strong>Tamanho:<\/strong> 20*20,5*9cm<br \/>\n<strong>Capacidade de fornecimento:<\/strong> 50000 pe\u00e7as\/pe\u00e7as por m\u00eas<br \/>\n<strong>MOQ:<\/strong> 500 unidades<\/p>\n<p><strong>Cor:<\/strong>Rosa, cinza, azul, marinho, preto, verde<\/p>","protected":false},"featured_media":6524,"comment_status":"open","ping_status":"closed","template":"","meta":{"_acf_changed":false},"product_brand":[],"product_cat":[33],"product_tag":[64,61,65],"class_list":{"0":"post-6514","1":"product","2":"type-product","3":"status-publish","4":"has-post-thumbnail","6":"product_cat-toiletry-bag","7":"product_tag-travel","8":"product_tag-washing-bag","9":"product_tag-women","11":"first","12":"instock","13":"shipping-taxable","14":"product-type-simple","15":"swiper-slide"},"acf":[],"_links":{"self":[{"href":"https:\/\/www.sellersunionagent.com\/pt\/wp-json\/wp\/v2\/product\/6514","targetHints":{"allow":["GET"]}}],"collection":[{"href":"https:\/\/www.sellersunionagent.com\/pt\/wp-json\/wp\/v2\/product"}],"about":[{"href":"https:\/\/www.sellersunionagent.com\/pt\/wp-json\/wp\/v2\/types\/product"}],"replies":[{"embeddable":true,"href":"https:\/\/www.sellersunionagent.com\/pt\/wp-json\/wp\/v2\/comments?post=6514"}],"wp:featuredmedia":[{"embeddable":true,"href":"https:\/\/www.sellersunionagent.com\/pt\/wp-json\/wp\/v2\/media\/6524"}],"wp:attachment":[{"href":"https:\/\/www.sellersunionagent.com\/pt\/wp-json\/wp\/v2\/media?parent=6514"}],"wp:term":[{"taxonomy":"product_brand","embeddable":true,"href":"https:\/\/www.sellersunionagent.com\/pt\/wp-json\/wp\/v2\/product_brand?post=6514"},{"taxonomy":"product_cat","embeddable":true,"href":"https:\/\/www.sellersunionagent.com\/pt\/wp-json\/wp\/v2\/product_cat?post=6514"},{"taxonomy":"product_tag","embeddable":true,"href":"https:\/\/www.sellersunionagent.com\/pt\/wp-json\/wp\/v2\/product_tag?post=6514"}],"curies":[{"name":"wp","href":"https:\/\/api.w.org\/{rel}","templated":true}]}}