{"id":6502,"date":"2022-06-01T19:01:49","date_gmt":"2022-06-01T11:01:49","guid":{"rendered":"https:\/\/sellersunionagent.com\/?post_type=product&#038;p=6502"},"modified":"2022-07-13T18:23:51","modified_gmt":"2022-07-13T10:23:51","slug":"saco-de-lavagem-de-grande-capacidade-no-atacado","status":"publish","type":"product","link":"https:\/\/www.sellersunionagent.com\/pt\/wholesale-large-capacity-washing-bag\/","title":{"rendered":"Saco de lavagem de grande capacidade no atacado"},"content":{"rendered":"<h1 id=\"title\" class=\"a-size-large a-spacing-none\"><span id=\"productTitle\" class=\"a-size-large product-title-word-break\">Bolsa de Lavagem Living Bag Travel Hanging Toiletry Bag Organizers Kit Dopp Kit with Hook<\/span><\/h1>\n<p>\u3010F\u00e1cil de transportar e limpar\u3011- Tamanho: 24*11*16 polegadas. Peso: 180g. Essa bolsa de armazenamento port\u00e1til para viagens cabe perfeitamente em sua mala ou bagagem e n\u00e3o ocupa muito espa\u00e7o. O material de tecido resistente \u00e0 \u00e1gua tamb\u00e9m permite uma limpeza f\u00e1cil. Limpe suavemente com uma toalha molhada para remover manchas de maquiagem com bastante facilidade. Seu material dur\u00e1vel e resistente \u00e0 \u00e1gua e seu design leve tornam sua viagem mais segura e confort\u00e1vel. Uma excelente bolsa de viagem para produtos de higiene pessoal e bolsa organizadora de maquiagem para cosm\u00e9ticos.<\/p>\n<p>&nbsp;<\/p>\n<p>\u3010Garantia de satisfa\u00e7\u00e3o\u3011- Problemas de qualidade ocorrem dentro de um ano de substitui\u00e7\u00e3o, garantia vital\u00edcia, pois \u00e9 nossa inten\u00e7\u00e3o oferecer o melhor atendimento ao cliente na Amazon. Portanto, voc\u00ea pode escolher nossa bolsa de higiene pessoal suspensa para viagem com confian\u00e7a. Se voc\u00ea n\u00e3o estiver 100% satisfeito com qualquer aspecto do nosso produto, um reembolso total ser\u00e1 emitido para voc\u00ea. Fique \u00e0 vontade para entrar em contato conosco caso ocorra algum problema. Responderemos dentro de 24 horas para solucion\u00e1-lo.<\/p>\n<p><img fetchpriority=\"high\" decoding=\"async\" class=\"aligncenter wp-image-6509\" src=\"https:\/\/www.sellersunionagent.com\/wp-content\/uploads\/2022\/06\/wholesale-large-capacity-washing-bag-3.jpg\" alt=\"\" width=\"500\" height=\"500\" \/> <img decoding=\"async\" class=\"aligncenter wp-image-6512\" src=\"https:\/\/www.sellersunionagent.com\/wp-content\/uploads\/2022\/06\/wholesale-large-capacity-washing-bag.jpg\" alt=\"\" width=\"500\" height=\"500\" \/> <img decoding=\"async\" class=\"aligncenter wp-image-6511\" src=\"https:\/\/www.sellersunionagent.com\/wp-content\/uploads\/2022\/06\/wholesale-large-capacity-washing-bag-1.jpg\" alt=\"\" width=\"500\" height=\"500\" \/> <img loading=\"lazy\" decoding=\"async\" class=\"aligncenter wp-image-6510\" src=\"https:\/\/www.sellersunionagent.com\/wp-content\/uploads\/2022\/06\/wholesale-large-capacity-washing-bag-2.jpg\" alt=\"\" width=\"500\" height=\"500\" \/> <img loading=\"lazy\" decoding=\"async\" class=\"aligncenter wp-image-6508\" src=\"https:\/\/www.sellersunionagent.com\/wp-content\/uploads\/2022\/06\/wholesale-large-capacity-washing-bag-4.jpg\" alt=\"\" width=\"500\" height=\"500\" \/> <img loading=\"lazy\" decoding=\"async\" class=\"aligncenter wp-image-6507\" src=\"https:\/\/www.sellersunionagent.com\/wp-content\/uploads\/2022\/06\/wholesale-large-capacity-washing-bag-5.jpg\" alt=\"\" width=\"500\" height=\"500\" \/><\/p>","protected":false},"excerpt":{"rendered":"<p><strong>Tipo:<\/strong> Saco de lavagem Item<br \/>\n<strong>Tamanho:<\/strong> 24*11*16 polegadas<br \/>\n<strong>Peso do item: <\/strong>180g<br \/>\n<strong>Capacidade de fornecimento:<\/strong> 50000 pe\u00e7as\/pe\u00e7as por m\u00eas<br \/>\n<strong>MOQ:<\/strong> 500 unidades<\/p>","protected":false},"featured_media":6505,"comment_status":"open","ping_status":"closed","template":"","meta":{"_acf_changed":false},"product_brand":[],"product_cat":[33],"product_tag":[48,61,50],"class_list":{"0":"post-6502","1":"product","2":"type-product","3":"status-publish","4":"has-post-thumbnail","6":"product_cat-toiletry-bag","7":"product_tag-large-capacity","8":"product_tag-washing-bag","9":"product_tag-wholesale","11":"first","12":"instock","13":"shipping-taxable","14":"product-type-simple","15":"swiper-slide"},"acf":[],"_links":{"self":[{"href":"https:\/\/www.sellersunionagent.com\/pt\/wp-json\/wp\/v2\/product\/6502","targetHints":{"allow":["GET"]}}],"collection":[{"href":"https:\/\/www.sellersunionagent.com\/pt\/wp-json\/wp\/v2\/product"}],"about":[{"href":"https:\/\/www.sellersunionagent.com\/pt\/wp-json\/wp\/v2\/types\/product"}],"replies":[{"embeddable":true,"href":"https:\/\/www.sellersunionagent.com\/pt\/wp-json\/wp\/v2\/comments?post=6502"}],"wp:featuredmedia":[{"embeddable":true,"href":"https:\/\/www.sellersunionagent.com\/pt\/wp-json\/wp\/v2\/media\/6505"}],"wp:attachment":[{"href":"https:\/\/www.sellersunionagent.com\/pt\/wp-json\/wp\/v2\/media?parent=6502"}],"wp:term":[{"taxonomy":"product_brand","embeddable":true,"href":"https:\/\/www.sellersunionagent.com\/pt\/wp-json\/wp\/v2\/product_brand?post=6502"},{"taxonomy":"product_cat","embeddable":true,"href":"https:\/\/www.sellersunionagent.com\/pt\/wp-json\/wp\/v2\/product_cat?post=6502"},{"taxonomy":"product_tag","embeddable":true,"href":"https:\/\/www.sellersunionagent.com\/pt\/wp-json\/wp\/v2\/product_tag?post=6502"}],"curies":[{"name":"wp","href":"https:\/\/api.w.org\/{rel}","templated":true}]}}