{"id":6461,"date":"2022-06-01T18:25:45","date_gmt":"2022-06-01T10:25:45","guid":{"rendered":"https:\/\/sellersunionagent.com\/?post_type=product&#038;p=6461"},"modified":"2026-01-06T14:29:50","modified_gmt":"2026-01-06T06:29:50","slug":"bolsa-de-lavagem-bolsa-portatil-multifuncional-para-viagem-bolsa-organizadora-suspensa","status":"publish","type":"product","link":"https:\/\/www.sellersunionagent.com\/pt\/washing-bag-multifunction-portable-pouch-travel-hanging-organizer-bag\/","title":{"rendered":"Bolsa para lavar roupas Bolsa port\u00e1til multifuncional para viagem Bolsa organizadora suspensa"},"content":{"rendered":"<h2>Bolsa para produtos de higiene pessoal Bolsa port\u00e1til multifuncional Bolsa organizadora suspensa para viagem \u00e0 prova d'\u00e1gua para mulheres e meninas<\/h2>\n<p><strong>Tipo de item:<\/strong> Bolsa de lavagem<\/p>\n<p><strong>Item No:<\/strong> RH219<br \/>\n<strong>Tamanho:<\/strong> aberto 51*21cm\/ dobrado 23,5*6*18cm<br \/>\n<strong>Capacidade de fornecimento:<\/strong> 50000 pe\u00e7as\/pe\u00e7as por m\u00eas<\/p>\n<p><strong>Caracter\u00edsticas:<\/strong> Produtos de higiene pessoal, cosm\u00e9ticos, etc., lav\u00e1veis, resistentes a mofo, fortes e dur\u00e1veis<\/p>\n<p>&nbsp;<\/p>\n<p>&nbsp;<\/p>\n<ul class=\"a-unordered-list a-vertical a-spacing-mini\">\n<li><span class=\"a-list-item\">Port\u00e1til e leve: Aberto 51*21cm\/dobrado 23,5*6*18cm, cabe confortavelmente em sua mochila ou bagagem de m\u00e3o<\/span><\/li>\n<li><span class=\"a-list-item\">V\u00e1rios compartimentos: Bolsos de v\u00e1rias camadas para armazenamento, mant\u00eam seus acess\u00f3rios seguros e facilitam a localiza\u00e7\u00e3o<\/span><\/li>\n<li><span class=\"a-list-item\">F\u00e1cil de usar: gancho para pendurar na porta do banheiro ou na haste do chuveiro para uso r\u00e1pido, n\u00e3o atrapalha a bancada<\/span><\/li>\n<li><span class=\"a-list-item\">Dur\u00e1vel e \u00e0 prova d'\u00e1gua: O tecido de poli\u00e9ster resistente ao desgaste no exterior facilita a lavagem e a limpeza<\/span><\/li>\n<li><span class=\"a-list-item\">Multifuncional: pode ser usado como um kit de viagem compacto, organizador de maquiagem e pacote de armazenamento dom\u00e9stico<\/span><\/li>\n<\/ul>\n<p>&nbsp;<\/p>\n<p><img fetchpriority=\"high\" decoding=\"async\" class=\"aligncenter wp-image-9441\" src=\"https:\/\/www.sellersunionagent.com\/wp-content\/uploads\/2022\/06\/\u4e3b\u56fe-02-21.jpg\" alt=\"Bolsa organizadora suspensa para viagens\" width=\"600\" height=\"600\" \/> <img decoding=\"async\" class=\"aligncenter wp-image-9444\" src=\"https:\/\/www.sellersunionagent.com\/wp-content\/uploads\/2022\/06\/051330f357b11862dbd1392c3d36527.jpg\" alt=\"Bolsa organizadora suspensa para viagens\" width=\"600\" height=\"475\" \/> <img decoding=\"async\" class=\"aligncenter wp-image-9443\" src=\"https:\/\/www.sellersunionagent.com\/wp-content\/uploads\/2022\/06\/de4134a90ccc3875cc06c52f8f5daa2.jpg\" alt=\"Bolsa organizadora suspensa para viagens\" width=\"600\" height=\"658\" \/> <img loading=\"lazy\" decoding=\"async\" class=\"aligncenter wp-image-9442\" src=\"https:\/\/www.sellersunionagent.com\/wp-content\/uploads\/2022\/06\/\u8be6\u60c5-04-4.jpg\" alt=\"Bolsa organizadora suspensa para viagens\" width=\"600\" height=\"438\" \/><img loading=\"lazy\" decoding=\"async\" class=\"aligncenter wp-image-6475\" src=\"https:\/\/www.sellersunionagent.com\/wp-content\/uploads\/2022\/06\/travel-hanging-organizer-bag-6.jpg\" alt=\"\" width=\"600\" height=\"600\" \/><\/p>\n<p><img loading=\"lazy\" decoding=\"async\" class=\"aligncenter wp-image-6480\" src=\"https:\/\/www.sellersunionagent.com\/wp-content\/uploads\/2022\/06\/travel-hanging-organizer-bag-1.jpg\" alt=\"\" width=\"600\" height=\"600\" \/><\/p>\n<p><img loading=\"lazy\" decoding=\"async\" class=\"aligncenter wp-image-6473\" src=\"https:\/\/www.sellersunionagent.com\/wp-content\/uploads\/2022\/06\/travel-hanging-organizer-bag-8.jpg\" alt=\"\" width=\"600\" height=\"600\" \/><\/p>\n<p>&nbsp;<\/p>","protected":false},"excerpt":{"rendered":"<p><strong>MOQ<\/strong>:  500 pe\u00e7as<br \/>\n<strong>Amostra gr\u00e1tis<\/strong>:  Com suporte<br \/>\n<strong>Personaliza\u00e7\u00e3o<\/strong>: logotipo \/ cor \/ materiais \/ embalagem etc.<br \/>\n<strong>Desconto<\/strong>:  Primeiros pedidos a partir de 10% de desconto.<br \/>\n<strong>Taxa de entrega no prazo<\/strong>:\u00a0 100%<br \/>\n<strong>Total de remessas<\/strong>:  10000 pe\u00e7as<br \/>\n<strong>Remessa<\/strong>: Suporte expresso - frete mar\u00edtimo - frete terrestre<\/p>","protected":false},"featured_media":6477,"comment_status":"open","ping_status":"closed","template":"","meta":{"_acf_changed":false},"product_brand":[],"product_cat":[33],"product_tag":[62],"class_list":{"0":"post-6461","1":"product","2":"type-product","3":"status-publish","4":"has-post-thumbnail","6":"product_cat-toiletry-bag","7":"product_tag-multifunctionwashing-bagorganizer","9":"first","10":"instock","11":"shipping-taxable","12":"purchasable","13":"product-type-simple","14":"swiper-slide"},"acf":[],"_links":{"self":[{"href":"https:\/\/www.sellersunionagent.com\/pt\/wp-json\/wp\/v2\/product\/6461","targetHints":{"allow":["GET"]}}],"collection":[{"href":"https:\/\/www.sellersunionagent.com\/pt\/wp-json\/wp\/v2\/product"}],"about":[{"href":"https:\/\/www.sellersunionagent.com\/pt\/wp-json\/wp\/v2\/types\/product"}],"replies":[{"embeddable":true,"href":"https:\/\/www.sellersunionagent.com\/pt\/wp-json\/wp\/v2\/comments?post=6461"}],"wp:featuredmedia":[{"embeddable":true,"href":"https:\/\/www.sellersunionagent.com\/pt\/wp-json\/wp\/v2\/media\/6477"}],"wp:attachment":[{"href":"https:\/\/www.sellersunionagent.com\/pt\/wp-json\/wp\/v2\/media?parent=6461"}],"wp:term":[{"taxonomy":"product_brand","embeddable":true,"href":"https:\/\/www.sellersunionagent.com\/pt\/wp-json\/wp\/v2\/product_brand?post=6461"},{"taxonomy":"product_cat","embeddable":true,"href":"https:\/\/www.sellersunionagent.com\/pt\/wp-json\/wp\/v2\/product_cat?post=6461"},{"taxonomy":"product_tag","embeddable":true,"href":"https:\/\/www.sellersunionagent.com\/pt\/wp-json\/wp\/v2\/product_tag?post=6461"}],"curies":[{"name":"wp","href":"https:\/\/api.w.org\/{rel}","templated":true}]}}