{"id":6332,"date":"2022-05-31T21:24:53","date_gmt":"2022-05-31T13:24:53","guid":{"rendered":"https:\/\/sellersunionagent.com\/?post_type=product&#038;p=6332"},"modified":"2022-07-13T18:17:13","modified_gmt":"2022-07-13T10:17:13","slug":"wholesale-multifunctional-portable-washing-bag","status":"publish","type":"product","link":"https:\/\/www.sellersunionagent.com\/pt\/wholesale-multifunctional-portable-washing-bag\/","title":{"rendered":"Saco de lavagem port\u00e1til multifuncional no atacado"},"content":{"rendered":"<h2>Bolsa para lavagem de kit de c\u00edlios organizadora, transparente e \u00e0 prova d'\u00e1gua, port\u00e1til e para viagem<\/h2>\n<p>&nbsp;<\/p>\n<p>Get this if: You want a water-resistant toiletry case with lots of pockets.<\/p>\n<p>&nbsp;<\/p>\n<ul>\n<li>This washing bag has multiple storage pockets to hold the essentials needed for a business trip (e.g. towel, toothpaste, toothbrush, etc.).<\/li>\n<li>The waterproof fabric ensures that the inside and outside items are stored separately, making it an essential item for business trips.<\/li>\n<li>With a small charm inside, easy to use and store.<\/li>\n<li>Zipper or double magnetic buckle to ensure that items are stored safely and do not fall apart.<\/li>\n<li>Multifunctional use, girls can also be used as a make-up bag to carry around.<\/li>\n<\/ul>\n<p><img fetchpriority=\"high\" decoding=\"async\" class=\"aligncenter wp-image-6336\" src=\"https:\/\/www.sellersunionagent.com\/wp-content\/uploads\/2022\/05\/multifunctional-portable-washing-bag-1.jpg\" alt=\"\" width=\"600\" height=\"600\" \/><\/p>\n<p>&nbsp;<\/p>\n<p><img decoding=\"async\" class=\"aligncenter wp-image-6335\" src=\"https:\/\/www.sellersunionagent.com\/wp-content\/uploads\/2022\/05\/multifunctional-portable-washing-bag-2.jpg\" alt=\"\" width=\"600\" height=\"600\" \/><\/p>\n<p>&nbsp;<\/p>\n<p><img decoding=\"async\" class=\"aligncenter wp-image-9410\" src=\"https:\/\/www.sellersunionagent.com\/wp-content\/uploads\/2022\/05\/\u5fae\u4fe1\u56fe\u7247_20220713181426.png\" alt=\"Fornecedor por atacado\" width=\"500\" height=\"236\" \/><img loading=\"lazy\" decoding=\"async\" class=\"aligncenter wp-image-9409\" src=\"https:\/\/www.sellersunionagent.com\/wp-content\/uploads\/2022\/05\/\u4e3b\u56fe-04-2.jpg\" alt=\"Fornecedor por atacado\" width=\"500\" height=\"500\" \/><\/p>\n<p><img loading=\"lazy\" decoding=\"async\" class=\"aligncenter wp-image-9408\" src=\"https:\/\/www.sellersunionagent.com\/wp-content\/uploads\/2022\/05\/\u4e3b\u56fe-03-3.jpg\" alt=\"Fornecedor por atacado\" width=\"500\" height=\"500\" \/><\/p>\n<p><img loading=\"lazy\" decoding=\"async\" class=\"aligncenter wp-image-9411\" src=\"https:\/\/www.sellersunionagent.com\/wp-content\/uploads\/2022\/05\/\u5fae\u4fe1\u56fe\u7247_202207131814261.png\" alt=\"Fornecedor por atacado\" width=\"500\" height=\"456\" \/><\/p>","protected":false},"excerpt":{"rendered":"<p><strong>Tipo:<\/strong> Saco de lavagem Item<\/p>\n<p><strong>Tamanho: <\/strong>fold 25*20cm\/open 25*48cmItem<\/p>\n<p><strong>Peso:<\/strong> 211g<\/p>\n<p><strong>Capacidade de fornecimento:<\/strong> 50000 pe\u00e7as\/pe\u00e7as por m\u00eas<\/p>\n<p><strong>MOQ:<\/strong> 500 unidades<\/p>","protected":false},"featured_media":6336,"comment_status":"open","ping_status":"closed","template":"","meta":{"_acf_changed":false},"product_brand":[],"product_cat":[33],"product_tag":[60,61,50],"class_list":{"0":"post-6332","1":"product","2":"type-product","3":"status-publish","4":"has-post-thumbnail","6":"product_cat-toiletry-bag","7":"product_tag-portable","8":"product_tag-washing-bag","9":"product_tag-wholesale","11":"first","12":"instock","13":"shipping-taxable","14":"product-type-simple","15":"swiper-slide"},"acf":[],"_links":{"self":[{"href":"https:\/\/www.sellersunionagent.com\/pt\/wp-json\/wp\/v2\/product\/6332","targetHints":{"allow":["GET"]}}],"collection":[{"href":"https:\/\/www.sellersunionagent.com\/pt\/wp-json\/wp\/v2\/product"}],"about":[{"href":"https:\/\/www.sellersunionagent.com\/pt\/wp-json\/wp\/v2\/types\/product"}],"replies":[{"embeddable":true,"href":"https:\/\/www.sellersunionagent.com\/pt\/wp-json\/wp\/v2\/comments?post=6332"}],"wp:featuredmedia":[{"embeddable":true,"href":"https:\/\/www.sellersunionagent.com\/pt\/wp-json\/wp\/v2\/media\/6336"}],"wp:attachment":[{"href":"https:\/\/www.sellersunionagent.com\/pt\/wp-json\/wp\/v2\/media?parent=6332"}],"wp:term":[{"taxonomy":"product_brand","embeddable":true,"href":"https:\/\/www.sellersunionagent.com\/pt\/wp-json\/wp\/v2\/product_brand?post=6332"},{"taxonomy":"product_cat","embeddable":true,"href":"https:\/\/www.sellersunionagent.com\/pt\/wp-json\/wp\/v2\/product_cat?post=6332"},{"taxonomy":"product_tag","embeddable":true,"href":"https:\/\/www.sellersunionagent.com\/pt\/wp-json\/wp\/v2\/product_tag?post=6332"}],"curies":[{"name":"wp","href":"https:\/\/api.w.org\/{rel}","templated":true}]}}