{"id":6302,"date":"2022-05-31T21:13:57","date_gmt":"2022-05-31T13:13:57","guid":{"rendered":"https:\/\/sellersunionagent.com\/?post_type=product&#038;p=6302"},"modified":"2022-08-01T18:29:59","modified_gmt":"2022-08-01T10:29:59","slug":"bolsa-de-viagem-personalizada-para-lavagem-delicada-com-alca","status":"publish","type":"product","link":"https:\/\/www.sellersunionagent.com\/pt\/custom-travel-delicate-washing-bag-with-handle\/","title":{"rendered":"Bolsa de lavagem delicada para viagem personalizada com al\u00e7a"},"content":{"rendered":"<h2>Bolsa para lavagem de kit de c\u00edlios organizadora, transparente e \u00e0 prova d'\u00e1gua, port\u00e1til e para viagem<\/h2>\n<p><strong>Tipo de item:<\/strong> Bolsa de lavagem<\/p>\n<p>N\u00ba do item: YTJ001\/002\/003<\/p>\n<p><strong>Tamanho:<\/strong> 20.5*7*13cm\/ 24.5*9.5*14.5cm\/29.5*10.5*20cm<\/p>\n<p><strong>Peso do item:<\/strong> 96g\/ 120g\/189g<\/p>\n<p><strong>Capacidade de fornecimento:<\/strong> 50000 pe\u00e7as\/pe\u00e7as por m\u00eas<\/p>\n<p>&nbsp;<\/p>\n<p>&nbsp;<\/p>\n<p>Seja em uma viagem de neg\u00f3cios de uma noite ou em uma excurs\u00e3o de 10 dias no exterior, voc\u00ea precisa de uma maneira de transportar seu equipamento de banheiro. Analisamos uma variedade de sacos com z\u00edper, bolsas suspensas e estojos estruturados para produtos de higiene pessoal que se abrem por cima (o que chamamos de \u201ckits dopp\u201d). Selecionamos op\u00e7\u00f5es para uma variedade de viajantes e para aqueles que as usam no banheiro: uma bolsa vers\u00e1til para a maioria das situa\u00e7\u00f5es de viagem, um kit dopp com muitos compartimentos organizacionais, um kit dopp aberto com muito espa\u00e7o para produtos de higiene pessoal maiores, uma bolsa suspensa compacta para quem leva pouca bagagem e uma bolsa suspensa grande o suficiente para uma fam\u00edlia compartilhar.<\/p>\n<p>&nbsp;<\/p>\n<p>Compre-a se: Voc\u00ea deseja uma bolsa para viagens longas e curtas.<\/p>\n<p>&nbsp;<\/p>\n<p>Por que \u00e9 \u00f3tima:\uff1f\uff1fEmbora n\u00e3o seja a melhor bolsa para todo tipo de viagem, essa bolsa multifuncional para lavar roupas \u00e9 uma boa op\u00e7\u00e3o para mais situa\u00e7\u00f5es do que qualquer outra bolsa que testamos. Tamb\u00e9m \u00e9 uma \u00f3tima op\u00e7\u00e3o para viajantes que precisam de um kit vers\u00e1til que possa conter o suficiente para excurs\u00f5es mais longas, bem como manter organizados itens menores, do tamanho de uma viagem.<\/p>\n<p>&nbsp;<\/p>\n<p>Essa bolsa n\u00e3o separa todo o espa\u00e7o, mas faz melhor uso dele. Como resultado, ela oferece maior flexibilidade para armazenar produtos maiores e mais largos, como frascos de xampu de tamanho normal, latas de creme de barbear ou bandejas de maquiagem grandes. Ela tamb\u00e9m tem uma posi\u00e7\u00e3o de transporte para que voc\u00ea possa carreg\u00e1-la ou pendur\u00e1-la. Quando testamos essa bolsa pela primeira vez em 2018, ela era totalmente transparente na frente e atr\u00e1s. Depois de v\u00e1rias reformas, n\u00f3s a transformamos em um material fosco para um visual mais sofisticado, al\u00e9m de melhor privacidade<\/p>\n<p><img fetchpriority=\"high\" decoding=\"async\" class=\"aligncenter wp-image-6330\" src=\"https:\/\/www.sellersunionagent.com\/wp-content\/uploads\/2022\/05\/travel-delicate-washing-bag-1.jpg\" alt=\"\" width=\"500\" height=\"500\" \/><img decoding=\"async\" class=\"aligncenter wp-image-6325\" src=\"https:\/\/www.sellersunionagent.com\/wp-content\/uploads\/2022\/05\/travel-delicate-washing-bag-6.jpg\" alt=\"\" width=\"500\" height=\"500\" \/><img decoding=\"async\" class=\"aligncenter wp-image-6326\" src=\"https:\/\/www.sellersunionagent.com\/wp-content\/uploads\/2022\/05\/travel-delicate-washing-bag-5.jpg\" alt=\"\" width=\"500\" height=\"500\" \/><\/p>\n<p><img loading=\"lazy\" decoding=\"async\" class=\"aligncenter wp-image-6311\" src=\"https:\/\/www.sellersunionagent.com\/wp-content\/uploads\/2022\/05\/travel-delicate-washing-bag-20.jpg\" alt=\"\" width=\"500\" height=\"500\" \/><\/p>\n<p><img loading=\"lazy\" decoding=\"async\" class=\"aligncenter wp-image-6309\" src=\"https:\/\/www.sellersunionagent.com\/wp-content\/uploads\/2022\/05\/travel-delicate-washing-bag-22.jpg\" alt=\"\" width=\"500\" height=\"500\" \/><\/p>\n<p><img loading=\"lazy\" decoding=\"async\" class=\"aligncenter wp-image-6307\" src=\"https:\/\/www.sellersunionagent.com\/wp-content\/uploads\/2022\/05\/travel-delicate-washing-bag-24.jpg\" alt=\"\" width=\"500\" height=\"500\" \/><\/p>\n<p>&nbsp;<\/p>","protected":false},"excerpt":{"rendered":"<p><strong>MOQ<\/strong>: 200 pe\u00e7as<br \/>\n<strong>Amostra gr\u00e1tis<\/strong>:  Com suporte<br \/>\n<strong>Personaliza\u00e7\u00e3o<\/strong>: logotipo \/ cor \/ materiais \/ embalagem etc.<br \/>\n<strong>Desconto<\/strong>:  Primeiros pedidos a partir de 10% de desconto.<br \/>\n<strong>Taxa de entrega no prazo<\/strong>:\u00a0 100%<br \/>\n<strong>Total de remessas<\/strong>:  10000 pe\u00e7as<br \/>\n<strong>Remessa<\/strong>: Suporte expresso - frete mar\u00edtimo - frete terrestre<\/p>","protected":false},"featured_media":6323,"comment_status":"open","ping_status":"closed","template":"","meta":{"_acf_changed":false},"product_brand":[],"product_cat":[33],"product_tag":[60,61,50],"class_list":{"0":"post-6302","1":"product","2":"type-product","3":"status-publish","4":"has-post-thumbnail","6":"product_cat-toiletry-bag","7":"product_tag-portable","8":"product_tag-washing-bag","9":"product_tag-wholesale","11":"first","12":"instock","13":"shipping-taxable","14":"purchasable","15":"product-type-simple","16":"swiper-slide"},"acf":[],"_links":{"self":[{"href":"https:\/\/www.sellersunionagent.com\/pt\/wp-json\/wp\/v2\/product\/6302","targetHints":{"allow":["GET"]}}],"collection":[{"href":"https:\/\/www.sellersunionagent.com\/pt\/wp-json\/wp\/v2\/product"}],"about":[{"href":"https:\/\/www.sellersunionagent.com\/pt\/wp-json\/wp\/v2\/types\/product"}],"replies":[{"embeddable":true,"href":"https:\/\/www.sellersunionagent.com\/pt\/wp-json\/wp\/v2\/comments?post=6302"}],"wp:featuredmedia":[{"embeddable":true,"href":"https:\/\/www.sellersunionagent.com\/pt\/wp-json\/wp\/v2\/media\/6323"}],"wp:attachment":[{"href":"https:\/\/www.sellersunionagent.com\/pt\/wp-json\/wp\/v2\/media?parent=6302"}],"wp:term":[{"taxonomy":"product_brand","embeddable":true,"href":"https:\/\/www.sellersunionagent.com\/pt\/wp-json\/wp\/v2\/product_brand?post=6302"},{"taxonomy":"product_cat","embeddable":true,"href":"https:\/\/www.sellersunionagent.com\/pt\/wp-json\/wp\/v2\/product_cat?post=6302"},{"taxonomy":"product_tag","embeddable":true,"href":"https:\/\/www.sellersunionagent.com\/pt\/wp-json\/wp\/v2\/product_tag?post=6302"}],"curies":[{"name":"wp","href":"https:\/\/api.w.org\/{rel}","templated":true}]}}