{"id":6255,"date":"2022-05-31T19:04:36","date_gmt":"2022-05-31T11:04:36","guid":{"rendered":"https:\/\/sellersunionagent.com\/?post_type=product&#038;p=6255"},"modified":"2022-06-25T14:53:03","modified_gmt":"2022-06-25T06:53:03","slug":"wholesale-electronic-accessories-digital-bag-for-portable-charger-cables-earphone","status":"publish","type":"product","link":"https:\/\/www.sellersunionagent.com\/pt\/wholesale-electronic-accessories-digital-bag-for-portable-charger-cables-earphone\/","title":{"rendered":"Bolsa de armazenamento de acess\u00f3rios eletr\u00f4nicos no atacado para cabos de carregadores port\u00e1teis e fones de ouvido"},"content":{"rendered":"<h2>Bolsa de armazenamento de acess\u00f3rios eletr\u00f4nicos no atacado para cabos de carregadores port\u00e1teis e fones de ouvido<\/h2>\n<p><span class=\"skip\"><a data-keyword=\"appropriate\">Dimens\u00e3o adequada: O design port\u00e1til e o tamanho ideal s\u00e3o f\u00e1ceis de transportar e cabem em sua bolsa de m\u00e3o e bagagem. Ele ser\u00e1 um companheiro adicional de armazenamento de acess\u00f3rios eletr\u00f4nicos para as suas viagens.<\/a><\/span><\/p>\n<p>&nbsp;<\/p>\n<p>Design elegante: Essa bolsa organizadora foi projetada para funcion\u00e1rios de escrit\u00f3rio, estudantes e viajantes que precisam armazenar e manter organizados seus acess\u00f3rios eletr\u00f4nicos ou pequenos materiais de papelaria escolar. Ela utiliza um tecido imperme\u00e1vel e um design limpo e elegante com uma al\u00e7a de transporte resistente e um z\u00edper suave.<\/p>\n<p>&nbsp;<\/p>\n<p>Grande capacidade: A grande capacidade de armazenamento pode conter seus acess\u00f3rios eletr\u00f4nicos di\u00e1rios, como cabos, v\u00e1rios carregadores, fones de ouvido, adaptador eletr\u00f4nico etc.<\/p>\n<p><img fetchpriority=\"high\" decoding=\"async\" class=\"aligncenter wp-image-6275\" src=\"https:\/\/www.sellersunionagent.com\/wp-content\/uploads\/2022\/05\/electronic-accessories-storage-bag-8.jpg\" alt=\"Acess\u00f3rios eletr\u00f4nicos\" width=\"600\" height=\"600\" \/><img decoding=\"async\" class=\"aligncenter wp-image-6279\" src=\"https:\/\/www.sellersunionagent.com\/wp-content\/uploads\/2022\/05\/electronic-accessories-storage-bag-4.jpg\" alt=\"Acess\u00f3rios eletr\u00f4nicos\" width=\"600\" height=\"600\" \/><img decoding=\"async\" class=\"aligncenter wp-image-6280\" src=\"https:\/\/www.sellersunionagent.com\/wp-content\/uploads\/2022\/05\/electronic-accessories-storage-bag-3.jpg\" alt=\"Acess\u00f3rios eletr\u00f4nicos\" width=\"600\" height=\"600\" \/><img loading=\"lazy\" decoding=\"async\" class=\"aligncenter wp-image-6277\" src=\"https:\/\/www.sellersunionagent.com\/wp-content\/uploads\/2022\/05\/electronic-accessories-storage-bag-6.jpg\" alt=\"Acess\u00f3rios eletr\u00f4nicos\" width=\"600\" height=\"706\" \/><img loading=\"lazy\" decoding=\"async\" class=\"aligncenter wp-image-6278\" src=\"https:\/\/www.sellersunionagent.com\/wp-content\/uploads\/2022\/05\/electronic-accessories-storage-bag-5.jpg\" alt=\"Acess\u00f3rios eletr\u00f4nicos\" width=\"600\" height=\"732\" \/><\/p>\n<p>&nbsp;<\/p>","protected":false},"excerpt":{"rendered":"<p><strong>Tipo<\/strong>: Bolsa para armazenamento de acess\u00f3rios eletr\u00f4nicos<\/p>\n<p><strong>Tamanho do item<\/strong>: 25*19*2cm<\/p>\n<p><strong>Peso do item<\/strong>: 200g<br \/>\n<b data-spm-anchor-id=\"a2700.wholesale.0.i30.19ef5692iiqQHz\">Cores: <\/b>Marinho, cinza, roxo, preto, azul, vinho<\/p>\n<p>Desde 1997, iniciamos nossos neg\u00f3cios. Mantemos uma sensibilidade de mercado extremamente alta para as diversas commodities. Somos especializados em itens de armazenamento no atacado, fazemos OEM, ODM e fornecemos um servi\u00e7o completo de compras em um s\u00f3 lugar. Temos o prazer de lhe oferecer os produtos mais populares para ajud\u00e1-lo a expandir seus neg\u00f3cios.<\/p>","protected":false},"featured_media":6281,"comment_status":"open","ping_status":"closed","template":"","meta":{"_acf_changed":false},"product_brand":[],"product_cat":[32],"product_tag":[48,50],"class_list":{"0":"post-6255","1":"product","2":"type-product","3":"status-publish","4":"has-post-thumbnail","6":"product_cat-digital-bag","7":"product_tag-large-capacity","8":"product_tag-wholesale","10":"first","11":"instock","12":"shipping-taxable","13":"product-type-simple","14":"swiper-slide"},"acf":[],"_links":{"self":[{"href":"https:\/\/www.sellersunionagent.com\/pt\/wp-json\/wp\/v2\/product\/6255","targetHints":{"allow":["GET"]}}],"collection":[{"href":"https:\/\/www.sellersunionagent.com\/pt\/wp-json\/wp\/v2\/product"}],"about":[{"href":"https:\/\/www.sellersunionagent.com\/pt\/wp-json\/wp\/v2\/types\/product"}],"replies":[{"embeddable":true,"href":"https:\/\/www.sellersunionagent.com\/pt\/wp-json\/wp\/v2\/comments?post=6255"}],"wp:featuredmedia":[{"embeddable":true,"href":"https:\/\/www.sellersunionagent.com\/pt\/wp-json\/wp\/v2\/media\/6281"}],"wp:attachment":[{"href":"https:\/\/www.sellersunionagent.com\/pt\/wp-json\/wp\/v2\/media?parent=6255"}],"wp:term":[{"taxonomy":"product_brand","embeddable":true,"href":"https:\/\/www.sellersunionagent.com\/pt\/wp-json\/wp\/v2\/product_brand?post=6255"},{"taxonomy":"product_cat","embeddable":true,"href":"https:\/\/www.sellersunionagent.com\/pt\/wp-json\/wp\/v2\/product_cat?post=6255"},{"taxonomy":"product_tag","embeddable":true,"href":"https:\/\/www.sellersunionagent.com\/pt\/wp-json\/wp\/v2\/product_tag?post=6255"}],"curies":[{"name":"wp","href":"https:\/\/api.w.org\/{rel}","templated":true}]}}