{"id":6237,"date":"2022-05-31T17:39:18","date_gmt":"2022-05-31T09:39:18","guid":{"rendered":"https:\/\/sellersunionagent.com\/?post_type=product&#038;p=6237"},"modified":"2026-01-06T14:29:51","modified_gmt":"2026-01-06T06:29:51","slug":"acessorios-para-computador-no-atacado-bolsa-de-transporte-para-laptop","status":"publish","type":"product","link":"https:\/\/www.sellersunionagent.com\/pt\/wholesale-computer-accessories-laptop-carrying-case\/","title":{"rendered":"Acess\u00f3rios para computador no atacado Estojo para laptop"},"content":{"rendered":"<h2><span class=\"skip\"><a data-keyword=\"appropriate\">Acess\u00f3rios para computador no atacado Estojo para laptop<\/a><\/span><\/h2>\n<p><strong>Tipo<\/strong>: Estojo de transporte para laptop<\/p>\n<p><strong>Item NO:<\/strong> RH814\/815\/816<\/p>\n<p><strong>Tamanho do item<\/strong>: 13\"(32*22*2cm)\/ 13,3\"(35*266*2cm)\/ 15,6\"(39*28*2cm)<\/p>\n<p><strong>Peso do item<\/strong>: 260g\/ 238g\/ 393g<\/p>\n<p>&nbsp;<\/p>\n<p><span class=\"skip\"><a data-keyword=\"appropriate\">Dimens\u00e3o apropriada: H\u00e1 tr\u00eas tamanhos opcionais. O amplo armazenamento em camadas mant\u00e9m os itens bem organizados, como computadores, canetas, cabos, mouse, fones de ouvido, telefones celulares, acess\u00f3rios para iPad ou laptop. Constru\u00eddo com um design moderno, fino e leve para acomodar o uso di\u00e1rio.<\/a><\/span><\/p>\n<p>&nbsp;<\/p>\n<p>Boa prote\u00e7\u00e3o: Essa capa de prote\u00e7\u00e3o resistente para laptop no atacado usa tecido cati\u00f4nico, que amortece a trepida\u00e7\u00e3o e o impacto, protegendo o notebook contra batidas acidentais e arranh\u00f5es. Os designs cuidadosos, como o espessamento dos cantos e a faixa el\u00e1stica, ajudam a proteger seu dispositivo contra danos.<\/p>\n<p>&nbsp;<\/p>\n<p>Al\u00e7a pr\u00e1tica: Possui uma al\u00e7a port\u00e1til. A al\u00e7a superior, em vez de uma al\u00e7a lateral, facilita a retirada do estojo de sua mochila ou mala. Voc\u00ea pode carreg\u00e1-lo ou pendur\u00e1-lo em sua mala.<\/p>\n<p><img fetchpriority=\"high\" decoding=\"async\" class=\"aligncenter\" src=\"https:\/\/www.sellersunionagent.com\/wp-content\/uploads\/2022\/05\/%E5%9B%BD%E9%99%85%E7%AB%99%E7%94%B5%E8%84%91%E5%8C%85%E6%89%8B%E6%8F%90_021.png\" alt=\"Atacado \" width=\"750\" height=\"258\" \/><\/p>\n<p><img decoding=\"async\" class=\"aligncenter wp-image-6248\" src=\"https:\/\/www.sellersunionagent.com\/wp-content\/uploads\/2022\/05\/laptop-carrying-case-3.jpg\" alt=\"Atacado \" width=\"600\" height=\"600\" \/><\/p>\n<p><img decoding=\"async\" class=\"aligncenter wp-image-6240\" src=\"https:\/\/www.sellersunionagent.com\/wp-content\/uploads\/2022\/05\/laptop-bag-2.jpg\" alt=\"Atacado \" width=\"600\" height=\"600\" \/><img loading=\"lazy\" decoding=\"async\" class=\"aligncenter wp-image-6242\" src=\"https:\/\/www.sellersunionagent.com\/wp-content\/uploads\/2022\/05\/laptop-carrying-case-9.jpg\" alt=\"Atacado \" width=\"600\" height=\"600\" \/><img loading=\"lazy\" decoding=\"async\" class=\"aligncenter wp-image-6245\" src=\"https:\/\/www.sellersunionagent.com\/wp-content\/uploads\/2022\/05\/laptop-carrying-case-6.jpg\" alt=\"Atacado \" width=\"600\" height=\"687\" \/><img loading=\"lazy\" decoding=\"async\" class=\"aligncenter wp-image-6246\" src=\"https:\/\/www.sellersunionagent.com\/wp-content\/uploads\/2022\/05\/laptop-carrying-case-5.jpg\" alt=\"Atacado \" width=\"600\" height=\"702\" \/><\/p>","protected":false},"excerpt":{"rendered":"<p><strong>MOQ<\/strong>:  100 pe\u00e7as<br \/>\n<strong>Amostra gr\u00e1tis<\/strong>:  Com suporte<br \/>\n<strong>Personaliza\u00e7\u00e3o<\/strong>: logotipo \/ cor \/ materiais \/ embalagem etc.<br \/>\n<strong>Desconto<\/strong>:  Primeiros pedidos a partir de 10% de desconto.<br \/>\n<strong>Taxa de entrega no prazo<\/strong>:\u00a0 100%<br \/>\n<strong>Total de remessas<\/strong>:  10000 pe\u00e7as<br \/>\n<strong>Remessa<\/strong>: Suporte expresso - frete mar\u00edtimo - frete terrestre<\/p>\n<p>Desde 1997, iniciamos nossos neg\u00f3cios. Mantemos uma sensibilidade de mercado extremamente alta para as diversas commodities. Somos especializados em itens de armazenamento no atacado, fazemos OEM, ODM e fornecemos um servi\u00e7o completo de compras em um s\u00f3 lugar. Temos o prazer de lhe oferecer os produtos mais populares para ajud\u00e1-lo a expandir seus neg\u00f3cios.<\/p>","protected":false},"featured_media":6238,"comment_status":"open","ping_status":"closed","template":"","meta":{"_acf_changed":false},"product_brand":[],"product_cat":[32],"product_tag":[51,50],"class_list":{"0":"post-6237","1":"product","2":"type-product","3":"status-publish","4":"has-post-thumbnail","6":"product_cat-digital-bag","7":"product_tag-computer-accessories","8":"product_tag-wholesale","10":"first","11":"instock","12":"shipping-taxable","13":"purchasable","14":"product-type-simple","15":"swiper-slide"},"acf":[],"_links":{"self":[{"href":"https:\/\/www.sellersunionagent.com\/pt\/wp-json\/wp\/v2\/product\/6237","targetHints":{"allow":["GET"]}}],"collection":[{"href":"https:\/\/www.sellersunionagent.com\/pt\/wp-json\/wp\/v2\/product"}],"about":[{"href":"https:\/\/www.sellersunionagent.com\/pt\/wp-json\/wp\/v2\/types\/product"}],"replies":[{"embeddable":true,"href":"https:\/\/www.sellersunionagent.com\/pt\/wp-json\/wp\/v2\/comments?post=6237"}],"wp:featuredmedia":[{"embeddable":true,"href":"https:\/\/www.sellersunionagent.com\/pt\/wp-json\/wp\/v2\/media\/6238"}],"wp:attachment":[{"href":"https:\/\/www.sellersunionagent.com\/pt\/wp-json\/wp\/v2\/media?parent=6237"}],"wp:term":[{"taxonomy":"product_brand","embeddable":true,"href":"https:\/\/www.sellersunionagent.com\/pt\/wp-json\/wp\/v2\/product_brand?post=6237"},{"taxonomy":"product_cat","embeddable":true,"href":"https:\/\/www.sellersunionagent.com\/pt\/wp-json\/wp\/v2\/product_cat?post=6237"},{"taxonomy":"product_tag","embeddable":true,"href":"https:\/\/www.sellersunionagent.com\/pt\/wp-json\/wp\/v2\/product_tag?post=6237"}],"curies":[{"name":"wp","href":"https:\/\/api.w.org\/{rel}","templated":true}]}}