{"id":6219,"date":"2022-05-31T16:33:53","date_gmt":"2022-05-31T08:33:53","guid":{"rendered":"https:\/\/sellersunionagent.com\/?post_type=product&#038;p=6219"},"modified":"2022-06-25T14:13:37","modified_gmt":"2022-06-25T06:13:37","slug":"bolsa-de-jantar-impressa-oem-para-mulheres-homens-e-criancas","status":"publish","type":"product","link":"https:\/\/www.sellersunionagent.com\/pt\/oem-printed-dinner-bag-for-women-men-kids\/","title":{"rendered":"Bolsa de almo\u00e7o impressa OEM para mulheres, homens e crian\u00e7as"},"content":{"rendered":"<h2>Bolsa de almo\u00e7o impressa OEM para mulheres, homens e crian\u00e7as<\/h2>\n<p>Material seguro: Feito com tecido Oxford de alta qualidade. O forro interno foi feito de folha de alum\u00ednio para alimentos e acolchoado com espuma EPE de 5 mm para oferecer grande resist\u00eancia t\u00e9rmica e f\u00e1cil limpeza. O forro isolado pode manter os alimentos e as bebidas quentes ou frios.<\/p>\n<p>&nbsp;<\/p>\n<p>Simples e elegante: A cor preta cl\u00e1ssica e a apar\u00eancia simples s\u00e3o adequadas para mulheres, homens e crian\u00e7as, f\u00e1ceis de abrir e fechar com z\u00edper e design de al\u00e7a mais larga. Muitas impress\u00f5es podem ser escolhidas, a personaliza\u00e7\u00e3o OEM \u00e9 bem-vinda.<\/p>\n<p>&nbsp;<\/p>\n<p>Dobr\u00e1vel e port\u00e1til: Design aberto com z\u00edperes duplos para facilitar o acesso e essa lancheira isolada pode ser transportada t\u00e3o facilmente quanto um livro quando dobrada. Apar\u00eancia cl\u00e1ssica e simples com uma al\u00e7a acolchoada e uma al\u00e7a de ombro destac\u00e1vel e ajust\u00e1vel que pode ser carregada em dois modos: bolsa de ombro e bolsa de m\u00e3o.<img fetchpriority=\"high\" decoding=\"async\" class=\"aligncenter wp-image-6221\" src=\"https:\/\/www.sellersunionagent.com\/wp-content\/uploads\/2022\/05\/oem-printed-lunch-bag-15.jpg\" alt=\"OEM\" width=\"600\" height=\"600\" \/><img decoding=\"async\" class=\"aligncenter wp-image-6222\" src=\"https:\/\/www.sellersunionagent.com\/wp-content\/uploads\/2022\/05\/oem-printed-lunch-bag-14.jpg\" alt=\"OEM\" width=\"600\" height=\"687\" \/><img decoding=\"async\" class=\"aligncenter wp-image-6224\" src=\"https:\/\/www.sellersunionagent.com\/wp-content\/uploads\/2022\/05\/oem-printed-lunch-bag-12.png\" alt=\"OEM\" width=\"600\" height=\"510\" \/><img loading=\"lazy\" decoding=\"async\" class=\"aligncenter wp-image-6225\" src=\"https:\/\/www.sellersunionagent.com\/wp-content\/uploads\/2022\/05\/oem-printed-lunch-bag-11.jpg\" alt=\"OEM\" width=\"600\" height=\"671\" \/><img loading=\"lazy\" decoding=\"async\" class=\"aligncenter wp-image-6226\" src=\"https:\/\/www.sellersunionagent.com\/wp-content\/uploads\/2022\/05\/oem-printed-lunch-bag-10.jpg\" alt=\"OEM\" width=\"600\" height=\"491\" \/><img loading=\"lazy\" decoding=\"async\" class=\"aligncenter wp-image-6223\" src=\"https:\/\/www.sellersunionagent.com\/wp-content\/uploads\/2022\/05\/oem-printed-lunch-bag-13.jpg\" alt=\"OEM\" width=\"600\" height=\"862\" \/><\/p>","protected":false},"excerpt":{"rendered":"<p><strong>Tipo<\/strong>: Bolsa para lanche<\/p>\n<p><strong>Tamanho do item<\/strong>: 25*16,5*34cm\/ 25*16,5*21cm<\/p>\n<p><strong>Peso do item<\/strong>: 230g\/ 165g<br \/>\n<strong>Capacidade de fornecimento<\/strong>: 50000 pe\u00e7as\/pe\u00e7as por m\u00eas<br \/>\n<strong>MOQ<\/strong>: 50pcs<\/p>\n<p>Desde 1997, iniciamos nossos neg\u00f3cios. Mantemos uma sensibilidade de mercado extremamente alta para as diversas commodities. Somos especializados em itens de armazenamento no atacado, fazemos OEM, ODM e fornecemos um servi\u00e7o completo de compras em um s\u00f3 lugar. Temos o prazer de lhe oferecer os produtos mais populares para ajud\u00e1-lo a expandir seus neg\u00f3cios.<\/p>","protected":false},"featured_media":6236,"comment_status":"open","ping_status":"closed","template":"","meta":{"_acf_changed":false},"product_brand":[],"product_cat":[28],"product_tag":[45,46],"class_list":{"0":"post-6219","1":"product","2":"type-product","3":"status-publish","4":"has-post-thumbnail","6":"product_cat-lunch-bag","7":"product_tag-cooler-bag","8":"product_tag-customization","10":"first","11":"instock","12":"shipping-taxable","13":"product-type-simple","14":"swiper-slide"},"acf":[],"_links":{"self":[{"href":"https:\/\/www.sellersunionagent.com\/pt\/wp-json\/wp\/v2\/product\/6219","targetHints":{"allow":["GET"]}}],"collection":[{"href":"https:\/\/www.sellersunionagent.com\/pt\/wp-json\/wp\/v2\/product"}],"about":[{"href":"https:\/\/www.sellersunionagent.com\/pt\/wp-json\/wp\/v2\/types\/product"}],"replies":[{"embeddable":true,"href":"https:\/\/www.sellersunionagent.com\/pt\/wp-json\/wp\/v2\/comments?post=6219"}],"wp:featuredmedia":[{"embeddable":true,"href":"https:\/\/www.sellersunionagent.com\/pt\/wp-json\/wp\/v2\/media\/6236"}],"wp:attachment":[{"href":"https:\/\/www.sellersunionagent.com\/pt\/wp-json\/wp\/v2\/media?parent=6219"}],"wp:term":[{"taxonomy":"product_brand","embeddable":true,"href":"https:\/\/www.sellersunionagent.com\/pt\/wp-json\/wp\/v2\/product_brand?post=6219"},{"taxonomy":"product_cat","embeddable":true,"href":"https:\/\/www.sellersunionagent.com\/pt\/wp-json\/wp\/v2\/product_cat?post=6219"},{"taxonomy":"product_tag","embeddable":true,"href":"https:\/\/www.sellersunionagent.com\/pt\/wp-json\/wp\/v2\/product_tag?post=6219"}],"curies":[{"name":"wp","href":"https:\/\/api.w.org\/{rel}","templated":true}]}}