{"id":6187,"date":"2022-05-31T14:48:42","date_gmt":"2022-05-31T06:48:42","guid":{"rendered":"https:\/\/sellersunionagent.com\/?post_type=product&#038;p=6187"},"modified":"2026-01-06T14:29:51","modified_gmt":"2026-01-06T06:29:51","slug":"sacola-de-jantar-de-fabricas-cooperativas-rigorosamente-selecionadas-da-china","status":"publish","type":"product","link":"https:\/\/www.sellersunionagent.com\/pt\/dinner-bag-from-china-strictly-selected-cooperative-factories\/","title":{"rendered":"Bolsa t\u00e9rmica de f\u00e1bricas cooperativas estritamente selecionadas da China"},"content":{"rendered":"<h2>Bolsa t\u00e9rmica de f\u00e1bricas cooperativas estritamente selecionadas da China<\/h2>\n<p><strong>Tipo<\/strong>: Bolsa t\u00e9rmica<\/p>\n<p><strong>Tamanho do item<\/strong>: 66,5*66,5 cm (aberto)\/ 18*18*24 cm (dobrado)<\/p>\n<p><strong>Peso do item<\/strong>: 260g<br \/>\n<strong>Capacidade de fornecimento<\/strong>: 50000 pe\u00e7as\/pe\u00e7as por m\u00eas<br \/>\n<strong>MOQ<\/strong>: 100pcs<\/p>\n<p>&nbsp;<\/p>\n<p>&nbsp;<\/p>\n<p>Mant\u00e9m os alimentos quentes e frescos: Esse item \u00e9 proveniente de f\u00e1bricas cooperativas estritamente selecionadas conosco. O revestimento interno foi feito de folha de alum\u00ednio para alimentos e acolchoado com espuma EPE de 5 mm para oferecer grande resist\u00eancia t\u00e9rmica e f\u00e1cil limpeza. O revestimento isolado pode manter os alimentos e as bebidas quentes e frescos por horas e evitar que o l\u00edquido saia do recipiente. Tamb\u00e9m \u00e9 \u00f3timo para manter a temperatura de uma bolsa de gelo ou de uma bebida gelada no carro ou na academia.<\/p>\n<p>&nbsp;<\/p>\n<p>&nbsp;<\/p>\n<p>Grande capacidade: A bolsa tem um tamanho conveniente para levar sua comida para a escola, trabalho e viagens. Sua capacidade \u00e9 de 9L, o suficiente para armazenar 9 latas de Coca-Cola (330 ml), 8 garrafas de cerveja ou 3 caixas de refei\u00e7\u00e3o com algumas frutas e lanches.<\/p>\n<p>&nbsp;<\/p>\n<p>&nbsp;<\/p>\n<p>Dobr\u00e1vel e port\u00e1til: Design aberto com z\u00edperes duplos para facilitar o acesso e essa lancheira isolada pode ser transportada t\u00e3o facilmente quanto um livro quando dobrada. Apar\u00eancia cl\u00e1ssica e simples, com uma al\u00e7a acolchoada e uma al\u00e7a de ombro destac\u00e1vel e ajust\u00e1vel que pode ser carregada em dois modos: bolsa de ombro e bolsa de m\u00e3o.<\/p>\n<p><img fetchpriority=\"high\" decoding=\"async\" class=\"aligncenter wp-image-6191\" src=\"https:\/\/www.sellersunionagent.com\/wp-content\/uploads\/2022\/05\/cooler-bag-from-china-9.jpg\" alt=\"F\u00e1bricas cooperativas estritamente selecionadas\" width=\"600\" height=\"633\" \/><img decoding=\"async\" class=\"aligncenter wp-image-6192\" src=\"https:\/\/www.sellersunionagent.com\/wp-content\/uploads\/2022\/05\/cooler-bag-from-china-8.jpg\" alt=\"F\u00e1bricas cooperativas estritamente selecionadas\" width=\"600\" height=\"336\" \/><img decoding=\"async\" class=\"aligncenter wp-image-6194\" src=\"https:\/\/www.sellersunionagent.com\/wp-content\/uploads\/2022\/05\/cooler-bag-from-china-7.jpg\" alt=\"F\u00e1bricas cooperativas estritamente selecionadas\" width=\"600\" height=\"1044\" \/><img loading=\"lazy\" decoding=\"async\" class=\"aligncenter wp-image-6195\" src=\"https:\/\/www.sellersunionagent.com\/wp-content\/uploads\/2022\/05\/cooler-bag-from-china-6.jpg\" alt=\"F\u00e1bricas cooperativas estritamente selecionadas\" width=\"600\" height=\"591\" \/><img loading=\"lazy\" decoding=\"async\" class=\"aligncenter wp-image-6196\" src=\"https:\/\/www.sellersunionagent.com\/wp-content\/uploads\/2022\/05\/cooler-bag-from-china-5.jpg\" alt=\"F\u00e1bricas cooperativas estritamente selecionadas\" width=\"600\" height=\"1086\" \/><img loading=\"lazy\" decoding=\"async\" class=\"aligncenter wp-image-6197\" src=\"https:\/\/www.sellersunionagent.com\/wp-content\/uploads\/2022\/05\/cooler-bag-from-china-4.jpg\" alt=\"F\u00e1bricas cooperativas estritamente selecionadas\" width=\"600\" height=\"1026\" \/><\/p>","protected":false},"excerpt":{"rendered":"<p><strong>MOQ<\/strong>: 100 ou Flex\u00edvel<\/p>\n<p><strong>Amostra gr\u00e1tis<\/strong>: Com suporte<\/p>\n<p><strong>Personaliza\u00e7\u00e3o<\/strong>: logotipo\/cor\/materiais\/embalagem<\/p>\n<p><strong>Desconto<\/strong>: 10% off em seu primeiro pedido<\/p>\n<p><strong>Taxa de entrega no prazo<\/strong>: 100%<\/p>\n<p><strong>Total de remessas<\/strong>: 105876 PCS<\/p>\n<p><strong>Remessa<\/strong>: Suporte expresso\/frete mar\u00edtimo\/frete terrestre<\/p>\n<p>&nbsp;<\/p>\n<p>&nbsp;<\/p>\n<p>Sempre mantemos f\u00e1bricas cooperativas rigorosamente selecionadas para fabricar produtos, e uma boa reputa\u00e7\u00e3o determina a alta qualidade e os altos padr\u00f5es de nossos produtos.<\/p>","protected":false},"featured_media":6199,"comment_status":"open","ping_status":"closed","template":"","meta":{"_acf_changed":false},"product_brand":[],"product_cat":[28],"product_tag":[49,44,48],"class_list":{"0":"post-6187","1":"product","2":"type-product","3":"status-publish","4":"has-post-thumbnail","6":"product_cat-lunch-bag","7":"product_tag-good-quality","8":"product_tag-hot-selling","9":"product_tag-large-capacity","11":"first","12":"instock","13":"shipping-taxable","14":"purchasable","15":"product-type-simple","16":"swiper-slide"},"acf":[],"_links":{"self":[{"href":"https:\/\/www.sellersunionagent.com\/pt\/wp-json\/wp\/v2\/product\/6187","targetHints":{"allow":["GET"]}}],"collection":[{"href":"https:\/\/www.sellersunionagent.com\/pt\/wp-json\/wp\/v2\/product"}],"about":[{"href":"https:\/\/www.sellersunionagent.com\/pt\/wp-json\/wp\/v2\/types\/product"}],"replies":[{"embeddable":true,"href":"https:\/\/www.sellersunionagent.com\/pt\/wp-json\/wp\/v2\/comments?post=6187"}],"wp:featuredmedia":[{"embeddable":true,"href":"https:\/\/www.sellersunionagent.com\/pt\/wp-json\/wp\/v2\/media\/6199"}],"wp:attachment":[{"href":"https:\/\/www.sellersunionagent.com\/pt\/wp-json\/wp\/v2\/media?parent=6187"}],"wp:term":[{"taxonomy":"product_brand","embeddable":true,"href":"https:\/\/www.sellersunionagent.com\/pt\/wp-json\/wp\/v2\/product_brand?post=6187"},{"taxonomy":"product_cat","embeddable":true,"href":"https:\/\/www.sellersunionagent.com\/pt\/wp-json\/wp\/v2\/product_cat?post=6187"},{"taxonomy":"product_tag","embeddable":true,"href":"https:\/\/www.sellersunionagent.com\/pt\/wp-json\/wp\/v2\/product_tag?post=6187"}],"curies":[{"name":"wp","href":"https:\/\/api.w.org\/{rel}","templated":true}]}}